{"id":3044,"date":"2024-10-02T13:11:12","date_gmt":"2024-10-02T13:11:12","guid":{"rendered":"https:\/\/chemicalstore.ee\/toode\/varviparandus-pliiats-fluid-writer-pen-medium-chemical-guys\/"},"modified":"2024-10-02T13:11:16","modified_gmt":"2024-10-02T13:11:16","slug":"varviparandus-pliiats-fluid-writer-pen-medium-chemical-guys","status":"publish","type":"product","link":"https:\/\/chemicalstore.ee\/ru\/toode\/varviparandus-pliiats-fluid-writer-pen-medium-chemical-guys\/","title":{"rendered":"V\u00e4rviparandus pliiats, Fluid Writer Pen Medium &#8211; Chemical Guys"},"content":{"rendered":"<p>Chemical Guys Fluid Writer Pen Medium on t\u00e4pseks punktmaalimiseks m\u00f5eldud korrektsioonipliiats.Kuldpliiats on nutikas viis kivil\u00f6\u00f6kidest ja v\u00e4rvimist n\u00f5udvatest kriimustustest tekkinud v\u00e4rvipinna defektide parandamiseks.Pliiats sobib k\u00f5ige paremini tasasel pinnal, kuid sellega saab parandada ka n\u00e4iteks auto k\u00fclgedel olevaid vigu. Toode sobib autohoolduse entusiastidele kuni professionaalidele. Toode vajab kaaslaseks toonitud v\u00e4rvi. Otsa paksus 0,5 mm.<\/p>\n","protected":false},"excerpt":{"rendered":"<p>Chemical GuysLihtne isetegemislahendus v\u00e4rvimist vajavate kivit\u00e4kke ja kriimustuste parandamiseks!<\/p>\n","protected":false},"featured_media":3045,"comment_status":"closed","ping_status":"open","template":"","meta":{"_monsterinsights_skip_tracking":false,"_monsterinsights_sitenote_active":false,"_monsterinsights_sitenote_note":"","_monsterinsights_sitenote_category":0},"product_brand":[],"product_cat":[46],"product_tag":[],"class_list":{"0":"post-3044","1":"product","2":"type-product","3":"status-publish","4":"has-post-thumbnail","6":"product_cat-autohooldus-muu","7":"pa_brand-chemical-guys","8":"pa_kasutusotstarve-varvi-ja-kivitakkete-parandus","9":"pa_moodud-otsa-paksus-05-mm","10":"pa_uhiku-hind-35-90e-tk","12":"first","13":"onbackorder","14":"taxable","15":"shipping-taxable","16":"purchasable","17":"product-type-simple"},"_links":{"self":[{"href":"https:\/\/chemicalstore.ee\/ru\/wp-json\/wp\/v2\/product\/3044","targetHints":{"allow":["GET"]}}],"collection":[{"href":"https:\/\/chemicalstore.ee\/ru\/wp-json\/wp\/v2\/product"}],"about":[{"href":"https:\/\/chemicalstore.ee\/ru\/wp-json\/wp\/v2\/types\/product"}],"replies":[{"embeddable":true,"href":"https:\/\/chemicalstore.ee\/ru\/wp-json\/wp\/v2\/comments?post=3044"}],"wp:featuredmedia":[{"embeddable":true,"href":"https:\/\/chemicalstore.ee\/ru\/wp-json\/wp\/v2\/media\/3045"}],"wp:attachment":[{"href":"https:\/\/chemicalstore.ee\/ru\/wp-json\/wp\/v2\/media?parent=3044"}],"wp:term":[{"taxonomy":"product_brand","embeddable":true,"href":"https:\/\/chemicalstore.ee\/ru\/wp-json\/wp\/v2\/product_brand?post=3044"},{"taxonomy":"product_cat","embeddable":true,"href":"https:\/\/chemicalstore.ee\/ru\/wp-json\/wp\/v2\/product_cat?post=3044"},{"taxonomy":"product_tag","embeddable":true,"href":"https:\/\/chemicalstore.ee\/ru\/wp-json\/wp\/v2\/product_tag?post=3044"}],"curies":[{"name":"wp","href":"https:\/\/api.w.org\/{rel}","templated":true}]}}