{"id":3037,"date":"2024-10-02T13:11:12","date_gmt":"2024-10-02T13:11:12","guid":{"rendered":"https:\/\/chemicalstore.ee\/toode\/varvipinna-kontrollimislamp-ultra-bright-150-lm-chemical-guys\/"},"modified":"2024-10-02T13:11:15","modified_gmt":"2024-10-02T13:11:15","slug":"varvipinna-kontrollimislamp-ultra-bright-150-lm-chemical-guys","status":"publish","type":"product","link":"https:\/\/chemicalstore.ee\/ru\/toode\/varvipinna-kontrollimislamp-ultra-bright-150-lm-chemical-guys\/","title":{"rendered":"V\u00e4rvipinna kontrollimislamp, Ultra Bright, 150 lm &#8211; Chemical Guys"},"content":{"rendered":"<p>Chemical Guys Ultra Bright on akutoitel v\u00e4rvipinna kontrolltuli. Valguse abil on m\u00e4rgata kriimustusi ja keerisesid, mis muidu palja silmaga m\u00e4rkamatuks j\u00e4\u00e4ksid. Seda kasutatakse eriti seoses mehaanilise poleerimisega, kuid see toimib nutikalt ka n\u00e4iteks sisemuse puhastamisel. Lambi valgusallikaks on LED-riba, mille valgusv\u00f5imsus on 150 luumenit. Lisaks LED-ribale on lambi otsas LED pirn. Lambi tekitatud lai valgusmuster on mugav suurtel pindadel t\u00f6\u00f6tamisel. T\u00e4nu oma kompaktsele suurusele saab lampi h\u00f5lpsasti kaasas kanda n\u00e4iteks taskus.<\/p>\n","protected":false},"excerpt":{"rendered":"<p>Chemical GuysAkutoitel v\u00e4rvipinna kontrolllamp v\u00e4rvipinna defektide kontrollimiseks. Mugava suurusega &#8220;taskumudel&#8221; ja lihtne kasutada.<\/p>\n","protected":false},"featured_media":3038,"comment_status":"closed","ping_status":"open","template":"","meta":{"_monsterinsights_skip_tracking":false,"_monsterinsights_sitenote_active":false,"_monsterinsights_sitenote_note":"","_monsterinsights_sitenote_category":0},"product_brand":[],"product_cat":[46],"product_tag":[],"class_list":{"0":"post-3037","1":"product","2":"type-product","3":"status-publish","4":"has-post-thumbnail","6":"product_cat-autohooldus-muu","7":"pa_brand-chemical-guys","8":"pa_kasutusotstarve-varvipinna-defektide-kontrollimiseks","9":"pa_uhiku-hind-35-90e-tk","10":"pa_voimsus-150lm","12":"first","13":"onbackorder","14":"taxable","15":"shipping-taxable","16":"purchasable","17":"product-type-simple"},"_links":{"self":[{"href":"https:\/\/chemicalstore.ee\/ru\/wp-json\/wp\/v2\/product\/3037","targetHints":{"allow":["GET"]}}],"collection":[{"href":"https:\/\/chemicalstore.ee\/ru\/wp-json\/wp\/v2\/product"}],"about":[{"href":"https:\/\/chemicalstore.ee\/ru\/wp-json\/wp\/v2\/types\/product"}],"replies":[{"embeddable":true,"href":"https:\/\/chemicalstore.ee\/ru\/wp-json\/wp\/v2\/comments?post=3037"}],"wp:featuredmedia":[{"embeddable":true,"href":"https:\/\/chemicalstore.ee\/ru\/wp-json\/wp\/v2\/media\/3038"}],"wp:attachment":[{"href":"https:\/\/chemicalstore.ee\/ru\/wp-json\/wp\/v2\/media?parent=3037"}],"wp:term":[{"taxonomy":"product_brand","embeddable":true,"href":"https:\/\/chemicalstore.ee\/ru\/wp-json\/wp\/v2\/product_brand?post=3037"},{"taxonomy":"product_cat","embeddable":true,"href":"https:\/\/chemicalstore.ee\/ru\/wp-json\/wp\/v2\/product_cat?post=3037"},{"taxonomy":"product_tag","embeddable":true,"href":"https:\/\/chemicalstore.ee\/ru\/wp-json\/wp\/v2\/product_tag?post=3037"}],"curies":[{"name":"wp","href":"https:\/\/api.w.org\/{rel}","templated":true}]}}