{"id":3034,"date":"2024-10-02T13:11:12","date_gmt":"2024-10-02T13:11:12","guid":{"rendered":"https:\/\/chemicalstore.ee\/toode\/autotulede-poleerimispasta-headlight-restorer-and-protectant-473ml\/"},"modified":"2026-01-01T09:31:11","modified_gmt":"2026-01-01T09:31:11","slug":"autotulede-poleerimispasta-headlight-restorer-and-protectant-473ml","status":"publish","type":"product","link":"https:\/\/chemicalstore.ee\/ru\/toode\/autotulede-poleerimispasta-headlight-restorer-and-protectant-473ml\/","title":{"rendered":"Autotulede poleerimispasta, Headlight Restorer and Protectant &#8211; 473ml"},"content":{"rendered":"<p>Chemical Guys Headlight Restore and Protectant on poleerimisvahend, mis on m\u00f5eldud kulunud plastikust esitulede katete taastamiseks ja kaitsmiseks. See eemaldab pinnalt v\u00e4ikesed kriimud, oks\u00fcdatsiooni ja kollasuse ning taastab nende kristalse l\u00e4ike. Lisaks loob aine pinnale vastupidava kaitse, mis takistab nt. kleepub mustuse k\u00fclge, muutes puhastamise lihtsamaks. Lisaks blokeerib see UV-kiirgust ja hoiab seega \u00e4ra selle kahjustuste tekitamise ning pinna rabedaks muutmise ja pleekimise. Ainet on v\u00e4ga lihtne kasutada ning see toimib nii k\u00e4sitsi (mikrokiudlapiga v\u00f5i mikrokiudlaoturiga) kui ka masinaga kasutades. Isegi k\u00e4sitsi saab pinda tunduvalt heledamaks muuta ja loomulikult v\u00e4liste elementide eest kaitsta, kuid parima tulemuse saab poleerimismasina v\u00f5i nt puuri ja sellele kinnitatud jalaga t\u00f6\u00f6tades. Puhtad ja eredad esituled aitavad kaasa ohutusele liikluses ning muudavad s\u00f5idu oluliselt meeldivamaks.<\/p>\n","protected":false},"excerpt":{"rendered":"<p>Chemical GuysAutotulede Poleerimispasta<\/p>\n","protected":false},"featured_media":3035,"comment_status":"closed","ping_status":"open","template":"","meta":{"_monsterinsights_skip_tracking":false,"_monsterinsights_sitenote_active":false,"_monsterinsights_sitenote_note":"","_monsterinsights_sitenote_category":0},"product_brand":[],"product_cat":[86],"product_tag":[],"class_list":{"0":"post-3034","1":"product","2":"type-product","3":"status-publish","4":"has-post-thumbnail","6":"product_cat-poleerimine","7":"pa_brand-chemical-guys","8":"pa_kasutusotstarve-esitulede-poleerimine-ja-kaitse","9":"pa_sobivus-tootab-nii-mikrokiud-lappi-kui-ka-masinat-kasutades","10":"pa_uhiku-hind-63-21e-l","12":"first","13":"onbackorder","14":"taxable","15":"shipping-taxable","16":"purchasable","17":"product-type-simple"},"_links":{"self":[{"href":"https:\/\/chemicalstore.ee\/ru\/wp-json\/wp\/v2\/product\/3034","targetHints":{"allow":["GET"]}}],"collection":[{"href":"https:\/\/chemicalstore.ee\/ru\/wp-json\/wp\/v2\/product"}],"about":[{"href":"https:\/\/chemicalstore.ee\/ru\/wp-json\/wp\/v2\/types\/product"}],"replies":[{"embeddable":true,"href":"https:\/\/chemicalstore.ee\/ru\/wp-json\/wp\/v2\/comments?post=3034"}],"wp:featuredmedia":[{"embeddable":true,"href":"https:\/\/chemicalstore.ee\/ru\/wp-json\/wp\/v2\/media\/3035"}],"wp:attachment":[{"href":"https:\/\/chemicalstore.ee\/ru\/wp-json\/wp\/v2\/media?parent=3034"}],"wp:term":[{"taxonomy":"product_brand","embeddable":true,"href":"https:\/\/chemicalstore.ee\/ru\/wp-json\/wp\/v2\/product_brand?post=3034"},{"taxonomy":"product_cat","embeddable":true,"href":"https:\/\/chemicalstore.ee\/ru\/wp-json\/wp\/v2\/product_cat?post=3034"},{"taxonomy":"product_tag","embeddable":true,"href":"https:\/\/chemicalstore.ee\/ru\/wp-json\/wp\/v2\/product_tag?post=3034"}],"curies":[{"name":"wp","href":"https:\/\/api.w.org\/{rel}","templated":true}]}}