{"id":3028,"date":"2024-10-02T13:11:12","date_gmt":"2024-10-02T13:11:12","guid":{"rendered":"https:\/\/chemicalstore.ee\/toode\/pesukinnasbear-claw-chemical-guys\/"},"modified":"2024-10-02T13:11:14","modified_gmt":"2024-10-02T13:11:14","slug":"pesukinnasbear-claw-chemical-guys","status":"publish","type":"product","link":"https:\/\/chemicalstore.ee\/ru\/toode\/pesukinnasbear-claw-chemical-guys\/","title":{"rendered":"Pesukinnas,Bear Claw &#8211; Chemical Guys"},"content":{"rendered":"<p>Chemical Guys Bear Claw on s\u00fcnteetilisest villast pesukinnas. Kindataoline struktuur muudab peeglite, \u00e4\u00e4riste jms \u00fcleulatuvate osade pesemise lihtsamaks. Suure imavusega ja \u00f5rn materjal sobib ka k\u00f5ige tundlikumate pindade pesemiseks. T\u00e4nu s\u00fcnteetilisele materjalile talub kinnas ka lahustipesu.<\/p>\n","protected":false},"excerpt":{"rendered":"<p>Chemical GuysS\u00fcnteetilisest villast kinnas v\u00e4rvipinna \u00f5rnaks pesemiseks. V\u00e4ga hea hinna ja kvaliteedi suhe. Me soovitame!<\/p>\n","protected":false},"featured_media":3029,"comment_status":"closed","ping_status":"open","template":"","meta":{"_monsterinsights_skip_tracking":false,"_monsterinsights_sitenote_active":false,"_monsterinsights_sitenote_note":"","_monsterinsights_sitenote_category":0},"product_brand":[],"product_cat":[35],"product_tag":[],"class_list":{"0":"post-3028","1":"product","2":"type-product","3":"status-publish","4":"has-post-thumbnail","6":"product_cat-puhastusvahendid-autohooldustooted","7":"pa_brand-chemical-guys","8":"pa_kasutusotstarve-soiduki-kindapesu","9":"pa_materjal-sunteetiline-vill","10":"pa_uhiku-hind-16-90e-tk","12":"first","13":"onbackorder","14":"taxable","15":"shipping-taxable","16":"purchasable","17":"product-type-simple"},"_links":{"self":[{"href":"https:\/\/chemicalstore.ee\/ru\/wp-json\/wp\/v2\/product\/3028","targetHints":{"allow":["GET"]}}],"collection":[{"href":"https:\/\/chemicalstore.ee\/ru\/wp-json\/wp\/v2\/product"}],"about":[{"href":"https:\/\/chemicalstore.ee\/ru\/wp-json\/wp\/v2\/types\/product"}],"replies":[{"embeddable":true,"href":"https:\/\/chemicalstore.ee\/ru\/wp-json\/wp\/v2\/comments?post=3028"}],"wp:featuredmedia":[{"embeddable":true,"href":"https:\/\/chemicalstore.ee\/ru\/wp-json\/wp\/v2\/media\/3029"}],"wp:attachment":[{"href":"https:\/\/chemicalstore.ee\/ru\/wp-json\/wp\/v2\/media?parent=3028"}],"wp:term":[{"taxonomy":"product_brand","embeddable":true,"href":"https:\/\/chemicalstore.ee\/ru\/wp-json\/wp\/v2\/product_brand?post=3028"},{"taxonomy":"product_cat","embeddable":true,"href":"https:\/\/chemicalstore.ee\/ru\/wp-json\/wp\/v2\/product_cat?post=3028"},{"taxonomy":"product_tag","embeddable":true,"href":"https:\/\/chemicalstore.ee\/ru\/wp-json\/wp\/v2\/product_tag?post=3028"}],"curies":[{"name":"wp","href":"https:\/\/api.w.org\/{rel}","templated":true}]}}