{"id":3025,"date":"2024-10-02T13:11:12","date_gmt":"2024-10-02T13:11:12","guid":{"rendered":"https:\/\/chemicalstore.ee\/toode\/autosampoonhoneydew-snow-foam-473ml\/"},"modified":"2024-10-02T13:11:13","modified_gmt":"2024-10-02T13:11:13","slug":"autosampoonhoneydew-snow-foam-473ml","status":"publish","type":"product","link":"https:\/\/chemicalstore.ee\/ru\/toode\/autosampoonhoneydew-snow-foam-473ml\/","title":{"rendered":"Auto\u0161ampoon,Honeydew Snow Foam &#8211; 473ml"},"content":{"rendered":"<p>Rikkalikult vahutav ja vahakindel \u0161ampoon, mis sobib nii vahustajaga kui ka kindapesuks. Lahjendage 15 ml 10 liitris vees. Vahustumine on veelgi suurem, kui \u0161ampooni doseerida 30 ml kuni 10 liitri veega. Vahustajat kasutades eellahjenda vahustaja pudelis ca 10% (1:9). Sisaldab veepehmendajaid, mis v\u00e4hendavad pinnale j\u00e4\u00e4vate tilkade kuivamist.<\/p>\n","protected":false},"excerpt":{"rendered":"<p>Chemical GuysK\u00f5ige vahusem \u0161ampoon!,eemaldab v\u00e4rvilt pori ja mustuse,sobib kasutamiseks nii \u00e4mbris kui vahup\u00fcstolis,pH neutraalne,lahjendamine: 30 ml (korgit\u00e4is) 15 liitri vee kohta<\/p>\n","protected":false},"featured_media":3026,"comment_status":"closed","ping_status":"open","template":"","meta":{"_monsterinsights_skip_tracking":false,"_monsterinsights_sitenote_active":false,"_monsterinsights_sitenote_note":"","_monsterinsights_sitenote_category":0},"product_brand":[],"product_cat":[35],"product_tag":[],"class_list":{"0":"post-3025","1":"product","2":"type-product","3":"status-publish","4":"has-post-thumbnail","6":"product_cat-puhastusvahendid-autohooldustooted","7":"pa_brand-chemical-guys","8":"pa_kasutusotstarve-autopesu-peale-eelpesu-auto-hoolduspesu","9":"pa_lahjendussuhe-15-30-ml-kumne-liitri-vee-kohta","10":"pa_uhiku-hind-33-62e-l","12":"first","13":"onbackorder","14":"taxable","15":"shipping-taxable","16":"purchasable","17":"product-type-simple"},"_links":{"self":[{"href":"https:\/\/chemicalstore.ee\/ru\/wp-json\/wp\/v2\/product\/3025","targetHints":{"allow":["GET"]}}],"collection":[{"href":"https:\/\/chemicalstore.ee\/ru\/wp-json\/wp\/v2\/product"}],"about":[{"href":"https:\/\/chemicalstore.ee\/ru\/wp-json\/wp\/v2\/types\/product"}],"replies":[{"embeddable":true,"href":"https:\/\/chemicalstore.ee\/ru\/wp-json\/wp\/v2\/comments?post=3025"}],"wp:featuredmedia":[{"embeddable":true,"href":"https:\/\/chemicalstore.ee\/ru\/wp-json\/wp\/v2\/media\/3026"}],"wp:attachment":[{"href":"https:\/\/chemicalstore.ee\/ru\/wp-json\/wp\/v2\/media?parent=3025"}],"wp:term":[{"taxonomy":"product_brand","embeddable":true,"href":"https:\/\/chemicalstore.ee\/ru\/wp-json\/wp\/v2\/product_brand?post=3025"},{"taxonomy":"product_cat","embeddable":true,"href":"https:\/\/chemicalstore.ee\/ru\/wp-json\/wp\/v2\/product_cat?post=3025"},{"taxonomy":"product_tag","embeddable":true,"href":"https:\/\/chemicalstore.ee\/ru\/wp-json\/wp\/v2\/product_tag?post=3025"}],"curies":[{"name":"wp","href":"https:\/\/api.w.org\/{rel}","templated":true}]}}