{"id":3022,"date":"2024-10-02T13:10:57","date_gmt":"2024-10-02T13:10:57","guid":{"rendered":"https:\/\/chemicalstore.ee\/toode\/rasva-eemaldusaineorange-degreaser-473ml\/"},"modified":"2026-04-08T20:48:35","modified_gmt":"2026-04-08T20:48:35","slug":"rasva-eemaldusaineorange-degreaser-473ml","status":"publish","type":"product","link":"https:\/\/chemicalstore.ee\/ru\/toode\/rasva-eemaldusaineorange-degreaser-473ml\/","title":{"rendered":"Rasva eemaldusaine,Orange Degreaser &#8211; 473ml"},"content":{"rendered":"<p>Chemical Guys Orange Degreaser on rasvaeemaldusvahend, mis on spetsiaalselt loodud tugeva mustuse eemaldamiseks. Aine tuleb lahjendada ning tootja soovitab seda lahjendada 1:6-1:40 olenevalt m\u00e4\u00e4rdumisest ja kasutuseesm\u00e4rgist. Orange Degreaser on spetsiaalselt v\u00e4lja t\u00f6\u00f6tatud mootoriruumi, t\u00f6\u00f6riistade, rehvide, velgede ja p\u00f5hja pesemiseks.<\/p>\n","protected":false},"excerpt":{"rendered":"<p>Chemical GuysT\u00f5hus, lahjendatav rasvaeemaldusvahend tugeva mustuse eemaldamiseks. M\u00f5eldud nt mootoriruumile, velgedele jne.<\/p>\n","protected":false},"featured_media":3023,"comment_status":"closed","ping_status":"open","template":"","meta":{"_monsterinsights_skip_tracking":false,"_monsterinsights_sitenote_active":false,"_monsterinsights_sitenote_note":"","_monsterinsights_sitenote_category":0},"product_brand":[],"product_cat":[35],"product_tag":[],"class_list":{"0":"post-3022","1":"product","2":"type-product","3":"status-publish","4":"has-post-thumbnail","6":"product_cat-puhastusvahendid-autohooldustooted","7":"pa_brand-chemical-guys","8":"pa_kasutusotstarve-tugeva-mustuse-ja-rasva-eemaldamine","9":"pa_lahjendussuhe-16-140","10":"pa_uhiku-hind-33-62e-l","12":"first","13":"onbackorder","14":"taxable","15":"shipping-taxable","16":"purchasable","17":"product-type-simple"},"_links":{"self":[{"href":"https:\/\/chemicalstore.ee\/ru\/wp-json\/wp\/v2\/product\/3022","targetHints":{"allow":["GET"]}}],"collection":[{"href":"https:\/\/chemicalstore.ee\/ru\/wp-json\/wp\/v2\/product"}],"about":[{"href":"https:\/\/chemicalstore.ee\/ru\/wp-json\/wp\/v2\/types\/product"}],"replies":[{"embeddable":true,"href":"https:\/\/chemicalstore.ee\/ru\/wp-json\/wp\/v2\/comments?post=3022"}],"wp:featuredmedia":[{"embeddable":true,"href":"https:\/\/chemicalstore.ee\/ru\/wp-json\/wp\/v2\/media\/3023"}],"wp:attachment":[{"href":"https:\/\/chemicalstore.ee\/ru\/wp-json\/wp\/v2\/media?parent=3022"}],"wp:term":[{"taxonomy":"product_brand","embeddable":true,"href":"https:\/\/chemicalstore.ee\/ru\/wp-json\/wp\/v2\/product_brand?post=3022"},{"taxonomy":"product_cat","embeddable":true,"href":"https:\/\/chemicalstore.ee\/ru\/wp-json\/wp\/v2\/product_cat?post=3022"},{"taxonomy":"product_tag","embeddable":true,"href":"https:\/\/chemicalstore.ee\/ru\/wp-json\/wp\/v2\/product_tag?post=3022"}],"curies":[{"name":"wp","href":"https:\/\/api.w.org\/{rel}","templated":true}]}}