{"id":3019,"date":"2024-10-02T13:10:57","date_gmt":"2024-10-02T13:10:57","guid":{"rendered":"https:\/\/chemicalstore.ee\/toode\/kummimattide-puhastus-kaitseainemat-renew-473ml\/"},"modified":"2026-03-14T22:16:46","modified_gmt":"2026-03-14T22:16:46","slug":"kummimattide-puhastus-kaitseainemat-renew-473ml","status":"publish","type":"product","link":"https:\/\/chemicalstore.ee\/ru\/toode\/kummimattide-puhastus-kaitseainemat-renew-473ml\/","title":{"rendered":"Kummimattide puhastus\/kaitseaine,Mat Renew &#8211; 473ml"},"content":{"rendered":"<p>Chemical Guys Mat Renew on kombineeritud puhastus- ja kaitsevahend auto kummimattide, pakiruumikatete ja muude kummist osade jaoks. See puhastab vaibad mustusest ja taastab nende esialgse tooni. Lisaks j\u00e4tab see pinnale kaitsekile, mis hoiab \u00e4ra pleekimise ja h\u00f5lbustab puhastamist. Mat Renew on t\u00e4iesti silikoonivaba ning see ei muuda pinda libedaks, kuid tunnetus j\u00e4\u00e4b originaalseks.<\/p>\n","protected":false},"excerpt":{"rendered":"<p>Chemical GuysPuhastus- ja kaitsevahend salongi kummimattide  jaoks. Ei muuda matte libedaks, kuid s\u00e4ilitab esialgse v\u00e4limuse .<\/p>\n","protected":false},"featured_media":3020,"comment_status":"closed","ping_status":"open","template":"","meta":{"_monsterinsights_skip_tracking":false,"_monsterinsights_sitenote_active":false,"_monsterinsights_sitenote_note":"","_monsterinsights_sitenote_category":0},"product_brand":[],"product_cat":[27],"product_tag":[],"class_list":{"0":"post-3019","1":"product","2":"type-product","3":"status-publish","4":"has-post-thumbnail","6":"product_cat-kaitseained","7":"pa_brand-chemical-guys","8":"pa_kasutusotstarve-auto-kummimattide-puhastus-ja-kaitse","9":"pa_omadused-puhastab-ja-jatab-samal-ajal-kaitsekile","10":"pa_uhiku-hind-35-73e-l","12":"first","13":"onbackorder","14":"taxable","15":"shipping-taxable","16":"purchasable","17":"product-type-simple"},"_links":{"self":[{"href":"https:\/\/chemicalstore.ee\/ru\/wp-json\/wp\/v2\/product\/3019","targetHints":{"allow":["GET"]}}],"collection":[{"href":"https:\/\/chemicalstore.ee\/ru\/wp-json\/wp\/v2\/product"}],"about":[{"href":"https:\/\/chemicalstore.ee\/ru\/wp-json\/wp\/v2\/types\/product"}],"replies":[{"embeddable":true,"href":"https:\/\/chemicalstore.ee\/ru\/wp-json\/wp\/v2\/comments?post=3019"}],"wp:featuredmedia":[{"embeddable":true,"href":"https:\/\/chemicalstore.ee\/ru\/wp-json\/wp\/v2\/media\/3020"}],"wp:attachment":[{"href":"https:\/\/chemicalstore.ee\/ru\/wp-json\/wp\/v2\/media?parent=3019"}],"wp:term":[{"taxonomy":"product_brand","embeddable":true,"href":"https:\/\/chemicalstore.ee\/ru\/wp-json\/wp\/v2\/product_brand?post=3019"},{"taxonomy":"product_cat","embeddable":true,"href":"https:\/\/chemicalstore.ee\/ru\/wp-json\/wp\/v2\/product_cat?post=3019"},{"taxonomy":"product_tag","embeddable":true,"href":"https:\/\/chemicalstore.ee\/ru\/wp-json\/wp\/v2\/product_tag?post=3019"}],"curies":[{"name":"wp","href":"https:\/\/api.w.org\/{rel}","templated":true}]}}