{"id":3016,"date":"2024-10-02T13:10:57","date_gmt":"2024-10-02T13:10:57","guid":{"rendered":"https:\/\/chemicalstore.ee\/toode\/salongi-puhastus-kaitseaineinner-clean-473ml\/"},"modified":"2024-10-02T13:11:09","modified_gmt":"2024-10-02T13:11:09","slug":"salongi-puhastus-kaitseaineinner-clean-473ml","status":"publish","type":"product","link":"https:\/\/chemicalstore.ee\/ru\/toode\/salongi-puhastus-kaitseaineinner-clean-473ml\/","title":{"rendered":"Salongi puhastus\/kaitseaine,Inner Clean &#8211; 473ml"},"content":{"rendered":"<p>Chemical Guys Inner Clean on autosalongi jaoks m\u00f5eldud kiirdetailvahend, mis nii puhastab \u00f5rnalt t\u00f6\u00f6deldud pindu kui j\u00e4tab endast maha kaitse mustuse ja UV-kiirguse eest. Sobib armatuurlauale, uksepaneelidele, roolirattale ja muudele salongi plastik- ja vin\u00fc\u00fcldetailidele. Lisaks sobib see n\u00e4iteks raadio LCD-ekraanile.<\/p>\n","protected":false},"excerpt":{"rendered":"<p>Chemical GuysSuurep\u00e4rane interj\u00f6\u00f6ri puhastusaine, mis nii puhastab kui kaitseb t\u00f6\u00f6deldud pindu mustuse ja UV-kiirguse eest.<\/p>\n","protected":false},"featured_media":3017,"comment_status":"closed","ping_status":"open","template":"","meta":{"_monsterinsights_skip_tracking":false,"_monsterinsights_sitenote_active":false,"_monsterinsights_sitenote_note":"","_monsterinsights_sitenote_category":0},"product_brand":[],"product_cat":[27],"product_tag":[],"class_list":{"0":"post-3016","1":"product","2":"type-product","3":"status-publish","4":"has-post-thumbnail","6":"product_cat-kaitseained","7":"pa_brand-chemical-guys","8":"pa_kasutusotstarve-auto-sisemuse-puhastamine-ja-kaitse","9":"pa_omadused-jatab-maha-uv-kaitse","10":"pa_uhiku-hind-46-30e-l","12":"first","13":"onbackorder","14":"taxable","15":"shipping-taxable","16":"purchasable","17":"product-type-simple"},"_links":{"self":[{"href":"https:\/\/chemicalstore.ee\/ru\/wp-json\/wp\/v2\/product\/3016","targetHints":{"allow":["GET"]}}],"collection":[{"href":"https:\/\/chemicalstore.ee\/ru\/wp-json\/wp\/v2\/product"}],"about":[{"href":"https:\/\/chemicalstore.ee\/ru\/wp-json\/wp\/v2\/types\/product"}],"replies":[{"embeddable":true,"href":"https:\/\/chemicalstore.ee\/ru\/wp-json\/wp\/v2\/comments?post=3016"}],"wp:featuredmedia":[{"embeddable":true,"href":"https:\/\/chemicalstore.ee\/ru\/wp-json\/wp\/v2\/media\/3017"}],"wp:attachment":[{"href":"https:\/\/chemicalstore.ee\/ru\/wp-json\/wp\/v2\/media?parent=3016"}],"wp:term":[{"taxonomy":"product_brand","embeddable":true,"href":"https:\/\/chemicalstore.ee\/ru\/wp-json\/wp\/v2\/product_brand?post=3016"},{"taxonomy":"product_cat","embeddable":true,"href":"https:\/\/chemicalstore.ee\/ru\/wp-json\/wp\/v2\/product_cat?post=3016"},{"taxonomy":"product_tag","embeddable":true,"href":"https:\/\/chemicalstore.ee\/ru\/wp-json\/wp\/v2\/product_tag?post=3016"}],"curies":[{"name":"wp","href":"https:\/\/api.w.org\/{rel}","templated":true}]}}