{"id":3010,"date":"2024-10-02T13:10:57","date_gmt":"2024-10-02T13:10:57","guid":{"rendered":"https:\/\/chemicalstore.ee\/toode\/autovahajetseal-109-473ml\/"},"modified":"2024-11-07T18:31:04","modified_gmt":"2024-11-07T18:31:04","slug":"autovahajetseal-109-473ml","status":"publish","type":"product","link":"https:\/\/chemicalstore.ee\/ru\/toode\/autovahajetseal-109-473ml\/","title":{"rendered":"Autovaha,Jetseal 109 &#8211; 473ml"},"content":{"rendered":"<p>Chemical Guys Jetseal 109 on v\u00e4ga vastupidav vedel s\u00fcnteetiline vaha. Algselt t\u00f6\u00f6tati see v\u00e4lja lennundust\u00f6\u00f6stuses kasutamiseks k\u00f5ige n\u00f5udlikumate rakenduste jaoks. Unikaalne koostis kaitseb v\u00e4rvipinda UV-kiirguse, mustuse kogunemise ja korrosiooni eest, hoides teie armastatud s\u00f5iduki s\u00e4delevana. Sobib kasutamiseks ka paadis (nt geelcoat). Tootja lubab, et vaha kestab kuni 12 kuud, mis on vedela vaha jaoks \u00e4\u00e4rmiselt pikk. V\u00f5ib kasutada v\u00e4rvipindadel, klaasil, s\u00fcsinikkiul, metallil ja klaaskiust. Vaha pealekandmist saab teha k\u00e4sitsi v\u00f5i masinaga.<\/p>\n","protected":false},"excerpt":{"rendered":"<p>Chemical GuysLihtsalt kasutatav ja v\u00e4ga vastupidav vedel s\u00fcnteetiline vaha. Algselt v\u00e4lja t\u00f6\u00f6tatud lennut\u00f6\u00f6stuse jaoks. P\u00fcsib kuni 12 kuud!!<\/p>\n","protected":false},"featured_media":3011,"comment_status":"closed","ping_status":"open","template":"","meta":{"_monsterinsights_skip_tracking":false,"_monsterinsights_sitenote_active":false,"_monsterinsights_sitenote_note":"","_monsterinsights_sitenote_category":0},"product_brand":[],"product_cat":[27],"product_tag":[],"class_list":{"0":"post-3010","1":"product","2":"type-product","3":"status-publish","4":"has-post-thumbnail","6":"product_cat-kaitseained","7":"pa_brand-chemical-guys","8":"pa_kaitse-kaitseb-varvipinda-mustuse-uv-kiirguse-ja-korrosiooni-eest","9":"pa_kasutusotstarve-valispindade-kaitse-parast-pesemist","10":"pa_uhiku-hind-126-64e-l","12":"first","13":"onbackorder","14":"taxable","15":"shipping-taxable","16":"purchasable","17":"product-type-simple"},"_links":{"self":[{"href":"https:\/\/chemicalstore.ee\/ru\/wp-json\/wp\/v2\/product\/3010","targetHints":{"allow":["GET"]}}],"collection":[{"href":"https:\/\/chemicalstore.ee\/ru\/wp-json\/wp\/v2\/product"}],"about":[{"href":"https:\/\/chemicalstore.ee\/ru\/wp-json\/wp\/v2\/types\/product"}],"replies":[{"embeddable":true,"href":"https:\/\/chemicalstore.ee\/ru\/wp-json\/wp\/v2\/comments?post=3010"}],"wp:featuredmedia":[{"embeddable":true,"href":"https:\/\/chemicalstore.ee\/ru\/wp-json\/wp\/v2\/media\/3011"}],"wp:attachment":[{"href":"https:\/\/chemicalstore.ee\/ru\/wp-json\/wp\/v2\/media?parent=3010"}],"wp:term":[{"taxonomy":"product_brand","embeddable":true,"href":"https:\/\/chemicalstore.ee\/ru\/wp-json\/wp\/v2\/product_brand?post=3010"},{"taxonomy":"product_cat","embeddable":true,"href":"https:\/\/chemicalstore.ee\/ru\/wp-json\/wp\/v2\/product_cat?post=3010"},{"taxonomy":"product_tag","embeddable":true,"href":"https:\/\/chemicalstore.ee\/ru\/wp-json\/wp\/v2\/product_tag?post=3010"}],"curies":[{"name":"wp","href":"https:\/\/api.w.org\/{rel}","templated":true}]}}