{"id":3007,"date":"2024-10-02T13:10:57","date_gmt":"2024-10-02T13:10:57","guid":{"rendered":"https:\/\/chemicalstore.ee\/toode\/autosampoonglossworkz-473ml\/"},"modified":"2025-09-24T09:55:52","modified_gmt":"2025-09-24T09:55:52","slug":"autosampoonglossworkz-473ml","status":"publish","type":"product","link":"https:\/\/chemicalstore.ee\/ru\/toode\/autosampoonglossworkz-473ml\/","title":{"rendered":"Auto\u0161ampoon,Glossworkz &#8211; 473ml"},"content":{"rendered":"<p>Rikkalikult vahutav ja v\u00e4ga libe vaha\u0161ampoon. J\u00e4tab pesu k\u00e4igus pinnale oma vahakihi, mis r\u00f5hutab l\u00e4iget. Lahjendage 15 ml 10 liitris vees. V\u00e4ga libe koostis v\u00e4hendab pesemise ajal tekkivaid pesukriimustusi. Uuendatud versioon on veelgi t\u00f5husam ja libedam ning sisaldab veelgi rohkem s\u00e4ra suurendavaid koostisosi.<\/p>\n","protected":false},"excerpt":{"rendered":"<p>Chemical GuysRikkalikult vahutav ja v\u00e4ga libe vaha\u0161ampoon. J\u00e4tab pinnale oma, l\u00e4iget suurendava vahakihi. Lahjendus 15 ml \/ 10 l vett.<\/p>\n","protected":false},"featured_media":3008,"comment_status":"closed","ping_status":"open","template":"","meta":{"_monsterinsights_skip_tracking":false,"_monsterinsights_sitenote_active":false,"_monsterinsights_sitenote_note":"","_monsterinsights_sitenote_category":0},"product_brand":[],"product_cat":[35],"product_tag":[],"class_list":{"0":"post-3007","1":"product","2":"type-product","3":"status-publish","4":"has-post-thumbnail","6":"product_cat-puhastusvahendid-autohooldustooted","7":"pa_brand-chemical-guys","8":"pa_kasutusotstarve-autopesu-peale-eelpesu","9":"pa_lahjendussuhe-15-ml-kuni-kumme-liitrit-vett","10":"pa_uhiku-hind-44-19e-l","12":"first","13":"onbackorder","14":"taxable","15":"shipping-taxable","16":"purchasable","17":"product-type-simple"},"_links":{"self":[{"href":"https:\/\/chemicalstore.ee\/ru\/wp-json\/wp\/v2\/product\/3007","targetHints":{"allow":["GET"]}}],"collection":[{"href":"https:\/\/chemicalstore.ee\/ru\/wp-json\/wp\/v2\/product"}],"about":[{"href":"https:\/\/chemicalstore.ee\/ru\/wp-json\/wp\/v2\/types\/product"}],"replies":[{"embeddable":true,"href":"https:\/\/chemicalstore.ee\/ru\/wp-json\/wp\/v2\/comments?post=3007"}],"wp:featuredmedia":[{"embeddable":true,"href":"https:\/\/chemicalstore.ee\/ru\/wp-json\/wp\/v2\/media\/3008"}],"wp:attachment":[{"href":"https:\/\/chemicalstore.ee\/ru\/wp-json\/wp\/v2\/media?parent=3007"}],"wp:term":[{"taxonomy":"product_brand","embeddable":true,"href":"https:\/\/chemicalstore.ee\/ru\/wp-json\/wp\/v2\/product_brand?post=3007"},{"taxonomy":"product_cat","embeddable":true,"href":"https:\/\/chemicalstore.ee\/ru\/wp-json\/wp\/v2\/product_cat?post=3007"},{"taxonomy":"product_tag","embeddable":true,"href":"https:\/\/chemicalstore.ee\/ru\/wp-json\/wp\/v2\/product_tag?post=3007"}],"curies":[{"name":"wp","href":"https:\/\/api.w.org\/{rel}","templated":true}]}}