{"id":3004,"date":"2024-10-02T13:10:57","date_gmt":"2024-10-02T13:10:57","guid":{"rendered":"https:\/\/chemicalstore.ee\/toode\/autovahabutter-wet-wax-473ml\/"},"modified":"2024-10-02T13:11:06","modified_gmt":"2024-10-02T13:11:06","slug":"autovahabutter-wet-wax-473ml","status":"publish","type":"product","link":"https:\/\/chemicalstore.ee\/ru\/toode\/autovahabutter-wet-wax-473ml\/","title":{"rendered":"Autovaha,Butter Wet Wax &#8211; 473ml"},"content":{"rendered":"<p>Chemical Guys Butter Wet Wax on \u00e4\u00e4rmiselt lihtsalt kasutatav vedel h\u00fcbriidvaha. V\u00f5ib kanda nii kuivale kui ka peale pesu m\u00e4rjale v\u00e4rvipinnale. Nagu nimigi \u00fctleb, levib vaha pinnale nagu v\u00f5i, s.t \u00fclimalt kergesti. Karnaubap\u00f5hise h\u00fcbriidvahana annab Butter Wet Wax pinnale t\u00f5eliselt maitsva ja s\u00fcgava l\u00e4ike. Pealekandmise muudab veelgi meeldivamaks vaha banaanil\u00f5hn.<\/p>\n","protected":false},"excerpt":{"rendered":"<p>Chemical Guys100% karnauba baasil vedelvaha.V\u00e4ga lihtne peale kanda.Sobib igat v\u00e4rvi autodele.Annab k\u00f5rge l\u00e4ike ja m\u00e4rja ilme.T\u00f5hus kaitse UVA ja UVB kiirguse eest<\/p>\n","protected":false},"featured_media":3005,"comment_status":"closed","ping_status":"open","template":"","meta":{"_monsterinsights_skip_tracking":false,"_monsterinsights_sitenote_active":false,"_monsterinsights_sitenote_note":"","_monsterinsights_sitenote_category":0},"product_brand":[],"product_cat":[27],"product_tag":[],"class_list":{"0":"post-3004","1":"product","2":"type-product","3":"status-publish","4":"has-post-thumbnail","6":"product_cat-kaitseained","7":"pa_brand-chemical-guys","8":"pa_kaitse-varvipind-mustuse-ja-uv-kiirguse-eest","9":"pa_kasutusotstarve-valispindade-kaitse-parast-pesemist","10":"pa_uhiku-hind-56-87e-l","12":"first","13":"onbackorder","14":"taxable","15":"shipping-taxable","16":"purchasable","17":"product-type-simple"},"_links":{"self":[{"href":"https:\/\/chemicalstore.ee\/ru\/wp-json\/wp\/v2\/product\/3004","targetHints":{"allow":["GET"]}}],"collection":[{"href":"https:\/\/chemicalstore.ee\/ru\/wp-json\/wp\/v2\/product"}],"about":[{"href":"https:\/\/chemicalstore.ee\/ru\/wp-json\/wp\/v2\/types\/product"}],"replies":[{"embeddable":true,"href":"https:\/\/chemicalstore.ee\/ru\/wp-json\/wp\/v2\/comments?post=3004"}],"wp:featuredmedia":[{"embeddable":true,"href":"https:\/\/chemicalstore.ee\/ru\/wp-json\/wp\/v2\/media\/3005"}],"wp:attachment":[{"href":"https:\/\/chemicalstore.ee\/ru\/wp-json\/wp\/v2\/media?parent=3004"}],"wp:term":[{"taxonomy":"product_brand","embeddable":true,"href":"https:\/\/chemicalstore.ee\/ru\/wp-json\/wp\/v2\/product_brand?post=3004"},{"taxonomy":"product_cat","embeddable":true,"href":"https:\/\/chemicalstore.ee\/ru\/wp-json\/wp\/v2\/product_cat?post=3004"},{"taxonomy":"product_tag","embeddable":true,"href":"https:\/\/chemicalstore.ee\/ru\/wp-json\/wp\/v2\/product_tag?post=3004"}],"curies":[{"name":"wp","href":"https:\/\/api.w.org\/{rel}","templated":true}]}}