{"id":2999,"date":"2024-10-02T13:10:57","date_gmt":"2024-10-02T13:10:57","guid":{"rendered":"https:\/\/chemicalstore.ee\/toode\/rehvilaigehybrid-v07-473ml\/"},"modified":"2024-10-02T13:11:05","modified_gmt":"2024-10-02T13:11:05","slug":"rehvilaigehybrid-v07-473ml","status":"publish","type":"product","link":"https:\/\/chemicalstore.ee\/ru\/toode\/rehvilaigehybrid-v07-473ml\/","title":{"rendered":"Rehvil\u00e4ige,Hybrid V07 &#8211; 473ml"},"content":{"rendered":"<p>Chemical Guys Hybrid V07 Tire Shine on \u00f5lip\u00f5hine rehvil\u00e4ge, mis tagab suurep\u00e4rase &#8220;m\u00e4rja v\u00e4limuse&#8221; vastupidavust ohverdamata. Rehvide mustaks saamine annab autole kena viimistletud v\u00e4limuse. T\u00e4nu t\u00f5eliselt l\u00e4ikivale l\u00f5pptulemusele sobib V07 suurep\u00e4raselt n\u00e4iteks auton\u00e4ituseks. Sobib ka muudele v\u00e4listele plast- ja kummidetailidele. Tootja lubab kestvust mitu n\u00e4dalat.<\/p>\n","protected":false},"excerpt":{"rendered":"<p>Chemical Guys\u00c4\u00e4rmiselt l\u00e4ikiva &#8220;wetlooki&#8221; andev rehvil\u00e4ige. Sobib ka muudele v\u00e4listele kummi- ja plastdetailidele. Kestus mitu n\u00e4dalat.<\/p>\n","protected":false},"featured_media":3000,"comment_status":"closed","ping_status":"open","template":"","meta":{"_monsterinsights_skip_tracking":false,"_monsterinsights_sitenote_active":false,"_monsterinsights_sitenote_note":"","_monsterinsights_sitenote_category":0},"product_brand":[],"product_cat":[27],"product_tag":[],"class_list":{"0":"post-2999","1":"product","2":"type-product","3":"status-publish","4":"has-post-thumbnail","6":"product_cat-kaitseained","7":"pa_brand-chemical-guys","8":"pa_kasutusotstarve-rehvilaigestamine","9":"pa_pakend-pihustiga-plastpudel","10":"pa_uhiku-hind-69-56e-l","12":"first","13":"onbackorder","14":"taxable","15":"shipping-taxable","16":"purchasable","17":"product-type-simple"},"_links":{"self":[{"href":"https:\/\/chemicalstore.ee\/ru\/wp-json\/wp\/v2\/product\/2999","targetHints":{"allow":["GET"]}}],"collection":[{"href":"https:\/\/chemicalstore.ee\/ru\/wp-json\/wp\/v2\/product"}],"about":[{"href":"https:\/\/chemicalstore.ee\/ru\/wp-json\/wp\/v2\/types\/product"}],"replies":[{"embeddable":true,"href":"https:\/\/chemicalstore.ee\/ru\/wp-json\/wp\/v2\/comments?post=2999"}],"wp:featuredmedia":[{"embeddable":true,"href":"https:\/\/chemicalstore.ee\/ru\/wp-json\/wp\/v2\/media\/3000"}],"wp:attachment":[{"href":"https:\/\/chemicalstore.ee\/ru\/wp-json\/wp\/v2\/media?parent=2999"}],"wp:term":[{"taxonomy":"product_brand","embeddable":true,"href":"https:\/\/chemicalstore.ee\/ru\/wp-json\/wp\/v2\/product_brand?post=2999"},{"taxonomy":"product_cat","embeddable":true,"href":"https:\/\/chemicalstore.ee\/ru\/wp-json\/wp\/v2\/product_cat?post=2999"},{"taxonomy":"product_tag","embeddable":true,"href":"https:\/\/chemicalstore.ee\/ru\/wp-json\/wp\/v2\/product_tag?post=2999"}],"curies":[{"name":"wp","href":"https:\/\/api.w.org\/{rel}","templated":true}]}}