{"id":2997,"date":"2024-10-02T13:10:57","date_gmt":"2024-10-02T13:10:57","guid":{"rendered":"https:\/\/chemicalstore.ee\/toode\/mikrokiud-poleerimisketasmust-65-chemical-guys\/"},"modified":"2024-10-02T13:11:04","modified_gmt":"2024-10-02T13:11:04","slug":"mikrokiud-poleerimisketasmust-65-chemical-guys","status":"publish","type":"product","link":"https:\/\/chemicalstore.ee\/ru\/toode\/mikrokiud-poleerimisketasmust-65-chemical-guys\/","title":{"rendered":"Mikrokiud poleerimisketas,Must, 6,5&#8243; &#8211; Chemical Guys"},"content":{"rendered":"<p>Chemical Guysi mikrokiudketas t\u00f6\u00f6tab nii otseajam kui ka ekstsentriliste masinatega. Eemaldab t\u00f5husalt v\u00e4ikesed kriimud ja hologrammid, j\u00e4ttes peegelselge pinna. M\u00f5eldud eelk\u00f5ige viimistlemiseks peale karedamat kombinatsiooni, kuid sobib h\u00e4sti ka n\u00f6 &#8220;\u00fcheastmeliseks&#8221; poleerimiseks. Paindlik raam aitab kettal kohaneda konaruste ja muude ebatasasustega.<\/p>\n","protected":false},"excerpt":{"rendered":"<p>Chemical GuysKvaliteetne mikrokiust viimistlusketas.<\/p>\n","protected":false},"featured_media":2995,"comment_status":"closed","ping_status":"open","template":"","meta":{"_monsterinsights_skip_tracking":false,"_monsterinsights_sitenote_active":false,"_monsterinsights_sitenote_note":"","_monsterinsights_sitenote_category":0},"product_brand":[],"product_cat":[86],"product_tag":[],"class_list":{"0":"post-2997","1":"product","2":"type-product","3":"status-publish","4":"has-post-thumbnail","6":"product_cat-poleerimine","7":"pa_brand-chemical-guys","8":"pa_kasutusotstarve-varvi-ja-lakipindade-mehaaniline-poleerimine","9":"pa_sobivus-kasutamiseks-nii-otseajam-kui-ka-ekstsentriliste-masinatega","10":"pa_uhiku-hind-19-90e-tk","12":"first","13":"onbackorder","14":"taxable","15":"shipping-taxable","16":"purchasable","17":"product-type-simple"},"_links":{"self":[{"href":"https:\/\/chemicalstore.ee\/ru\/wp-json\/wp\/v2\/product\/2997","targetHints":{"allow":["GET"]}}],"collection":[{"href":"https:\/\/chemicalstore.ee\/ru\/wp-json\/wp\/v2\/product"}],"about":[{"href":"https:\/\/chemicalstore.ee\/ru\/wp-json\/wp\/v2\/types\/product"}],"replies":[{"embeddable":true,"href":"https:\/\/chemicalstore.ee\/ru\/wp-json\/wp\/v2\/comments?post=2997"}],"wp:featuredmedia":[{"embeddable":true,"href":"https:\/\/chemicalstore.ee\/ru\/wp-json\/wp\/v2\/media\/2995"}],"wp:attachment":[{"href":"https:\/\/chemicalstore.ee\/ru\/wp-json\/wp\/v2\/media?parent=2997"}],"wp:term":[{"taxonomy":"product_brand","embeddable":true,"href":"https:\/\/chemicalstore.ee\/ru\/wp-json\/wp\/v2\/product_brand?post=2997"},{"taxonomy":"product_cat","embeddable":true,"href":"https:\/\/chemicalstore.ee\/ru\/wp-json\/wp\/v2\/product_cat?post=2997"},{"taxonomy":"product_tag","embeddable":true,"href":"https:\/\/chemicalstore.ee\/ru\/wp-json\/wp\/v2\/product_tag?post=2997"}],"curies":[{"name":"wp","href":"https:\/\/api.w.org\/{rel}","templated":true}]}}