{"id":2990,"date":"2024-10-02T13:10:57","date_gmt":"2024-10-02T13:10:57","guid":{"rendered":"https:\/\/chemicalstore.ee\/toode\/vaht-poleerimisketashex-logic-kollane-65-chemical-guys\/"},"modified":"2024-10-02T13:11:02","modified_gmt":"2024-10-02T13:11:02","slug":"vaht-poleerimisketashex-logic-kollane-65-chemical-guys","status":"publish","type":"product","link":"https:\/\/chemicalstore.ee\/ru\/toode\/vaht-poleerimisketashex-logic-kollane-65-chemical-guys\/","title":{"rendered":"Vaht poleerimisketas,Hex Logic Kollane, 6,5 &#8211; Chemical Guys"},"content":{"rendered":"<p>Chemical Guysi Hex Logic kettad on kettad, mida kasutavad n\u00f5udlikud harrastajad ja professionaalid \u00fcle maailma ning mille funktsionaalsus on garanteeritud. Kuusnurkne muster ketta pinnal v\u00e4hendab t\u00f5husalt ketta ummistumist, kui liigne pasta satub soontesse. Sobib nii algajatele kui ka professionaalidele t\u00e4nu lihtsale k\u00e4sitsemisele ja suurep\u00e4rastele poleerimisomadustele.<\/p>\n","protected":false},"excerpt":{"rendered":"<p>Chemical GuysV\u00e4ga tugeva l\u00f5ikega, tippkvaliteetne poleerimisketas pinna mehaaniliseks poleerimiseks. L\u00f5igatavus 7\/7.<\/p>\n","protected":false},"featured_media":2991,"comment_status":"closed","ping_status":"open","template":"","meta":{"_monsterinsights_skip_tracking":false,"_monsterinsights_sitenote_active":false,"_monsterinsights_sitenote_note":"","_monsterinsights_sitenote_category":0},"product_brand":[],"product_cat":[86],"product_tag":[],"class_list":{"0":"post-2990","1":"product","2":"type-product","3":"status-publish","4":"has-post-thumbnail","6":"product_cat-poleerimine","7":"pa_brand-chemical-guys","8":"pa_kasutusotstarve-varvi-ja-lakipindade-mehaaniline-poleerimine","9":"pa_sobivus-kasutamiseks-nii-otseajam-kui-ka-ekstsentriliste-masinatega","10":"pa_uhiku-hind-16-90e-tk","12":"first","13":"onbackorder","14":"taxable","15":"shipping-taxable","16":"purchasable","17":"product-type-simple"},"_links":{"self":[{"href":"https:\/\/chemicalstore.ee\/ru\/wp-json\/wp\/v2\/product\/2990","targetHints":{"allow":["GET"]}}],"collection":[{"href":"https:\/\/chemicalstore.ee\/ru\/wp-json\/wp\/v2\/product"}],"about":[{"href":"https:\/\/chemicalstore.ee\/ru\/wp-json\/wp\/v2\/types\/product"}],"replies":[{"embeddable":true,"href":"https:\/\/chemicalstore.ee\/ru\/wp-json\/wp\/v2\/comments?post=2990"}],"wp:featuredmedia":[{"embeddable":true,"href":"https:\/\/chemicalstore.ee\/ru\/wp-json\/wp\/v2\/media\/2991"}],"wp:attachment":[{"href":"https:\/\/chemicalstore.ee\/ru\/wp-json\/wp\/v2\/media?parent=2990"}],"wp:term":[{"taxonomy":"product_brand","embeddable":true,"href":"https:\/\/chemicalstore.ee\/ru\/wp-json\/wp\/v2\/product_brand?post=2990"},{"taxonomy":"product_cat","embeddable":true,"href":"https:\/\/chemicalstore.ee\/ru\/wp-json\/wp\/v2\/product_cat?post=2990"},{"taxonomy":"product_tag","embeddable":true,"href":"https:\/\/chemicalstore.ee\/ru\/wp-json\/wp\/v2\/product_tag?post=2990"}],"curies":[{"name":"wp","href":"https:\/\/api.w.org\/{rel}","templated":true}]}}