{"id":2958,"date":"2024-10-02T13:10:42","date_gmt":"2024-10-02T13:10:42","guid":{"rendered":"https:\/\/chemicalstore.ee\/toode\/poleerimisketta-puhastushari-pad-conditioning-brush-chemical-guys\/"},"modified":"2024-10-02T13:10:49","modified_gmt":"2024-10-02T13:10:49","slug":"poleerimisketta-puhastushari-pad-conditioning-brush-chemical-guys","status":"publish","type":"product","link":"https:\/\/chemicalstore.ee\/ru\/toode\/poleerimisketta-puhastushari-pad-conditioning-brush-chemical-guys\/","title":{"rendered":"Poleerimisketta puhastushari Pad Conditioning Brush &#8211; Chemical Guys"},"content":{"rendered":"<p>Pad Conditioning Brushi kasutatakse poleerimispatjade puhastamiseks t\u00f6\u00f6 ajal. See v\u00f5imaldab kasutada sama ketast oluliselt kauem, ilma et seda oleks vaja aeg-ajalt pesta. Poleerimise edenedes ketas &#8220;ummistub&#8221; sellele kogunenud ainega, mist\u00f5ttu see ei t\u00f6\u00f6ta plaanip\u00e4raselt ja halvimal juhul v\u00f5ib v\u00e4rvipinda kriimustada. Pane aga t\u00e4hele, et hari ei kaota t\u00e4ielikult pesemisvajadust, vaid pigem v\u00e4hendab pesemisvajadust.<\/p>\n","protected":false},"excerpt":{"rendered":"<p>Chemical GuysPoleerimisketta puhastushari. Hoiab poleerimisketta puhtana ilma pideva pesemiseta.<\/p>\n","protected":false},"featured_media":2959,"comment_status":"closed","ping_status":"open","template":"","meta":{"_monsterinsights_skip_tracking":false,"_monsterinsights_sitenote_active":false,"_monsterinsights_sitenote_note":"","_monsterinsights_sitenote_category":0},"product_brand":[],"product_cat":[86],"product_tag":[],"class_list":{"0":"post-2958","1":"product","2":"type-product","3":"status-publish","4":"has-post-thumbnail","6":"product_cat-poleerimine","7":"pa_brand-chemical-guys","8":"pa_kasutusotstarve-poleerimisketta-puhastus","9":"pa_uhiku-hind-25-90e-tk","11":"first","12":"onbackorder","13":"taxable","14":"shipping-taxable","15":"purchasable","16":"product-type-simple"},"_links":{"self":[{"href":"https:\/\/chemicalstore.ee\/ru\/wp-json\/wp\/v2\/product\/2958","targetHints":{"allow":["GET"]}}],"collection":[{"href":"https:\/\/chemicalstore.ee\/ru\/wp-json\/wp\/v2\/product"}],"about":[{"href":"https:\/\/chemicalstore.ee\/ru\/wp-json\/wp\/v2\/types\/product"}],"replies":[{"embeddable":true,"href":"https:\/\/chemicalstore.ee\/ru\/wp-json\/wp\/v2\/comments?post=2958"}],"wp:featuredmedia":[{"embeddable":true,"href":"https:\/\/chemicalstore.ee\/ru\/wp-json\/wp\/v2\/media\/2959"}],"wp:attachment":[{"href":"https:\/\/chemicalstore.ee\/ru\/wp-json\/wp\/v2\/media?parent=2958"}],"wp:term":[{"taxonomy":"product_brand","embeddable":true,"href":"https:\/\/chemicalstore.ee\/ru\/wp-json\/wp\/v2\/product_brand?post=2958"},{"taxonomy":"product_cat","embeddable":true,"href":"https:\/\/chemicalstore.ee\/ru\/wp-json\/wp\/v2\/product_cat?post=2958"},{"taxonomy":"product_tag","embeddable":true,"href":"https:\/\/chemicalstore.ee\/ru\/wp-json\/wp\/v2\/product_tag?post=2958"}],"curies":[{"name":"wp","href":"https:\/\/api.w.org\/{rel}","templated":true}]}}