{"id":2953,"date":"2024-10-02T13:10:42","date_gmt":"2024-10-02T13:10:42","guid":{"rendered":"https:\/\/chemicalstore.ee\/toode\/rehvilaigestajanew-look-trim-gel-470ml\/"},"modified":"2024-10-02T13:10:48","modified_gmt":"2024-10-02T13:10:48","slug":"rehvilaigestajanew-look-trim-gel-470ml","status":"publish","type":"product","link":"https:\/\/chemicalstore.ee\/ru\/toode\/rehvilaigestajanew-look-trim-gel-470ml\/","title":{"rendered":"Rehvil\u00e4igestaja,New Look Trim Gel &#8211; 470ml"},"content":{"rendered":"<p>Paljud rehvil\u00e4igestamisvahendid lubavad lihtsalt ja kiiresti uuendada rehvi v\u00e4limust, Chemical Guys peab siin t\u00f5esti oma lubadust. Samuti uuendab rehve, stanged, v\u00f5red ja tihendid. Seega sobib see ka plastosade jaoks. Tootja lubab kestuseks n\u00e4dalaid.<\/p>\n","protected":false},"excerpt":{"rendered":"<p>Chemical GuysPaljud rehvil\u00e4igestus tootjad lubavad lihtsalt ja kiiresti uuendada rehvi v\u00e4limust, Chemical Guys peab siin t\u00f5esti oma lubadust. Samuti uuendab rehve, v\u00f5resid ja tihendeid. Seega sobib see ka plastosade jaoks. Tootja lubab kestuseks n\u00e4dalaid.<\/p>\n","protected":false},"featured_media":2954,"comment_status":"closed","ping_status":"open","template":"","meta":{"_monsterinsights_skip_tracking":false,"_monsterinsights_sitenote_active":false,"_monsterinsights_sitenote_note":"","_monsterinsights_sitenote_category":0},"product_brand":[],"product_cat":[27],"product_tag":[],"class_list":{"0":"post-2953","1":"product","2":"type-product","3":"status-publish","4":"has-post-thumbnail","6":"product_cat-kaitseained","7":"pa_brand-chemical-guys","8":"pa_kasutusotstarve-kummi-plastik-laigestus","9":"pa_uhiku-hind-70-00e-l","11":"first","12":"onbackorder","13":"taxable","14":"shipping-taxable","15":"purchasable","16":"product-type-simple"},"_links":{"self":[{"href":"https:\/\/chemicalstore.ee\/ru\/wp-json\/wp\/v2\/product\/2953","targetHints":{"allow":["GET"]}}],"collection":[{"href":"https:\/\/chemicalstore.ee\/ru\/wp-json\/wp\/v2\/product"}],"about":[{"href":"https:\/\/chemicalstore.ee\/ru\/wp-json\/wp\/v2\/types\/product"}],"replies":[{"embeddable":true,"href":"https:\/\/chemicalstore.ee\/ru\/wp-json\/wp\/v2\/comments?post=2953"}],"wp:featuredmedia":[{"embeddable":true,"href":"https:\/\/chemicalstore.ee\/ru\/wp-json\/wp\/v2\/media\/2954"}],"wp:attachment":[{"href":"https:\/\/chemicalstore.ee\/ru\/wp-json\/wp\/v2\/media?parent=2953"}],"wp:term":[{"taxonomy":"product_brand","embeddable":true,"href":"https:\/\/chemicalstore.ee\/ru\/wp-json\/wp\/v2\/product_brand?post=2953"},{"taxonomy":"product_cat","embeddable":true,"href":"https:\/\/chemicalstore.ee\/ru\/wp-json\/wp\/v2\/product_cat?post=2953"},{"taxonomy":"product_tag","embeddable":true,"href":"https:\/\/chemicalstore.ee\/ru\/wp-json\/wp\/v2\/product_tag?post=2953"}],"curies":[{"name":"wp","href":"https:\/\/api.w.org\/{rel}","templated":true}]}}