{"id":2948,"date":"2024-10-02T13:10:42","date_gmt":"2024-10-02T13:10:42","guid":{"rendered":"https:\/\/chemicalstore.ee\/toode\/lohnaeemaldajastrawberry-margarita-473ml\/"},"modified":"2024-10-02T13:10:47","modified_gmt":"2024-10-02T13:10:47","slug":"lohnaeemaldajastrawberry-margarita-473ml","status":"publish","type":"product","link":"https:\/\/chemicalstore.ee\/ru\/toode\/lohnaeemaldajastrawberry-margarita-473ml\/","title":{"rendered":"L\u00f5hnaeemaldaja,Strawberry Margarita &#8211; 473ml"},"content":{"rendered":"<p>Chemical Guys l\u00f5hnaeemaldaja on t\u00f5hus viis erinevate halbade l\u00f5hnade eemaldamiseks autost, nt. tubakas, loomad jne. Deodorant l\u00f5hnab suurep\u00e4rase maasika j\u00e4rele ja nagu tootja \u00fctleb, &#8220;igas pihustis on paradiis&#8221;. Lisaks suurep\u00e4rasele l\u00f5hnale sisaldab aine aineid, mis eemaldavad ens\u00fc\u00fcmidel p\u00f5hinevaid l\u00f5hnu. Kindel viis teenida lisapunkte mimmidelt, kes s\u00f5itma tulevad!<\/p>\n","protected":false},"excerpt":{"rendered":"<p>Chemical GuysChemical Guys l\u00f5hnaeemaldaja on t\u00f5hus viis erinevate halbade l\u00f5hnade eemaldamiseks autost nt. tubakas, loomad jne.L\u00f5hnaeemaldaja l\u00f5hnab suurep\u00e4rase maasika j\u00e4rele ja nagu tootja \u00fctleb, &#8220;igas pihustamises on paradiis&#8221;. Lisaks suurep\u00e4rasele l\u00f5hnale sisaldab aineid, mis eemaldavad ens\u00fc\u00fcmidel p\u00f5hinevaid l\u00f5hnu. Kindel viis teenida lisapunkte kaass\u00f5itjalt, kes s\u00f5itma tulevad!<\/p>\n","protected":false},"featured_media":2949,"comment_status":"closed","ping_status":"open","template":"","meta":{"_monsterinsights_skip_tracking":false,"_monsterinsights_sitenote_active":false,"_monsterinsights_sitenote_note":"","_monsterinsights_sitenote_category":0},"product_brand":[],"product_cat":[130],"product_tag":[],"class_list":{"0":"post-2948","1":"product","2":"type-product","3":"status-publish","4":"has-post-thumbnail","6":"product_cat-interjoor","7":"pa_brand-chemical-guys","8":"pa_kasutusotstarve-halbade-lohnade-eemaldamine-autosalongist","9":"pa_lohn-maasikas","10":"pa_uhiku-hind-35-73e-l","12":"first","13":"onbackorder","14":"taxable","15":"shipping-taxable","16":"purchasable","17":"product-type-simple"},"_links":{"self":[{"href":"https:\/\/chemicalstore.ee\/ru\/wp-json\/wp\/v2\/product\/2948","targetHints":{"allow":["GET"]}}],"collection":[{"href":"https:\/\/chemicalstore.ee\/ru\/wp-json\/wp\/v2\/product"}],"about":[{"href":"https:\/\/chemicalstore.ee\/ru\/wp-json\/wp\/v2\/types\/product"}],"replies":[{"embeddable":true,"href":"https:\/\/chemicalstore.ee\/ru\/wp-json\/wp\/v2\/comments?post=2948"}],"wp:featuredmedia":[{"embeddable":true,"href":"https:\/\/chemicalstore.ee\/ru\/wp-json\/wp\/v2\/media\/2949"}],"wp:attachment":[{"href":"https:\/\/chemicalstore.ee\/ru\/wp-json\/wp\/v2\/media?parent=2948"}],"wp:term":[{"taxonomy":"product_brand","embeddable":true,"href":"https:\/\/chemicalstore.ee\/ru\/wp-json\/wp\/v2\/product_brand?post=2948"},{"taxonomy":"product_cat","embeddable":true,"href":"https:\/\/chemicalstore.ee\/ru\/wp-json\/wp\/v2\/product_cat?post=2948"},{"taxonomy":"product_tag","embeddable":true,"href":"https:\/\/chemicalstore.ee\/ru\/wp-json\/wp\/v2\/product_tag?post=2948"}],"curies":[{"name":"wp","href":"https:\/\/api.w.org\/{rel}","templated":true}]}}