{"id":2938,"date":"2024-10-02T13:10:42","date_gmt":"2024-10-02T13:10:42","guid":{"rendered":"https:\/\/chemicalstore.ee\/toode\/puhastusainepad-cleaner-473ml\/"},"modified":"2024-10-02T13:10:45","modified_gmt":"2024-10-02T13:10:45","slug":"puhastusainepad-cleaner-473ml","status":"publish","type":"product","link":"https:\/\/chemicalstore.ee\/ru\/toode\/puhastusainepad-cleaner-473ml\/","title":{"rendered":"Puhastusaine,Pad Cleaner &#8211; 473ml"},"content":{"rendered":"<p>Ideaalne puhastusvahend igasuguse vahu ja villa poleerimisketta jaoks. Puhastab ja elustab pestavaid kettaid. Tegemist on tsitrusep\u00f5hise pesuvahendiga, mis annab meeldiva v\u00e4rske tulemuse. Samuti j\u00e4tab see t\u00f6\u00f6deldud esemetele kaitsva aine, mis annab pestud toodetele rohkem eluiga.<\/p>\n","protected":false},"excerpt":{"rendered":"<p>Chemical GuysPuhastusvahend nii vaht- kui villa poleerimis ketaste jaoks. Suurep\u00e4rane puhastusvahend ka villaste pesukinnaste jaoks.<\/p>\n","protected":false},"featured_media":2939,"comment_status":"closed","ping_status":"open","template":"","meta":{"_monsterinsights_skip_tracking":false,"_monsterinsights_sitenote_active":false,"_monsterinsights_sitenote_note":"","_monsterinsights_sitenote_category":0},"product_brand":[],"product_cat":[35],"product_tag":[],"class_list":{"0":"post-2938","1":"product","2":"type-product","3":"status-publish","4":"has-post-thumbnail","6":"product_cat-puhastusvahendid-autohooldustooted","7":"pa_brand-chemical-guys","8":"pa_kasutusotstarve-villa-ja-vaht-poleerimisketta-pesu","9":"pa_uhiku-hind-35-73e-l","11":"first","12":"onbackorder","13":"taxable","14":"shipping-taxable","15":"purchasable","16":"product-type-simple"},"_links":{"self":[{"href":"https:\/\/chemicalstore.ee\/ru\/wp-json\/wp\/v2\/product\/2938","targetHints":{"allow":["GET"]}}],"collection":[{"href":"https:\/\/chemicalstore.ee\/ru\/wp-json\/wp\/v2\/product"}],"about":[{"href":"https:\/\/chemicalstore.ee\/ru\/wp-json\/wp\/v2\/types\/product"}],"replies":[{"embeddable":true,"href":"https:\/\/chemicalstore.ee\/ru\/wp-json\/wp\/v2\/comments?post=2938"}],"wp:featuredmedia":[{"embeddable":true,"href":"https:\/\/chemicalstore.ee\/ru\/wp-json\/wp\/v2\/media\/2939"}],"wp:attachment":[{"href":"https:\/\/chemicalstore.ee\/ru\/wp-json\/wp\/v2\/media?parent=2938"}],"wp:term":[{"taxonomy":"product_brand","embeddable":true,"href":"https:\/\/chemicalstore.ee\/ru\/wp-json\/wp\/v2\/product_brand?post=2938"},{"taxonomy":"product_cat","embeddable":true,"href":"https:\/\/chemicalstore.ee\/ru\/wp-json\/wp\/v2\/product_cat?post=2938"},{"taxonomy":"product_tag","embeddable":true,"href":"https:\/\/chemicalstore.ee\/ru\/wp-json\/wp\/v2\/product_tag?post=2938"}],"curies":[{"name":"wp","href":"https:\/\/api.w.org\/{rel}","templated":true}]}}