{"id":2933,"date":"2024-10-02T13:10:42","date_gmt":"2024-10-02T13:10:42","guid":{"rendered":"https:\/\/chemicalstore.ee\/toode\/mikrokiudlappide-pesuainemicrofiber-wash-473ml\/"},"modified":"2025-09-26T12:56:31","modified_gmt":"2025-09-26T12:56:31","slug":"mikrokiudlappide-pesuainemicrofiber-wash-473ml","status":"publish","type":"product","link":"https:\/\/chemicalstore.ee\/ru\/toode\/mikrokiudlappide-pesuainemicrofiber-wash-473ml\/","title":{"rendered":"Mikrokiudlappide pesuaine,Microfiber wash &#8211; 473ml"},"content":{"rendered":"<p>Siin on pesuvahend, millega saad mikrokiudlappide eluiga oluliselt pikendada. See v\u00f5ib t\u00f5husalt eemaldada vahaj\u00e4\u00e4gid mikrokiudlappidelt ja poleerimispastad. See on efektiivne ka plekkide vastu. See hoiab \u00e4ra mikrokiudlappide elektriseerumise ja muudab lapi meeldivalt pehmeks.<\/p>\n","protected":false},"excerpt":{"rendered":"<p>Chemical GuysMikrokiudlappide pesemiseks m\u00f5eldud pesuvahend, mis peseb \u00f5rnalt, kuid t\u00f5husalt.<\/p>\n","protected":false},"featured_media":2934,"comment_status":"closed","ping_status":"open","template":"","meta":{"_monsterinsights_skip_tracking":false,"_monsterinsights_sitenote_active":false,"_monsterinsights_sitenote_note":"","_monsterinsights_sitenote_category":0},"product_brand":[],"product_cat":[35],"product_tag":[],"class_list":{"0":"post-2933","1":"product","2":"type-product","3":"status-publish","4":"has-post-thumbnail","6":"product_cat-puhastusvahendid-autohooldustooted","7":"pa_brand-chemical-guys","8":"pa_kasutusotstarve-mikrofiiberlappide-pesu","9":"pa_uhiku-hind-35-73e-l","11":"first","12":"onbackorder","13":"taxable","14":"shipping-taxable","15":"purchasable","16":"product-type-simple"},"_links":{"self":[{"href":"https:\/\/chemicalstore.ee\/ru\/wp-json\/wp\/v2\/product\/2933","targetHints":{"allow":["GET"]}}],"collection":[{"href":"https:\/\/chemicalstore.ee\/ru\/wp-json\/wp\/v2\/product"}],"about":[{"href":"https:\/\/chemicalstore.ee\/ru\/wp-json\/wp\/v2\/types\/product"}],"replies":[{"embeddable":true,"href":"https:\/\/chemicalstore.ee\/ru\/wp-json\/wp\/v2\/comments?post=2933"}],"wp:featuredmedia":[{"embeddable":true,"href":"https:\/\/chemicalstore.ee\/ru\/wp-json\/wp\/v2\/media\/2934"}],"wp:attachment":[{"href":"https:\/\/chemicalstore.ee\/ru\/wp-json\/wp\/v2\/media?parent=2933"}],"wp:term":[{"taxonomy":"product_brand","embeddable":true,"href":"https:\/\/chemicalstore.ee\/ru\/wp-json\/wp\/v2\/product_brand?post=2933"},{"taxonomy":"product_cat","embeddable":true,"href":"https:\/\/chemicalstore.ee\/ru\/wp-json\/wp\/v2\/product_cat?post=2933"},{"taxonomy":"product_tag","embeddable":true,"href":"https:\/\/chemicalstore.ee\/ru\/wp-json\/wp\/v2\/product_tag?post=2933"}],"curies":[{"name":"wp","href":"https:\/\/api.w.org\/{rel}","templated":true}]}}