{"id":2930,"date":"2024-10-02T13:10:42","date_gmt":"2024-10-02T13:10:42","guid":{"rendered":"https:\/\/chemicalstore.ee\/toode\/putukate-mustuse-eemaldusainebug-tar-wash-473ml\/"},"modified":"2024-10-02T13:10:44","modified_gmt":"2024-10-02T13:10:44","slug":"putukate-mustuse-eemaldusainebug-tar-wash-473ml","status":"publish","type":"product","link":"https:\/\/chemicalstore.ee\/ru\/toode\/putukate-mustuse-eemaldusainebug-tar-wash-473ml\/","title":{"rendered":"putukate mustuse eemaldusaine,Bug &#038; Tar Wash &#8211; 473ml"},"content":{"rendered":"<p>V\u00f5imas pesuvahend spetsiaalselt putukate ja \u00f5lip\u00f5hise mustuse puhastamiseks auto pinnalt ilma n\u00fchkimiseta. Eemaldab t\u00f5husalt, kuid ohutult isegi k\u00f5ige t\u00f5rksama mustuse. Ei kahjusta v\u00e4rvipindu, kuid vahad ei taha sellele vastu pidada. Lahjendussuhe vastavalt vajadusele, tavaliselt kolm korki 4 liitrile.<\/p>\n","protected":false},"excerpt":{"rendered":"<p>Chemical GuysT\u00f5hus pesuvahend eriti putukate ja \u00f5lip\u00f5hise mustuse puhastamiseks. T\u00f5hus  puhastusvahend.<\/p>\n","protected":false},"featured_media":2931,"comment_status":"closed","ping_status":"open","template":"","meta":{"_monsterinsights_skip_tracking":false,"_monsterinsights_sitenote_active":false,"_monsterinsights_sitenote_note":"","_monsterinsights_sitenote_category":0},"product_brand":[],"product_cat":[35],"product_tag":[],"class_list":{"0":"post-2930","1":"product","2":"type-product","3":"status-publish","4":"has-post-thumbnail","6":"product_cat-puhastusvahendid-autohooldustooted","7":"pa_brand-chemical-guys","8":"pa_kasutusotstarve-putukate-ja-olipohise-mustuse-puhastamine-ilma-nuhkimiseta","9":"pa_uhiku-hind-31-50e-l","11":"first","12":"onbackorder","13":"taxable","14":"shipping-taxable","15":"purchasable","16":"product-type-simple"},"_links":{"self":[{"href":"https:\/\/chemicalstore.ee\/ru\/wp-json\/wp\/v2\/product\/2930","targetHints":{"allow":["GET"]}}],"collection":[{"href":"https:\/\/chemicalstore.ee\/ru\/wp-json\/wp\/v2\/product"}],"about":[{"href":"https:\/\/chemicalstore.ee\/ru\/wp-json\/wp\/v2\/types\/product"}],"replies":[{"embeddable":true,"href":"https:\/\/chemicalstore.ee\/ru\/wp-json\/wp\/v2\/comments?post=2930"}],"wp:featuredmedia":[{"embeddable":true,"href":"https:\/\/chemicalstore.ee\/ru\/wp-json\/wp\/v2\/media\/2931"}],"wp:attachment":[{"href":"https:\/\/chemicalstore.ee\/ru\/wp-json\/wp\/v2\/media?parent=2930"}],"wp:term":[{"taxonomy":"product_brand","embeddable":true,"href":"https:\/\/chemicalstore.ee\/ru\/wp-json\/wp\/v2\/product_brand?post=2930"},{"taxonomy":"product_cat","embeddable":true,"href":"https:\/\/chemicalstore.ee\/ru\/wp-json\/wp\/v2\/product_cat?post=2930"},{"taxonomy":"product_tag","embeddable":true,"href":"https:\/\/chemicalstore.ee\/ru\/wp-json\/wp\/v2\/product_tag?post=2930"}],"curies":[{"name":"wp","href":"https:\/\/api.w.org\/{rel}","templated":true}]}}