{"id":2925,"date":"2024-10-02T13:10:42","date_gmt":"2024-10-02T13:10:42","guid":{"rendered":"https:\/\/chemicalstore.ee\/toode\/kanga-kaitseainefabric-guard-470ml\/"},"modified":"2024-10-02T13:10:44","modified_gmt":"2024-10-02T13:10:44","slug":"kanga-kaitseainefabric-guard-470ml","status":"publish","type":"product","link":"https:\/\/chemicalstore.ee\/ru\/toode\/kanga-kaitseainefabric-guard-470ml\/","title":{"rendered":"Kanga kaitseaine,Fabric Guard &#8211; 470ml"},"content":{"rendered":"<p>Auto kangaspindade kaitsevahend, moodustab t\u00f5eliselt hea pinna, mis t\u00f5rjub vett ja mustust. Kaitsevahend moodustab \u00f5hukese n\u00e4htamatu kaitse, mis p\u00fcsib tootja andmetel kuni 8-12 kuud. Samuti takistab see kanga kulumist ja hallituse teket. Ideaalne autokangast istmete kaitsmiseks.<\/p>\n","protected":false},"excerpt":{"rendered":"<p>Chemical GuysKangapindade kaitsevahend, moodustab vett ja mustust h\u00fclgava pinna. Tootja poolt m\u00e4rgitud kestus on kuni 8-12 kuud.<\/p>\n","protected":false},"featured_media":2926,"comment_status":"closed","ping_status":"open","template":"","meta":{"_monsterinsights_skip_tracking":false,"_monsterinsights_sitenote_active":false,"_monsterinsights_sitenote_note":"","_monsterinsights_sitenote_category":0},"product_brand":[],"product_cat":[27],"product_tag":[],"class_list":{"0":"post-2925","1":"product","2":"type-product","3":"status-publish","4":"has-post-thumbnail","6":"product_cat-kaitseained","7":"pa_brand-chemical-guys","8":"pa_kasutusotstarve-kanga-kaitse","9":"pa_kestvus-8-12-kuud","10":"pa_uhiku-hind-50-85e-l","12":"first","13":"onbackorder","14":"taxable","15":"shipping-taxable","16":"purchasable","17":"product-type-simple"},"_links":{"self":[{"href":"https:\/\/chemicalstore.ee\/ru\/wp-json\/wp\/v2\/product\/2925","targetHints":{"allow":["GET"]}}],"collection":[{"href":"https:\/\/chemicalstore.ee\/ru\/wp-json\/wp\/v2\/product"}],"about":[{"href":"https:\/\/chemicalstore.ee\/ru\/wp-json\/wp\/v2\/types\/product"}],"replies":[{"embeddable":true,"href":"https:\/\/chemicalstore.ee\/ru\/wp-json\/wp\/v2\/comments?post=2925"}],"wp:featuredmedia":[{"embeddable":true,"href":"https:\/\/chemicalstore.ee\/ru\/wp-json\/wp\/v2\/media\/2926"}],"wp:attachment":[{"href":"https:\/\/chemicalstore.ee\/ru\/wp-json\/wp\/v2\/media?parent=2925"}],"wp:term":[{"taxonomy":"product_brand","embeddable":true,"href":"https:\/\/chemicalstore.ee\/ru\/wp-json\/wp\/v2\/product_brand?post=2925"},{"taxonomy":"product_cat","embeddable":true,"href":"https:\/\/chemicalstore.ee\/ru\/wp-json\/wp\/v2\/product_cat?post=2925"},{"taxonomy":"product_tag","embeddable":true,"href":"https:\/\/chemicalstore.ee\/ru\/wp-json\/wp\/v2\/product_tag?post=2925"}],"curies":[{"name":"wp","href":"https:\/\/api.w.org\/{rel}","templated":true}]}}