{"id":2920,"date":"2024-10-02T13:10:42","date_gmt":"2024-10-02T13:10:42","guid":{"rendered":"https:\/\/chemicalstore.ee\/toode\/ohuvarskendajanew-car-473ml\/"},"modified":"2026-04-15T12:26:07","modified_gmt":"2026-04-15T12:26:07","slug":"ohuvarskendajanew-car-473ml","status":"publish","type":"product","link":"https:\/\/chemicalstore.ee\/ru\/toode\/ohuvarskendajanew-car-473ml\/","title":{"rendered":"\u00d5huv\u00e4rskendaja,New car &#8211; 473ml"},"content":{"rendered":"<p>Chemical Guys New Car Smell muudab teie auto salongi uue l\u00f5hna. See h\u00e4vitab l\u00f5hna tekitavad bakterid ja annab meeldiva uue auto l\u00f5hna. See on v\u00e4ga piisav, vaid m\u00f5ni pihustus annab l\u00f5hna mitmeks n\u00e4dalaks. Pihustage \u00f5huv\u00e4rskendajat kuskile silmapiirilt eemale ja nautige l\u00f5hna.<\/p>\n","protected":false},"excerpt":{"rendered":"<p>Chemical GuysIdeaalne alternatiiv uue auto ostmisele. See \u00f5huv\u00e4rskendaja tapab halba l\u00f5hna tekitavad bakterid ja toob uue auto l\u00f5hna.<\/p>\n","protected":false},"featured_media":2921,"comment_status":"closed","ping_status":"open","template":"","meta":{"_monsterinsights_skip_tracking":false,"_monsterinsights_sitenote_active":false,"_monsterinsights_sitenote_note":"","_monsterinsights_sitenote_category":0},"product_brand":[],"product_cat":[130],"product_tag":[],"class_list":{"0":"post-2920","1":"product","2":"type-product","3":"status-publish","4":"has-post-thumbnail","6":"product_cat-interjoor","7":"pa_brand-chemical-guys","8":"pa_kasutusotstarve-auto-ohuvarskendaja","9":"pa_lohn-uus-auto","10":"pa_uhiku-hind-31-50e-l","12":"first","13":"onbackorder","14":"taxable","15":"shipping-taxable","16":"purchasable","17":"product-type-simple"},"_links":{"self":[{"href":"https:\/\/chemicalstore.ee\/ru\/wp-json\/wp\/v2\/product\/2920","targetHints":{"allow":["GET"]}}],"collection":[{"href":"https:\/\/chemicalstore.ee\/ru\/wp-json\/wp\/v2\/product"}],"about":[{"href":"https:\/\/chemicalstore.ee\/ru\/wp-json\/wp\/v2\/types\/product"}],"replies":[{"embeddable":true,"href":"https:\/\/chemicalstore.ee\/ru\/wp-json\/wp\/v2\/comments?post=2920"}],"wp:featuredmedia":[{"embeddable":true,"href":"https:\/\/chemicalstore.ee\/ru\/wp-json\/wp\/v2\/media\/2921"}],"wp:attachment":[{"href":"https:\/\/chemicalstore.ee\/ru\/wp-json\/wp\/v2\/media?parent=2920"}],"wp:term":[{"taxonomy":"product_brand","embeddable":true,"href":"https:\/\/chemicalstore.ee\/ru\/wp-json\/wp\/v2\/product_brand?post=2920"},{"taxonomy":"product_cat","embeddable":true,"href":"https:\/\/chemicalstore.ee\/ru\/wp-json\/wp\/v2\/product_cat?post=2920"},{"taxonomy":"product_tag","embeddable":true,"href":"https:\/\/chemicalstore.ee\/ru\/wp-json\/wp\/v2\/product_tag?post=2920"}],"curies":[{"name":"wp","href":"https:\/\/api.w.org\/{rel}","templated":true}]}}