{"id":2913,"date":"2024-10-02T13:10:24","date_gmt":"2024-10-02T13:10:24","guid":{"rendered":"https:\/\/chemicalstore.ee\/toode\/vahashampoon-citrus-wash-gloss-3785ml\/"},"modified":"2024-10-02T13:10:39","modified_gmt":"2024-10-02T13:10:39","slug":"vahashampoon-citrus-wash-gloss-3785ml","status":"publish","type":"product","link":"https:\/\/chemicalstore.ee\/ru\/toode\/vahashampoon-citrus-wash-gloss-3785ml\/","title":{"rendered":"Vahashampoon, Citrus wash &#038; Gloss &#8211; 3785ml"},"content":{"rendered":"<p>V\u00e4ga vahutav ja meeldiv kasutada. Selle meeldiv sidrunil\u00f5hn ja \u0161ampooni libisemine kindal on tipptasemel. \u0160ampoon on t\u00e4iesti vahakindel ja sobib seega suurep\u00e4raselt hoolduspesuks. J\u00e4tab pinnale meeldiva vaha l\u00e4ike. T\u00f5eline vaha\u0161ampoon, mis suudab ikka ja j\u00e4lle meeldida. Selles tootes saavad v\u00e4ga kenasti kokku nii puhtus kui ka l\u00f5plik l\u00e4ige.<\/p>\n","protected":false},"excerpt":{"rendered":"<p>Chemical GuysLihtne ja t\u00f5hus vaha\u0161ampoon vahatamiseks. J\u00e4tab hea l\u00e4ike.<\/p>\n","protected":false},"featured_media":2914,"comment_status":"closed","ping_status":"open","template":"","meta":{"_monsterinsights_skip_tracking":false,"_monsterinsights_sitenote_active":false,"_monsterinsights_sitenote_note":"","_monsterinsights_sitenote_category":0},"product_brand":[],"product_cat":[35],"product_tag":[],"class_list":{"0":"post-2913","1":"product","2":"type-product","3":"status-publish","4":"has-post-thumbnail","6":"product_cat-puhastusvahendid-autohooldustooted","7":"pa_brand-chemical-guys","8":"pa_kasutusotstarve-auto-hoolduspesu","9":"pa_pakend-473-ml-plastpudel-3785-ml-kanister","10":"pa_uhiku-hind-15-83e-l","12":"first","13":"onbackorder","14":"taxable","15":"shipping-taxable","16":"purchasable","17":"product-type-simple"},"_links":{"self":[{"href":"https:\/\/chemicalstore.ee\/ru\/wp-json\/wp\/v2\/product\/2913","targetHints":{"allow":["GET"]}}],"collection":[{"href":"https:\/\/chemicalstore.ee\/ru\/wp-json\/wp\/v2\/product"}],"about":[{"href":"https:\/\/chemicalstore.ee\/ru\/wp-json\/wp\/v2\/types\/product"}],"replies":[{"embeddable":true,"href":"https:\/\/chemicalstore.ee\/ru\/wp-json\/wp\/v2\/comments?post=2913"}],"wp:featuredmedia":[{"embeddable":true,"href":"https:\/\/chemicalstore.ee\/ru\/wp-json\/wp\/v2\/media\/2914"}],"wp:attachment":[{"href":"https:\/\/chemicalstore.ee\/ru\/wp-json\/wp\/v2\/media?parent=2913"}],"wp:term":[{"taxonomy":"product_brand","embeddable":true,"href":"https:\/\/chemicalstore.ee\/ru\/wp-json\/wp\/v2\/product_brand?post=2913"},{"taxonomy":"product_cat","embeddable":true,"href":"https:\/\/chemicalstore.ee\/ru\/wp-json\/wp\/v2\/product_cat?post=2913"},{"taxonomy":"product_tag","embeddable":true,"href":"https:\/\/chemicalstore.ee\/ru\/wp-json\/wp\/v2\/product_tag?post=2913"}],"curies":[{"name":"wp","href":"https:\/\/api.w.org\/{rel}","templated":true}]}}