{"id":2912,"date":"2024-10-02T13:10:24","date_gmt":"2024-10-02T13:10:24","guid":{"rendered":"https:\/\/chemicalstore.ee\/toode\/pihusti-foam-lance-1-4-mm-dr-dirt\/"},"modified":"2024-10-02T13:10:38","modified_gmt":"2024-10-02T13:10:38","slug":"pihusti-foam-lance-1-4-mm-dr-dirt","status":"publish","type":"product","link":"https:\/\/chemicalstore.ee\/ru\/toode\/pihusti-foam-lance-1-4-mm-dr-dirt\/","title":{"rendered":"Pihusti Foam Lance, 1.4 mm &#8211; Dr Dirt"},"content":{"rendered":"<p>Foam Lance asendusotsik. Otsiku abil saab vahustaja t\u00f6\u00f6le panna ka v\u00f5imsamates pesurites. Otsik on saadaval mitme erineva suurusega valikuga. Kasutasin otsikut nii Dr Dirti kui ka PA vahutorude jaoks.<\/p>\n","protected":false},"excerpt":{"rendered":"<p>Dr DirtFoam Lance&#8217;i asendusotsik. Otsiku abil saab vahustaja t\u00f6\u00f6le panna ka v\u00f5imsamates pesurites.<\/p>\n","protected":false},"featured_media":2906,"comment_status":"closed","ping_status":"open","template":"","meta":{"_monsterinsights_skip_tracking":false,"_monsterinsights_sitenote_active":false,"_monsterinsights_sitenote_note":"","_monsterinsights_sitenote_category":0},"product_brand":[],"product_cat":[46],"product_tag":[],"class_list":{"0":"post-2912","1":"product","2":"type-product","3":"status-publish","4":"has-post-thumbnail","6":"product_cat-autohooldus-muu","7":"pa_brand-dr-dirt","8":"pa_kasutusotstarve-duusi-suuruse-muutmiseks","9":"pa_omadused-14-mm-10-13-liitrit-minutis","10":"pa_uhiku-hind-5-90e-tk","12":"first","13":"onbackorder","14":"taxable","15":"shipping-taxable","16":"purchasable","17":"product-type-simple"},"_links":{"self":[{"href":"https:\/\/chemicalstore.ee\/ru\/wp-json\/wp\/v2\/product\/2912","targetHints":{"allow":["GET"]}}],"collection":[{"href":"https:\/\/chemicalstore.ee\/ru\/wp-json\/wp\/v2\/product"}],"about":[{"href":"https:\/\/chemicalstore.ee\/ru\/wp-json\/wp\/v2\/types\/product"}],"replies":[{"embeddable":true,"href":"https:\/\/chemicalstore.ee\/ru\/wp-json\/wp\/v2\/comments?post=2912"}],"wp:featuredmedia":[{"embeddable":true,"href":"https:\/\/chemicalstore.ee\/ru\/wp-json\/wp\/v2\/media\/2906"}],"wp:attachment":[{"href":"https:\/\/chemicalstore.ee\/ru\/wp-json\/wp\/v2\/media?parent=2912"}],"wp:term":[{"taxonomy":"product_brand","embeddable":true,"href":"https:\/\/chemicalstore.ee\/ru\/wp-json\/wp\/v2\/product_brand?post=2912"},{"taxonomy":"product_cat","embeddable":true,"href":"https:\/\/chemicalstore.ee\/ru\/wp-json\/wp\/v2\/product_cat?post=2912"},{"taxonomy":"product_tag","embeddable":true,"href":"https:\/\/chemicalstore.ee\/ru\/wp-json\/wp\/v2\/product_tag?post=2912"}],"curies":[{"name":"wp","href":"https:\/\/api.w.org\/{rel}","templated":true}]}}