{"id":2893,"date":"2024-10-02T13:10:24","date_gmt":"2024-10-02T13:10:24","guid":{"rendered":"https:\/\/chemicalstore.ee\/toode\/tornaador-dust-beater-pro-dr-dirt\/"},"modified":"2025-03-11T08:28:34","modified_gmt":"2025-03-11T08:28:34","slug":"tornaador-dust-beater-pro-dr-dirt","status":"publish","type":"product","link":"https:\/\/chemicalstore.ee\/ru\/toode\/tornaador-dust-beater-pro-dr-dirt\/","title":{"rendered":"Tornaador Dust Beater Pro &#8211; Dr Dirt"},"content":{"rendered":"<p>Dr Dirt Dust Beater PRO on 2024. aasta uuendatud versioon oma tootja populaarsest \u00f5hukompressoriga \u00fchendatavast t\u00f6\u00f6riistast, mis teeb s\u00f5iduki salongi, masinaruumi, uksevahede ja muude v\u00e4ikeste ja kitsaste kohtade puhastamise enneolematult lihtsaks! Dust Beater PRO on \u00fchendatud otse kompressoriga, v\u00f5imaldades tugeva suru\u00f5hu ja kitsa otsiku abil pestavale pinnale anda p\u00f6\u00f6rleva piitsataolise l\u00f6\u00f6gi, mis t\u00f5stab mustuse kiiresti pinnale. Dust Beater PRO p\u00f6\u00f6rlev otsik l\u00f5hub paagist tuleva pesuainelahuse v\u00e4ikesteks osakesteks, mis muudab mustuse eemaldamise veelgi t\u00f5husamaks ning h\u00f5lbustab ka t\u00f5rksamate mustuseplekkide puhastamist. Peale t\u00f6\u00f6tlemist on lahtist mustust lihtne eemaldada n\u00e4iteks tolmuimejaga.<\/p>\n","protected":false},"excerpt":{"rendered":"<p>Dr DirtSuru\u00f5hukompressori k\u00fclge kinnitatav puhastusvahend, mis sobib eriti h\u00e4sti s\u00f5iduki salongi, pisidetailide ja tihedate vahede puhastamiseks. T\u00f5stab t\u00f5husalt mustuse pinnale ja puhastab s\u00fcgavuti pinna poorid.<\/p>\n","protected":false},"featured_media":2894,"comment_status":"closed","ping_status":"open","template":"","meta":{"_monsterinsights_skip_tracking":false,"_monsterinsights_sitenote_active":false,"_monsterinsights_sitenote_note":"","_monsterinsights_sitenote_category":0},"product_brand":[],"product_cat":[46],"product_tag":[],"class_list":{"0":"post-2893","1":"product","2":"type-product","3":"status-publish","4":"has-post-thumbnail","6":"product_cat-autohooldus-muu","7":"pa_brand-dr-dirt","8":"pa_kasutusotstarve-salongi-ja-soiduki-detailide-puhastamine","9":"pa_sobivus-kompressoriga-uhendatav-tarvik","10":"pa_uhiku-hind-59-90e-tk","12":"first","13":"onbackorder","14":"taxable","15":"shipping-taxable","16":"purchasable","17":"product-type-simple"},"_links":{"self":[{"href":"https:\/\/chemicalstore.ee\/ru\/wp-json\/wp\/v2\/product\/2893","targetHints":{"allow":["GET"]}}],"collection":[{"href":"https:\/\/chemicalstore.ee\/ru\/wp-json\/wp\/v2\/product"}],"about":[{"href":"https:\/\/chemicalstore.ee\/ru\/wp-json\/wp\/v2\/types\/product"}],"replies":[{"embeddable":true,"href":"https:\/\/chemicalstore.ee\/ru\/wp-json\/wp\/v2\/comments?post=2893"}],"wp:featuredmedia":[{"embeddable":true,"href":"https:\/\/chemicalstore.ee\/ru\/wp-json\/wp\/v2\/media\/2894"}],"wp:attachment":[{"href":"https:\/\/chemicalstore.ee\/ru\/wp-json\/wp\/v2\/media?parent=2893"}],"wp:term":[{"taxonomy":"product_brand","embeddable":true,"href":"https:\/\/chemicalstore.ee\/ru\/wp-json\/wp\/v2\/product_brand?post=2893"},{"taxonomy":"product_cat","embeddable":true,"href":"https:\/\/chemicalstore.ee\/ru\/wp-json\/wp\/v2\/product_cat?post=2893"},{"taxonomy":"product_tag","embeddable":true,"href":"https:\/\/chemicalstore.ee\/ru\/wp-json\/wp\/v2\/product_tag?post=2893"}],"curies":[{"name":"wp","href":"https:\/\/api.w.org\/{rel}","templated":true}]}}