{"id":2885,"date":"2024-10-02T13:10:24","date_gmt":"2024-10-02T13:10:24","guid":{"rendered":"https:\/\/chemicalstore.ee\/toode\/voolik-pesuainevahustaja-varuosa-dr-dirt\/"},"modified":"2024-10-02T13:10:33","modified_gmt":"2024-10-02T13:10:33","slug":"voolik-pesuainevahustaja-varuosa-dr-dirt","status":"publish","type":"product","link":"https:\/\/chemicalstore.ee\/ru\/toode\/voolik-pesuainevahustaja-varuosa-dr-dirt\/","title":{"rendered":"Voolik Pesuainevahustaja varuosa &#8211; Dr Dirt"},"content":{"rendered":"<p>Dr Dirt pesuainevahustele sobiv imemisvoolik, millega saab asendada originaalvooliku, kui see puruneb v\u00f5i kaob. Imemisvooliku teises otsas on filter, t\u00e4nu millele ei saa vahustaja lahtised osakesed voolikut blokeerida. Selle varuosaga saate kahjustatud imemisvooliku h\u00f5lpsalt ise parandada ja j\u00e4tkata vahustaja tavap\u00e4rast kasutamist kiiresti! Varuosa sobib Dr Dirt G1, G2, G3 ja Professional vahustajatele.<\/p>\n","protected":false},"excerpt":{"rendered":"<p>Dr DirtOriginaal voolik Dr Dirt pesuainevahutitele. Varuosa saab kasutada originaali imemisvooliku purunemisel asendamiseks. Sobib mudelitele Dr Dirt G1, G2, G3 ja PROFESSIONAL.<\/p>\n","protected":false},"featured_media":2886,"comment_status":"closed","ping_status":"open","template":"","meta":{"_monsterinsights_skip_tracking":false,"_monsterinsights_sitenote_active":false,"_monsterinsights_sitenote_note":"","_monsterinsights_sitenote_category":0},"product_brand":[],"product_cat":[46],"product_tag":[],"class_list":{"0":"post-2885","1":"product","2":"type-product","3":"status-publish","4":"has-post-thumbnail","6":"product_cat-autohooldus-muu","7":"pa_brand-dr-dirt","8":"pa_kasutusotstarve-g1-g2-g3-ja-professional-vahustaja-varuosa","9":"pa_uhiku-hind-6-90e-tk","11":"first","12":"onbackorder","13":"taxable","14":"shipping-taxable","15":"purchasable","16":"product-type-simple"},"_links":{"self":[{"href":"https:\/\/chemicalstore.ee\/ru\/wp-json\/wp\/v2\/product\/2885","targetHints":{"allow":["GET"]}}],"collection":[{"href":"https:\/\/chemicalstore.ee\/ru\/wp-json\/wp\/v2\/product"}],"about":[{"href":"https:\/\/chemicalstore.ee\/ru\/wp-json\/wp\/v2\/types\/product"}],"replies":[{"embeddable":true,"href":"https:\/\/chemicalstore.ee\/ru\/wp-json\/wp\/v2\/comments?post=2885"}],"wp:featuredmedia":[{"embeddable":true,"href":"https:\/\/chemicalstore.ee\/ru\/wp-json\/wp\/v2\/media\/2886"}],"wp:attachment":[{"href":"https:\/\/chemicalstore.ee\/ru\/wp-json\/wp\/v2\/media?parent=2885"}],"wp:term":[{"taxonomy":"product_brand","embeddable":true,"href":"https:\/\/chemicalstore.ee\/ru\/wp-json\/wp\/v2\/product_brand?post=2885"},{"taxonomy":"product_cat","embeddable":true,"href":"https:\/\/chemicalstore.ee\/ru\/wp-json\/wp\/v2\/product_cat?post=2885"},{"taxonomy":"product_tag","embeddable":true,"href":"https:\/\/chemicalstore.ee\/ru\/wp-json\/wp\/v2\/product_tag?post=2885"}],"curies":[{"name":"wp","href":"https:\/\/api.w.org\/{rel}","templated":true}]}}