{"id":2878,"date":"2024-10-02T13:10:24","date_gmt":"2024-10-02T13:10:24","guid":{"rendered":"https:\/\/chemicalstore.ee\/toode\/pohjapesur-undercarriage-washer-g3-snaplock-dr-dirt\/"},"modified":"2026-02-16T14:44:55","modified_gmt":"2026-02-16T14:44:55","slug":"pohjapesur-undercarriage-washer-g3-snaplock-dr-dirt","status":"publish","type":"product","link":"https:\/\/chemicalstore.ee\/ru\/toode\/pohjapesur-undercarriage-washer-g3-snaplock-dr-dirt\/","title":{"rendered":"P\u00f5hjapesur Undercarriage washer G3, SnapLock &#8211; Dr Dirt"},"content":{"rendered":"<p>Dr Dirt Undercarriage Washer G3 on autode, t\u00f6\u00f6masinate jm veermiku pesemiseks m\u00f5eldud survepesuri tarvik, mida saab \u00fchendada survepesuri originaalpritsitoru asemele. Tavalise du\u0161itoruga on veermiku pesemine praktiliselt v\u00f5imatu ilma autot korralikult \u00f5hku t\u00f5stmata ja just siis tuleb appi Veermikupesur! Kerealuse pesuriga saab survepesuri juga nelja ca 50 cm laiuse ventilaatoriga 40\u00b0 ventilaatoriotsiku abil suunata otse auto p\u00f5hja. Pesuri otsikud on p\u00f5hja suhtes piisavalt \u00f5rnad, kuid samas piisavalt t\u00f5husad, et eemaldada ka n\u00e4iteks talvel p\u00f5hja kinni j\u00e4\u00e4nud tihke mustus. Veermikupesuriga on kaasas kolm pikendushooba, millest kaks on t\u00e4iesti sirged ja \u00fcks on viimase 10 cm jooksul ca 45\u00b0 nurga all painutatud, mis t\u00e4hendab, et sa ei pea seisma ega lamama auto k\u00f5rval, vaid pesemine k\u00e4ib ergonoomiliselt p\u00fcstises asendis! Veermiku pesur kinnitatakse survepesuri k\u00e4epideme k\u00fclge mugava, uue ja tugeva SnapLock\u2122 kiir\u00fchendusega, mis v\u00f5imaldab vajadusel toru k\u00e4epidemest kiiresti ja lihtsalt eemaldada, isegi kui survepesuri originaalkinnituss\u00fcsteem oli vaja kinnitada kruviga v\u00f5i muul aeglasemal viisil.<\/p>\n","protected":false},"excerpt":{"rendered":"<p>Dr DirtAutode, t\u00f6\u00f6masinate ja muude s\u00f5idukite veermiku pesemiseks m\u00f5eldud survepesuri vars, mis muudab teie pesukogemuse revolutsiooniliseks! Laagriratastel p\u00f6\u00f6rlev nelja lameda otsakuga varustatud p\u00f5hja pesur peseb veermiku \u00f5rnalt, kuid t\u00f5husalt! 50 cm survepesu vars, 118 cm k\u00e4epidemevars.<\/p>\n","protected":false},"featured_media":2879,"comment_status":"closed","ping_status":"open","template":"","meta":{"_monsterinsights_skip_tracking":false,"_monsterinsights_sitenote_active":false,"_monsterinsights_sitenote_note":"","_monsterinsights_sitenote_category":0},"product_brand":[],"product_cat":[46],"product_tag":[],"class_list":{"0":"post-2878","1":"product","2":"type-product","3":"status-publish","4":"has-post-thumbnail","6":"product_cat-autohooldus-muu","7":"pa_brand-dr-dirt","8":"pa_kasutusotstarve-surve-pesuri-lisavarustus-auto-pohjapesuks","9":"pa_moodud-125-cm","10":"pa_uhiku-hind-74-90e-tk","12":"first","13":"onbackorder","14":"taxable","15":"shipping-taxable","16":"purchasable","17":"product-type-simple"},"_links":{"self":[{"href":"https:\/\/chemicalstore.ee\/ru\/wp-json\/wp\/v2\/product\/2878","targetHints":{"allow":["GET"]}}],"collection":[{"href":"https:\/\/chemicalstore.ee\/ru\/wp-json\/wp\/v2\/product"}],"about":[{"href":"https:\/\/chemicalstore.ee\/ru\/wp-json\/wp\/v2\/types\/product"}],"replies":[{"embeddable":true,"href":"https:\/\/chemicalstore.ee\/ru\/wp-json\/wp\/v2\/comments?post=2878"}],"wp:featuredmedia":[{"embeddable":true,"href":"https:\/\/chemicalstore.ee\/ru\/wp-json\/wp\/v2\/media\/2879"}],"wp:attachment":[{"href":"https:\/\/chemicalstore.ee\/ru\/wp-json\/wp\/v2\/media?parent=2878"}],"wp:term":[{"taxonomy":"product_brand","embeddable":true,"href":"https:\/\/chemicalstore.ee\/ru\/wp-json\/wp\/v2\/product_brand?post=2878"},{"taxonomy":"product_cat","embeddable":true,"href":"https:\/\/chemicalstore.ee\/ru\/wp-json\/wp\/v2\/product_cat?post=2878"},{"taxonomy":"product_tag","embeddable":true,"href":"https:\/\/chemicalstore.ee\/ru\/wp-json\/wp\/v2\/product_tag?post=2878"}],"curies":[{"name":"wp","href":"https:\/\/api.w.org\/{rel}","templated":true}]}}