{"id":2864,"date":"2024-10-02T13:10:24","date_gmt":"2024-10-02T13:10:24","guid":{"rendered":"https:\/\/chemicalstore.ee\/toode\/survepesuri-vars-extension-g3-snaplock-ainult-vars-dr-dirt\/"},"modified":"2024-10-02T13:10:31","modified_gmt":"2024-10-02T13:10:31","slug":"survepesuri-vars-extension-g3-snaplock-ainult-vars-dr-dirt","status":"publish","type":"product","link":"https:\/\/chemicalstore.ee\/ru\/toode\/survepesuri-vars-extension-g3-snaplock-ainult-vars-dr-dirt\/","title":{"rendered":"Survepesuri vars Extension G3, SnapLock, ainult vars  &#8211; Dr Dirt"},"content":{"rendered":"<p>Dr Dirt Extension G3 (2024) on l\u00fchikese (190 mm) survepesuri varre uuendatud versioon, mille saab \u00fchendada \u00fclipopulaarse Dr Dirt survepesuri originaalpihustustoru asendamiseks. Uuendatud 2024. aasta versioon on varustatud veelgi ergonoomilisema k\u00e4epidemega ning d\u00fc\u00fcsid on n\u00fc\u00fcd tugeva ja vastupidava SnapLock\u2122 kiir\u00fchendusega kinnitatud du\u0161itoru k\u00fclge. L\u00fchike vars sobib k\u00f5ige paremini kitsastes kohtades ja nt autot pestes, kus pole justkui palju ruumi. Pihustustoru kinnitatakse ka pesuri k\u00e4epideme k\u00fclge SnapLock\u2122 kiir\u00fchendusega, mis t\u00e4hendab, et pihustustoru saab vajadusel v\u00e4ga lihtsalt eemaldada v\u00f5i kinnitada, isegi kui pesuri originaalkinnituss\u00fcsteem tuleb kinnitada kruvi v\u00f5i muu meetodil.<\/p>\n","protected":false},"excerpt":{"rendered":"<p>Dr DirtL\u00fchike (190 mm) survepesuri vars, mis kinnitub survepesuri k\u00e4epideme k\u00fclge \u00fclimugava SnapLock\u2122 kiir\u00fchendusega, millel on kuni 4 erinevat otsikut k\u00f5ikideks pesemisolukordadeks! Sobib k\u00f5ikidele snap lock kinnitusega survepesuritele.<\/p>\n","protected":false},"featured_media":2865,"comment_status":"closed","ping_status":"open","template":"","meta":{"_monsterinsights_skip_tracking":false,"_monsterinsights_sitenote_active":false,"_monsterinsights_sitenote_note":"","_monsterinsights_sitenote_category":0},"product_brand":[],"product_cat":[46],"product_tag":[],"class_list":{"0":"post-2864","1":"product","2":"type-product","3":"status-publish","4":"has-post-thumbnail","6":"product_cat-autohooldus-muu","7":"pa_brand-dr-dirt","8":"pa_kasutusotstarve-survepesuri-pihustustoru-vahetamine-luhikese-mitme-otsikuga-mudeli-vastu","9":"pa_moodud-pikkus-190mm","10":"pa_uhiku-hind-21-90e-tk","12":"first","13":"onbackorder","14":"taxable","15":"shipping-taxable","16":"purchasable","17":"product-type-simple"},"_links":{"self":[{"href":"https:\/\/chemicalstore.ee\/ru\/wp-json\/wp\/v2\/product\/2864","targetHints":{"allow":["GET"]}}],"collection":[{"href":"https:\/\/chemicalstore.ee\/ru\/wp-json\/wp\/v2\/product"}],"about":[{"href":"https:\/\/chemicalstore.ee\/ru\/wp-json\/wp\/v2\/types\/product"}],"replies":[{"embeddable":true,"href":"https:\/\/chemicalstore.ee\/ru\/wp-json\/wp\/v2\/comments?post=2864"}],"wp:featuredmedia":[{"embeddable":true,"href":"https:\/\/chemicalstore.ee\/ru\/wp-json\/wp\/v2\/media\/2865"}],"wp:attachment":[{"href":"https:\/\/chemicalstore.ee\/ru\/wp-json\/wp\/v2\/media?parent=2864"}],"wp:term":[{"taxonomy":"product_brand","embeddable":true,"href":"https:\/\/chemicalstore.ee\/ru\/wp-json\/wp\/v2\/product_brand?post=2864"},{"taxonomy":"product_cat","embeddable":true,"href":"https:\/\/chemicalstore.ee\/ru\/wp-json\/wp\/v2\/product_cat?post=2864"},{"taxonomy":"product_tag","embeddable":true,"href":"https:\/\/chemicalstore.ee\/ru\/wp-json\/wp\/v2\/product_tag?post=2864"}],"curies":[{"name":"wp","href":"https:\/\/api.w.org\/{rel}","templated":true}]}}