{"id":2853,"date":"2024-10-02T13:10:24","date_gmt":"2024-10-02T13:10:24","guid":{"rendered":"https:\/\/chemicalstore.ee\/toode\/survepesuri-otsik-jet-nozzle-g3-6-in-1-snaplockainult-otsik-dr-dirt\/"},"modified":"2024-10-02T13:10:30","modified_gmt":"2024-10-02T13:10:30","slug":"survepesuri-otsik-jet-nozzle-g3-6-in-1-snaplockainult-otsik-dr-dirt","status":"publish","type":"product","link":"https:\/\/chemicalstore.ee\/ru\/toode\/survepesuri-otsik-jet-nozzle-g3-6-in-1-snaplockainult-otsik-dr-dirt\/","title":{"rendered":"Survepesuri otsik Jet nozzle G3 6-in-1, SnapLock,ainult otsik &#8211; Dr Dirt"},"content":{"rendered":"<p>Dr Dirt Jet Nozzle G3 6-in-1 on uuendatud versioon selle tootja \u00fclimugavast kuue erineva pihustusmustriga survepesuri otsikust. Kui tavalisel d\u00fc\u00fcsil on tavaliselt ainult \u00fcks pihustusmuster, siis sellel spetsiaalsel otsikul on neid kuni kuus: 3 erineva laiusega surved\u00fc\u00fcsi (10, 25 ja 40\u00b0) ja kolm vabalt voolavat otsikut, millega saab loputada tundlikke. pindadele v\u00f5i kandke pesuainet (kui survepesuril on pesuainevaru). Otsik kinnitatakse mugavalt uuendatud SnapLock\u2122 kiirpistikuga \u00fchilduva du\u0161itoru (nt Dr Dirt Magic Wand G3) v\u00f5i otse survepesuri k\u00e4epideme k\u00fclge (nt Dr Dirt Pressure Gun G3), mis muudab selle n\u00e4iteks lihtsaks. , et eemaldada see ajutiselt n\u00e4iteks vahustaja teelt ja kinnitada loputusvahend uuesti oma kohale. T\u00e4nu mitmeotstarbelisele otsikule saab k\u00f5ik pesutoimingud tehtud, ilma et peaks eraldi otsikutega j\u00e4ndama. Pihustusmustri muutmine on v\u00e4ga lihtne: otsik keeratakse soovitud, selgelt m\u00e4rgistatud pihustusmustrile.<\/p>\n","protected":false},"excerpt":{"rendered":"<p>Dr DirtMitmeotstarbeline otsik 6 erineva pihustusmustriga (3 surve, 3 vabalt voolavat). 1\/4&#8243; kiir\u00fchendus, \u00fchildub enamiku kiirliitmikuga pesurite mudelitega.<\/p>\n","protected":false},"featured_media":2854,"comment_status":"closed","ping_status":"open","template":"","meta":{"_monsterinsights_skip_tracking":false,"_monsterinsights_sitenote_active":false,"_monsterinsights_sitenote_note":"","_monsterinsights_sitenote_category":0},"product_brand":[],"product_cat":[46],"product_tag":[],"class_list":{"0":"post-2853","1":"product","2":"type-product","3":"status-publish","4":"has-post-thumbnail","6":"product_cat-autohooldus-muu","7":"pa_brand-dr-dirt","8":"pa_kasutusotstarve-mitmeotstarbeline-survepesuri-vahetusotsik","9":"pa_sobivus-dr-dirt-snaplock-kiiruhendus-nt-uhildub-dr-dirt-magic-wand-g3-ja-survepustoliga-g3","10":"pa_uhiku-hind-24-90e-tk","12":"first","13":"onbackorder","14":"taxable","15":"shipping-taxable","16":"purchasable","17":"product-type-simple"},"_links":{"self":[{"href":"https:\/\/chemicalstore.ee\/ru\/wp-json\/wp\/v2\/product\/2853","targetHints":{"allow":["GET"]}}],"collection":[{"href":"https:\/\/chemicalstore.ee\/ru\/wp-json\/wp\/v2\/product"}],"about":[{"href":"https:\/\/chemicalstore.ee\/ru\/wp-json\/wp\/v2\/types\/product"}],"replies":[{"embeddable":true,"href":"https:\/\/chemicalstore.ee\/ru\/wp-json\/wp\/v2\/comments?post=2853"}],"wp:featuredmedia":[{"embeddable":true,"href":"https:\/\/chemicalstore.ee\/ru\/wp-json\/wp\/v2\/media\/2854"}],"wp:attachment":[{"href":"https:\/\/chemicalstore.ee\/ru\/wp-json\/wp\/v2\/media?parent=2853"}],"wp:term":[{"taxonomy":"product_brand","embeddable":true,"href":"https:\/\/chemicalstore.ee\/ru\/wp-json\/wp\/v2\/product_brand?post=2853"},{"taxonomy":"product_cat","embeddable":true,"href":"https:\/\/chemicalstore.ee\/ru\/wp-json\/wp\/v2\/product_cat?post=2853"},{"taxonomy":"product_tag","embeddable":true,"href":"https:\/\/chemicalstore.ee\/ru\/wp-json\/wp\/v2\/product_tag?post=2853"}],"curies":[{"name":"wp","href":"https:\/\/api.w.org\/{rel}","templated":true}]}}