{"id":2848,"date":"2024-10-02T13:10:24","date_gmt":"2024-10-02T13:10:24","guid":{"rendered":"https:\/\/chemicalstore.ee\/toode\/pesuainevahusti-adapter-g3-snaplock-gerni-stihl-dr-dirt\/"},"modified":"2024-10-02T13:10:30","modified_gmt":"2024-10-02T13:10:30","slug":"pesuainevahusti-adapter-g3-snaplock-gerni-stihl-dr-dirt","status":"publish","type":"product","link":"https:\/\/chemicalstore.ee\/ru\/toode\/pesuainevahusti-adapter-g3-snaplock-gerni-stihl-dr-dirt\/","title":{"rendered":"Pesuainevahusti adapter G3, SnapLock, Gerni\/Stihl &#8211; Dr Dirt"},"content":{"rendered":"<p>Dr Dirt G3 (SnapLock)survepesurile spetsiaalne SnapLock kiir\u00fchenduse adapter m\u00fc\u00fcakse eraldi, nt. Dr Dirt G3 pesuainevahutajale ja teistele survepesuritele ja pesutarvikutele, mis kasutavad SnapLocki pistikut. Dr Dirt G3 vahustajaga on kaasas pesuri spetsiifiline adapter, kuid eraldi adapter v\u00f5imaldab kasutada sama vahustajat erinevat marki survepesuritel, lihtsalt adapterit vahetades!Saadaval K\u00e4rcheri, Nilfiski, Alto, Boschi, Kr\u00e4nzle, Gerni, Stihli ja Lavori survepesurite jaoks. Adapteri \u00fches otsas survepesuri p\u00fcstoli k\u00e4epideme jaoks sobiv adapter ja teises otsas vahustaja, pesurivarre vms jaoks sobiv SnapLock kiir\u00fchendus.<\/p>\n","protected":false},"excerpt":{"rendered":"<p>Dr DirtKiirliide pesuri k\u00e4epideme ja SnapLock\u2122 kiir\u00fchendustarviku vahel.<\/p>\n","protected":false},"featured_media":2849,"comment_status":"closed","ping_status":"open","template":"","meta":{"_monsterinsights_skip_tracking":false,"_monsterinsights_sitenote_active":false,"_monsterinsights_sitenote_note":"","_monsterinsights_sitenote_category":0},"product_brand":[],"product_cat":[46],"product_tag":[],"class_list":{"0":"post-2848","1":"product","2":"type-product","3":"status-publish","4":"has-post-thumbnail","6":"product_cat-autohooldus-muu","7":"pa_brand-dr-dirt","8":"pa_kasutusotstarve-survepesuri-pihustustoru-vahetus-kahe-eraldi-tarviku-samaaegseks-kasutamiseks","9":"pa_moodud-pikkus-250-mm","10":"pa_uhiku-hind-4-90e-tk","12":"first","13":"onbackorder","14":"taxable","15":"shipping-taxable","16":"purchasable","17":"product-type-simple"},"_links":{"self":[{"href":"https:\/\/chemicalstore.ee\/ru\/wp-json\/wp\/v2\/product\/2848","targetHints":{"allow":["GET"]}}],"collection":[{"href":"https:\/\/chemicalstore.ee\/ru\/wp-json\/wp\/v2\/product"}],"about":[{"href":"https:\/\/chemicalstore.ee\/ru\/wp-json\/wp\/v2\/types\/product"}],"replies":[{"embeddable":true,"href":"https:\/\/chemicalstore.ee\/ru\/wp-json\/wp\/v2\/comments?post=2848"}],"wp:featuredmedia":[{"embeddable":true,"href":"https:\/\/chemicalstore.ee\/ru\/wp-json\/wp\/v2\/media\/2849"}],"wp:attachment":[{"href":"https:\/\/chemicalstore.ee\/ru\/wp-json\/wp\/v2\/media?parent=2848"}],"wp:term":[{"taxonomy":"product_brand","embeddable":true,"href":"https:\/\/chemicalstore.ee\/ru\/wp-json\/wp\/v2\/product_brand?post=2848"},{"taxonomy":"product_cat","embeddable":true,"href":"https:\/\/chemicalstore.ee\/ru\/wp-json\/wp\/v2\/product_cat?post=2848"},{"taxonomy":"product_tag","embeddable":true,"href":"https:\/\/chemicalstore.ee\/ru\/wp-json\/wp\/v2\/product_tag?post=2848"}],"curies":[{"name":"wp","href":"https:\/\/api.w.org\/{rel}","templated":true}]}}