{"id":2837,"date":"2024-10-02T13:10:24","date_gmt":"2024-10-02T13:10:24","guid":{"rendered":"https:\/\/chemicalstore.ee\/toode\/pesuvars-dual-valve-g3-snaplock-dr-dirt\/"},"modified":"2024-10-02T13:10:29","modified_gmt":"2024-10-02T13:10:29","slug":"pesuvars-dual-valve-g3-snaplock-dr-dirt","status":"publish","type":"product","link":"https:\/\/chemicalstore.ee\/ru\/toode\/pesuvars-dual-valve-g3-snaplock-dr-dirt\/","title":{"rendered":"Pesuvars Dual Valve G3, SnapLock &#8211; Dr Dirt"},"content":{"rendered":"<p>Dr Dirt Dual Valve G3 on erakordselt mugav pihustustoru survepesurile. Dual Valve&#8217;il on fikseeritud &#8220;traditsiooniline&#8221; 25 cm pikkune pihustustoru, mille otsas on vahetatav 25\u00b0 otsik, mis on varustatud kiir\u00fchendusega. Eriliseks teeb toote aga see, et lisaks fikseeritud du\u0161itorule saab selle k\u00fclge kinnitada veel \u00fche lisatarviku, n\u00e4iteks vahustaja. P\u00e4rast seda saate nende kahe tarviku vahel vahetada lihtsalt liugventiili libistades. Seadmete vahel vahetamine ei saaks olla lihtsam! Dual Valve G3 on varustatud tugeva korrosiooni- ja kulumiskindla Dr Dirt SnapLock\u2122 kiirpistikuga, t\u00e4nu millele saab pihustustoru p\u00fcstoli k\u00e4epidemest v\u00e4ga lihtsalt eemaldada, isegi kui pesuri originaalkinnituss\u00fcsteem tuleks kinnitada. kruviga v\u00f5i muul aeglasemal meetodil. Otsik kinnitub du\u0161itoru otsa 1\/4&#8243; kiir\u00fchendusega, mis t\u00e4hendab, et vajadusel saab otsiku v\u00e4ga lihtsalt vahetada nt erineva laiusega ventilaatoriga varustatud (saadaval lisavarustusena) vastu.<\/p>\n","protected":false},"excerpt":{"rendered":"<p>Dr DirtK\u00f5igile survepesuritele sobiv SnapLock\u2122 kiir\u00fchendusega pesurivars, mis v\u00f5imaldab kasutada pesurit ja nt vahustit koos. Nende vahel vahetamine toimub liugklapiga!<\/p>\n","protected":false},"featured_media":2838,"comment_status":"closed","ping_status":"open","template":"","meta":{"_monsterinsights_skip_tracking":false,"_monsterinsights_sitenote_active":false,"_monsterinsights_sitenote_note":"","_monsterinsights_sitenote_category":0},"product_brand":[],"product_cat":[46],"product_tag":[],"class_list":{"0":"post-2837","1":"product","2":"type-product","3":"status-publish","4":"has-post-thumbnail","6":"product_cat-autohooldus-muu","7":"pa_brand-dr-dirt","8":"pa_kasutusotstarve-survepesuri-pihustustoru-vahetus-kahe-eraldi-tarviku-samaaegseks-kasutamiseks","9":"pa_moodud-pikkus-250-mm","10":"pa_uhiku-hind-34-90e-tk","12":"first","13":"onbackorder","14":"taxable","15":"shipping-taxable","16":"purchasable","17":"product-type-simple"},"_links":{"self":[{"href":"https:\/\/chemicalstore.ee\/ru\/wp-json\/wp\/v2\/product\/2837","targetHints":{"allow":["GET"]}}],"collection":[{"href":"https:\/\/chemicalstore.ee\/ru\/wp-json\/wp\/v2\/product"}],"about":[{"href":"https:\/\/chemicalstore.ee\/ru\/wp-json\/wp\/v2\/types\/product"}],"replies":[{"embeddable":true,"href":"https:\/\/chemicalstore.ee\/ru\/wp-json\/wp\/v2\/comments?post=2837"}],"wp:featuredmedia":[{"embeddable":true,"href":"https:\/\/chemicalstore.ee\/ru\/wp-json\/wp\/v2\/media\/2838"}],"wp:attachment":[{"href":"https:\/\/chemicalstore.ee\/ru\/wp-json\/wp\/v2\/media?parent=2837"}],"wp:term":[{"taxonomy":"product_brand","embeddable":true,"href":"https:\/\/chemicalstore.ee\/ru\/wp-json\/wp\/v2\/product_brand?post=2837"},{"taxonomy":"product_cat","embeddable":true,"href":"https:\/\/chemicalstore.ee\/ru\/wp-json\/wp\/v2\/product_cat?post=2837"},{"taxonomy":"product_tag","embeddable":true,"href":"https:\/\/chemicalstore.ee\/ru\/wp-json\/wp\/v2\/product_tag?post=2837"}],"curies":[{"name":"wp","href":"https:\/\/api.w.org\/{rel}","templated":true}]}}