{"id":2829,"date":"2024-10-02T13:10:24","date_gmt":"2024-10-02T13:10:24","guid":{"rendered":"https:\/\/chemicalstore.ee\/toode\/adapter-inlet-adapter-karcher-k-dr-dirt\/"},"modified":"2024-10-02T13:10:28","modified_gmt":"2024-10-02T13:10:28","slug":"adapter-inlet-adapter-karcher-k-dr-dirt","status":"publish","type":"product","link":"https:\/\/chemicalstore.ee\/ru\/toode\/adapter-inlet-adapter-karcher-k-dr-dirt\/","title":{"rendered":"Adapter Inlet Adapter, K\u00e4rcher K &#8211; Dr Dirt"},"content":{"rendered":"<p>Dr Dirt Inlet Adapter on K\u00e4rcheri K-seeria survepesurite jaoks m\u00f5eldud adapter, mida saab kasutada pesuri uuendamiseks, et see \u00fchilduks nt Dr Dirt Pressure Gun G3, SnapLock k\u00e4epidemega. Adapteri \u00fches otsas on pistik, mis sobib otse survevoolikuga ja teises otsas on M22 keerme, mis sobib enamiku turul pakutavate pesuk\u00e4epidemetega. V\u00e4rskendades pesuri n\u00e4iteks Dr Dirt Pressure Gun k\u00e4epidemega, saad kasutada ka laias valikus erinevaid Dr Dirt&#8217;s SnapLock\u2122 kiirpistikuga t\u00f6\u00f6tavaid tarvikuid, mis muudavad pesemistoimingud oluliselt lihtsamaks!<\/p>\n","protected":false},"excerpt":{"rendered":"<p>Dr DirtK\u00e4rcheri K-seeria pesuritele m\u00f5eldud adapter, mis muudab pesuri \u00fchilduvaks M22 keermega varustatud pesuri k\u00e4epidemetega! Selle adapteriga saab \u00fchendada nt pesuriga. Dr Dirt Pressure Gun G3 koos SnapLock\u2122 kiirliitmikuga!<\/p>\n","protected":false},"featured_media":2830,"comment_status":"closed","ping_status":"open","template":"","meta":{"_monsterinsights_skip_tracking":false,"_monsterinsights_sitenote_active":false,"_monsterinsights_sitenote_note":"","_monsterinsights_sitenote_category":0},"product_brand":[],"product_cat":[46],"product_tag":[],"class_list":{"0":"post-2829","1":"product","2":"type-product","3":"status-publish","4":"has-post-thumbnail","6":"product_cat-autohooldus-muu","7":"pa_brand-dr-dirt","8":"pa_kasutusotstarve-karcheri-k-seeria-survevoolikute-muutmine-m22-uhilduvateks","9":"pa_kestvus-rohu-kestvus-135-bar","10":"pa_uhiku-hind-14-90e-tk","12":"first","13":"onbackorder","14":"taxable","15":"shipping-taxable","16":"purchasable","17":"product-type-simple"},"_links":{"self":[{"href":"https:\/\/chemicalstore.ee\/ru\/wp-json\/wp\/v2\/product\/2829","targetHints":{"allow":["GET"]}}],"collection":[{"href":"https:\/\/chemicalstore.ee\/ru\/wp-json\/wp\/v2\/product"}],"about":[{"href":"https:\/\/chemicalstore.ee\/ru\/wp-json\/wp\/v2\/types\/product"}],"replies":[{"embeddable":true,"href":"https:\/\/chemicalstore.ee\/ru\/wp-json\/wp\/v2\/comments?post=2829"}],"wp:featuredmedia":[{"embeddable":true,"href":"https:\/\/chemicalstore.ee\/ru\/wp-json\/wp\/v2\/media\/2830"}],"wp:attachment":[{"href":"https:\/\/chemicalstore.ee\/ru\/wp-json\/wp\/v2\/media?parent=2829"}],"wp:term":[{"taxonomy":"product_brand","embeddable":true,"href":"https:\/\/chemicalstore.ee\/ru\/wp-json\/wp\/v2\/product_brand?post=2829"},{"taxonomy":"product_cat","embeddable":true,"href":"https:\/\/chemicalstore.ee\/ru\/wp-json\/wp\/v2\/product_cat?post=2829"},{"taxonomy":"product_tag","embeddable":true,"href":"https:\/\/chemicalstore.ee\/ru\/wp-json\/wp\/v2\/product_tag?post=2829"}],"curies":[{"name":"wp","href":"https:\/\/api.w.org\/{rel}","templated":true}]}}