{"id":2812,"date":"2024-10-02T13:10:24","date_gmt":"2024-10-02T13:10:24","guid":{"rendered":"https:\/\/chemicalstore.ee\/toode\/leotusainetriple-degreaser-spray-1000ml\/"},"modified":"2024-10-02T13:10:26","modified_gmt":"2024-10-02T13:10:26","slug":"leotusainetriple-degreaser-spray-1000ml","status":"publish","type":"product","link":"https:\/\/chemicalstore.ee\/ru\/toode\/leotusainetriple-degreaser-spray-1000ml\/","title":{"rendered":"Leotusaine,Triple Degreaser, Spray &#8211; 1000ml"},"content":{"rendered":"<p>CAR5 Triple Degreaser on lihtsalt kasutatav ja kiire toimega kolm-\u00fches eelpesuaine. Aine on kombineeritud rasvaeemaldaja\/lahusti ja rauaeemaldajaga, seega toimib see suurep\u00e4raselt eelpesuvahendina v\u00f5i abivahendina eelpesu faasis raua eemaldamisel. Lisaks toimib aine hiilgavalt velgede pesemisel\/eelpesul, eemaldades nii tihedalt liibuva mustuse kui piduritolmu. Triple Degreaser eemaldab t\u00f5husalt orgaanilise mustuse osakesed, pigi- ja asfaldiplekid ning teesoola s\u00f5iduki v\u00e4lispindadelt, samuti eemaldab see rauaj\u00e4\u00e4gid ja piduritolmu, muutes p\u00f5hjaliku pesu t\u00f6\u00f6etapid oluliselt lihtsamaks. Triple Degreaseri emulgeeriv toime seob keemilised koostisained omavahel ning selle kolmetoimeline koostis teeb sellest \u00fclit\u00f5husa k\u00f5ik-\u00fches t\u00fc\u00fcpi eelpesuri, mis hammustab suurep\u00e4raselt erinevat t\u00fc\u00fcpi mustuseosakesi, muutes auto pesemise palju lihtsamaks, eriti talvel!<\/p>\n","protected":false},"excerpt":{"rendered":"<p>Car5Kiiretoimeline ja t\u00f5hus eelpesuvahend, mis toimib \u00fcheaegselt nii rasvaeemaldajana, leotusainena kui ka rauaeemaldajana. eemaldab nt. pigi- ja asfaldiplekkide, teesoola, rauaj\u00e4\u00e4kide ja piduritolmu. Saadaval 1000 ml ja 5000 ml pakendites.<\/p>\n","protected":false},"featured_media":2813,"comment_status":"closed","ping_status":"open","template":"","meta":{"_monsterinsights_skip_tracking":false,"_monsterinsights_sitenote_active":false,"_monsterinsights_sitenote_note":"","_monsterinsights_sitenote_category":0},"product_brand":[],"product_cat":[35],"product_tag":[],"class_list":{"0":"post-2812","1":"product","2":"type-product","3":"status-publish","4":"has-post-thumbnail","6":"product_cat-puhastusvahendid-autohooldustooted","7":"pa_brand-car5","8":"pa_kasutusotstarve-eelpesuvahendina-eelpesu-taiustamiseks-ja-rauaeemaldamiseks","9":"pa_lahjendussuhe-kasutusvalmis","10":"pa_uhiku-hind-16-90e-l","12":"first","13":"onbackorder","14":"taxable","15":"shipping-taxable","16":"purchasable","17":"product-type-simple"},"_links":{"self":[{"href":"https:\/\/chemicalstore.ee\/ru\/wp-json\/wp\/v2\/product\/2812","targetHints":{"allow":["GET"]}}],"collection":[{"href":"https:\/\/chemicalstore.ee\/ru\/wp-json\/wp\/v2\/product"}],"about":[{"href":"https:\/\/chemicalstore.ee\/ru\/wp-json\/wp\/v2\/types\/product"}],"replies":[{"embeddable":true,"href":"https:\/\/chemicalstore.ee\/ru\/wp-json\/wp\/v2\/comments?post=2812"}],"wp:featuredmedia":[{"embeddable":true,"href":"https:\/\/chemicalstore.ee\/ru\/wp-json\/wp\/v2\/media\/2813"}],"wp:attachment":[{"href":"https:\/\/chemicalstore.ee\/ru\/wp-json\/wp\/v2\/media?parent=2812"}],"wp:term":[{"taxonomy":"product_brand","embeddable":true,"href":"https:\/\/chemicalstore.ee\/ru\/wp-json\/wp\/v2\/product_brand?post=2812"},{"taxonomy":"product_cat","embeddable":true,"href":"https:\/\/chemicalstore.ee\/ru\/wp-json\/wp\/v2\/product_cat?post=2812"},{"taxonomy":"product_tag","embeddable":true,"href":"https:\/\/chemicalstore.ee\/ru\/wp-json\/wp\/v2\/product_tag?post=2812"}],"curies":[{"name":"wp","href":"https:\/\/api.w.org\/{rel}","templated":true}]}}