{"id":2807,"date":"2024-10-02T13:10:24","date_gmt":"2024-10-02T13:10:24","guid":{"rendered":"https:\/\/chemicalstore.ee\/toode\/veljepuhastus-harinoodle-wheel-brush-car5\/"},"modified":"2024-10-02T13:10:25","modified_gmt":"2024-10-02T13:10:25","slug":"veljepuhastus-harinoodle-wheel-brush-car5","status":"publish","type":"product","link":"https:\/\/chemicalstore.ee\/ru\/toode\/veljepuhastus-harinoodle-wheel-brush-car5\/","title":{"rendered":"Veljepuhastus hari,Noodle Wheel Brush &#8211; Car5"},"content":{"rendered":"<p>CAR5 Noodle Wheel Brush on spetsiaalselt velgede pesemiseks m\u00f5eldud hari, mille mikrokiust struktuur peab vastu ka tugevale kulumisele. Suured ja pehmed harjased on \u00f5rnad ja imavad ning t\u00e4nu suurep\u00e4rasele imavusele ei pea hari olema pesu\u00e4mbris pidevalt. Lisaks parandab mikrokiud materjalina harja pesuv\u00f5imet, muutes velgede puhastamise t\u00f5husaks ja kiireks. Pesuharja pehme ja painduv struktuur tagab, et pestav pind pesemise ajal ei kriimustu. Noodle Wheel Brush harjaosa on 25 cm pikkune, seega saab sellega puhastada velgi seest v\u00e4ljapoole, ka k\u00fclgede tagant ja siseservalt. T\u00e4nu lamedale disainile suudab hari puhastada ka k\u00f5ige kitsamad praod, kuhu paksema harjaga ligi ei p\u00e4\u00e4se. Noodle Wheel Brushi k\u00e4epideme pind on tekstureeritud, et tagada kindel haardumine ja seega ei libise pintsel isegi m\u00e4rgade k\u00e4te k\u00e4est. Lisaks on k\u00e4epide varustatud mugava riputuskonksuga, mis h\u00f5lbustab hoiustamist.<\/p>\n","protected":false},"excerpt":{"rendered":"<p>Car5Pikkade mikrokiud harjaste struktuuriga pesuhari, mis on m\u00f5eldud eelk\u00f5ige velgede puhastamiseks. \u00d5rn ja pehme hari. Pikkus 45 cm<\/p>\n","protected":false},"featured_media":2808,"comment_status":"closed","ping_status":"open","template":"","meta":{"_monsterinsights_skip_tracking":false,"_monsterinsights_sitenote_active":false,"_monsterinsights_sitenote_note":"","_monsterinsights_sitenote_category":0},"product_brand":[],"product_cat":[35],"product_tag":[],"class_list":{"0":"post-2807","1":"product","2":"type-product","3":"status-publish","4":"has-post-thumbnail","6":"product_cat-puhastusvahendid-autohooldustooted","7":"pa_brand-car5","8":"pa_kasutusotstarve-velgede-pesu","9":"pa_moodud-pikkus-40-cm-harja-osa-25-cm","10":"pa_uhiku-hind-14-90e-tk","12":"first","13":"onbackorder","14":"taxable","15":"shipping-taxable","16":"purchasable","17":"product-type-simple"},"_links":{"self":[{"href":"https:\/\/chemicalstore.ee\/ru\/wp-json\/wp\/v2\/product\/2807","targetHints":{"allow":["GET"]}}],"collection":[{"href":"https:\/\/chemicalstore.ee\/ru\/wp-json\/wp\/v2\/product"}],"about":[{"href":"https:\/\/chemicalstore.ee\/ru\/wp-json\/wp\/v2\/types\/product"}],"replies":[{"embeddable":true,"href":"https:\/\/chemicalstore.ee\/ru\/wp-json\/wp\/v2\/comments?post=2807"}],"wp:featuredmedia":[{"embeddable":true,"href":"https:\/\/chemicalstore.ee\/ru\/wp-json\/wp\/v2\/media\/2808"}],"wp:attachment":[{"href":"https:\/\/chemicalstore.ee\/ru\/wp-json\/wp\/v2\/media?parent=2807"}],"wp:term":[{"taxonomy":"product_brand","embeddable":true,"href":"https:\/\/chemicalstore.ee\/ru\/wp-json\/wp\/v2\/product_brand?post=2807"},{"taxonomy":"product_cat","embeddable":true,"href":"https:\/\/chemicalstore.ee\/ru\/wp-json\/wp\/v2\/product_cat?post=2807"},{"taxonomy":"product_tag","embeddable":true,"href":"https:\/\/chemicalstore.ee\/ru\/wp-json\/wp\/v2\/product_tag?post=2807"}],"curies":[{"name":"wp","href":"https:\/\/api.w.org\/{rel}","templated":true}]}}