{"id":2797,"date":"2024-10-02T13:10:08","date_gmt":"2024-10-02T13:10:08","guid":{"rendered":"https:\/\/chemicalstore.ee\/toode\/pihustipremium-mist-hd-51-mm-car5\/"},"modified":"2024-10-02T13:10:21","modified_gmt":"2024-10-02T13:10:21","slug":"pihustipremium-mist-hd-51-mm-car5","status":"publish","type":"product","link":"https:\/\/chemicalstore.ee\/ru\/toode\/pihustipremium-mist-hd-51-mm-car5\/","title":{"rendered":"Pihusti,Premium Mist HD, 51 mm &#8211; Car5"},"content":{"rendered":"<p>CAR5 Premium Mist HD on 51 mm keermega kanistritele sobiv pihustuspea, mille abil saab ka suuremast kanistrist lihtsa vaevaga valmis pihustuspudel. Pihusti pikk painduv voolik, mis talub ka karmimaid kemikaale, tagab, et rasket kanistrit ei pea pidevalt k\u00e4es hoidma, vaid selle saab vedeliku pealekandmise ajaks n\u00e4iteks maapinnale alla lasta. T\u00e4nu Premium Mist HD-le ei pea pesuaineid enam enne kasutamist v\u00e4iksematesse pudelitesse valama ning s\u00e4\u00e4stupakke saab kasutada ka nagu tavalisi pihustuspudeleid!<\/p>\n","protected":false},"excerpt":{"rendered":"<p>Car5Superk\u00e4ep\u00e4rane pihustipea, millega ka suuremast kanistrist saab kasutusvalmis pihustipudel! Mugavuse tagavad reguleeritav pihusti, pikk, painduv voolik ning kemikaalikindel. Sobib 51 mm keermega kanistritele.<\/p>\n","protected":false},"featured_media":2798,"comment_status":"closed","ping_status":"open","template":"","meta":{"_monsterinsights_skip_tracking":false,"_monsterinsights_sitenote_active":false,"_monsterinsights_sitenote_note":"","_monsterinsights_sitenote_category":0},"product_brand":[],"product_cat":[46],"product_tag":[],"class_list":{"0":"post-2797","1":"product","2":"type-product","3":"status-publish","4":"has-post-thumbnail","6":"product_cat-autohooldus-muu","7":"pa_brand-car5","8":"pa_kasutusotstarve-pesuainete-pealekandmine","9":"pa_sobivus-keermetele-labimooduga-51-mm","10":"pa_uhiku-hind-11-90e-tk","12":"first","13":"onbackorder","14":"taxable","15":"shipping-taxable","16":"purchasable","17":"product-type-simple"},"_links":{"self":[{"href":"https:\/\/chemicalstore.ee\/ru\/wp-json\/wp\/v2\/product\/2797","targetHints":{"allow":["GET"]}}],"collection":[{"href":"https:\/\/chemicalstore.ee\/ru\/wp-json\/wp\/v2\/product"}],"about":[{"href":"https:\/\/chemicalstore.ee\/ru\/wp-json\/wp\/v2\/types\/product"}],"replies":[{"embeddable":true,"href":"https:\/\/chemicalstore.ee\/ru\/wp-json\/wp\/v2\/comments?post=2797"}],"wp:featuredmedia":[{"embeddable":true,"href":"https:\/\/chemicalstore.ee\/ru\/wp-json\/wp\/v2\/media\/2798"}],"wp:attachment":[{"href":"https:\/\/chemicalstore.ee\/ru\/wp-json\/wp\/v2\/media?parent=2797"}],"wp:term":[{"taxonomy":"product_brand","embeddable":true,"href":"https:\/\/chemicalstore.ee\/ru\/wp-json\/wp\/v2\/product_brand?post=2797"},{"taxonomy":"product_cat","embeddable":true,"href":"https:\/\/chemicalstore.ee\/ru\/wp-json\/wp\/v2\/product_cat?post=2797"},{"taxonomy":"product_tag","embeddable":true,"href":"https:\/\/chemicalstore.ee\/ru\/wp-json\/wp\/v2\/product_tag?post=2797"}],"curies":[{"name":"wp","href":"https:\/\/api.w.org\/{rel}","templated":true}]}}