{"id":2791,"date":"2024-10-02T13:10:08","date_gmt":"2024-10-02T13:10:08","guid":{"rendered":"https:\/\/chemicalstore.ee\/toode\/puhastushariscrub-block-car5\/"},"modified":"2024-10-02T13:10:20","modified_gmt":"2024-10-02T13:10:20","slug":"puhastushariscrub-block-car5","status":"publish","type":"product","link":"https:\/\/chemicalstore.ee\/ru\/toode\/puhastushariscrub-block-car5\/","title":{"rendered":"Puhastushari,Scrub Block &#8211; Car5"},"content":{"rendered":"<p>CAR5 Scrub Block on s\u00f5idukite sisepindade puhastusvahend, mis sobib nii nahkistmete kui ka tekstureeritud vin\u00fc\u00fcl- ja plastpindade t\u00f5husaks, kuid \u00f5rnaks puhastamiseks. Scrub Blocki puhastuspind on valmistatud uuenduslikust ja v\u00e4ga \u00f5rnast harjataolisest materjalist, mis eemaldab pestavatelt pindadelt ka k\u00f5ige tugevama mustuse. Selle v\u00f5lu peitub pisikestes harjastes, mis ulatuvad pinnatekstuuri k\u00f5ige s\u00fcgavamatesse ja kitsamatesse soontesse, puhastades pinda s\u00fcgavuti ka sinna, kuhu n\u00e4iteks tavaline mikrokiudlapp lihtsalt ei ulatu. Blocki ergonoomiline disain muudab selle k\u00e4sitsemise lihtsaks ja see sobib nagu kinnas teie peopessa. Nii saab ka k\u00f5ige t\u00f5rksamat mustust kergesti n\u00fchkida, ilma et peaks puhastusvahendile suurt survet avaldama. Scrub Block on spetsiaalselt loodud auto sisepindade puhastamiseks, kui otsite parimat v\u00f5imalikku puhastusj\u00f5udu.<\/p>\n","protected":false},"excerpt":{"rendered":"<p>Car5Harjalaadsest materjalist sisepindade puhastamiseks m\u00f5eldud puhastusvahend. \u00d5rnad harjased tungivad nii nahk- kui ka tekstureeritud plastpindade pooridesse, puhastades neid t\u00f5husalt.<\/p>\n","protected":false},"featured_media":2792,"comment_status":"closed","ping_status":"open","template":"","meta":{"_monsterinsights_skip_tracking":false,"_monsterinsights_sitenote_active":false,"_monsterinsights_sitenote_note":"","_monsterinsights_sitenote_category":0},"product_brand":[],"product_cat":[35],"product_tag":[],"class_list":{"0":"post-2791","1":"product","2":"type-product","3":"status-publish","4":"has-post-thumbnail","6":"product_cat-puhastusvahendid-autohooldustooted","7":"pa_brand-car5","8":"pa_kasutusotstarve-auto-sisemuse-puhastamine-vahade-pealekandmine","9":"pa_moodud-118-x-55-mm","10":"pa_uhiku-hind-8-90e-tk","12":"first","13":"onbackorder","14":"taxable","15":"shipping-taxable","16":"purchasable","17":"product-type-simple"},"_links":{"self":[{"href":"https:\/\/chemicalstore.ee\/ru\/wp-json\/wp\/v2\/product\/2791","targetHints":{"allow":["GET"]}}],"collection":[{"href":"https:\/\/chemicalstore.ee\/ru\/wp-json\/wp\/v2\/product"}],"about":[{"href":"https:\/\/chemicalstore.ee\/ru\/wp-json\/wp\/v2\/types\/product"}],"replies":[{"embeddable":true,"href":"https:\/\/chemicalstore.ee\/ru\/wp-json\/wp\/v2\/comments?post=2791"}],"wp:featuredmedia":[{"embeddable":true,"href":"https:\/\/chemicalstore.ee\/ru\/wp-json\/wp\/v2\/media\/2792"}],"wp:attachment":[{"href":"https:\/\/chemicalstore.ee\/ru\/wp-json\/wp\/v2\/media?parent=2791"}],"wp:term":[{"taxonomy":"product_brand","embeddable":true,"href":"https:\/\/chemicalstore.ee\/ru\/wp-json\/wp\/v2\/product_brand?post=2791"},{"taxonomy":"product_cat","embeddable":true,"href":"https:\/\/chemicalstore.ee\/ru\/wp-json\/wp\/v2\/product_cat?post=2791"},{"taxonomy":"product_tag","embeddable":true,"href":"https:\/\/chemicalstore.ee\/ru\/wp-json\/wp\/v2\/product_tag?post=2791"}],"curies":[{"name":"wp","href":"https:\/\/api.w.org\/{rel}","templated":true}]}}