{"id":2788,"date":"2024-10-02T13:10:08","date_gmt":"2024-10-02T13:10:08","guid":{"rendered":"https:\/\/chemicalstore.ee\/toode\/puhastuspintsli-komplektallround-brush-kit-1komp\/"},"modified":"2024-10-02T13:10:20","modified_gmt":"2024-10-02T13:10:20","slug":"puhastuspintsli-komplektallround-brush-kit-1komp","status":"publish","type":"product","link":"https:\/\/chemicalstore.ee\/ru\/toode\/puhastuspintsli-komplektallround-brush-kit-1komp\/","title":{"rendered":"Puhastuspintsli komplekt,Allround Brush Kit &#8211; 1komp"},"content":{"rendered":"<p>CAR5 Allround Brush Kit sisaldab kahte erineva suurusega harja, millega saab puhastada nii auto sise- kui ka v\u00e4lispindu. Kitsama harjaga puhastushari sobib suurep\u00e4raselt n\u00e4iteks kitsaste ja s\u00fcgavate pragude puhastamiseks, kuhu ei p\u00e4\u00e4se ligi mikrokiudlapi v\u00f5i laiema harjaga. Nende hulka kuuluvad n\u00e4iteks uksevahed, ventilatsioonirestid ja pinkide vahel. Laiemate harjastega hari sobib seevastu suurep\u00e4raselt n\u00e4iteks mudelim\u00e4rkide ja s\u00f5iduki maski puhastamiseks v\u00f5i harjamiseks, et tugevdada pesuaine m\u00f5ju nii sise- kui ka v\u00e4lispindadel. M\u00f5lemal hundil on pikk k\u00e4epide, mis teeb s\u00fcgavate aukude puhastamise lihtsamaks. Pintslid on valmistatud kemikaalikindlast materjalist, seega erinevalt naturaalsetest harjastest puhastusharjadest saab Allround Brushes kasutada ka lahustip\u00f5histe pesuvahenditega.<\/p>\n","protected":false},"excerpt":{"rendered":"<p>Car5Kaks s\u00f5iduki sise- ja v\u00e4lispindade puhastamiseks sobivat puhastusharja, mille harjased taluvad ka lahustip\u00f5hiseid kemikaale! Komplekti kuuluvad 10 mm ja 20 mm paksused harjad.<\/p>\n","protected":false},"featured_media":2789,"comment_status":"closed","ping_status":"open","template":"","meta":{"_monsterinsights_skip_tracking":false,"_monsterinsights_sitenote_active":false,"_monsterinsights_sitenote_note":"","_monsterinsights_sitenote_category":0},"product_brand":[],"product_cat":[35],"product_tag":[],"class_list":{"0":"post-2788","1":"product","2":"type-product","3":"status-publish","4":"has-post-thumbnail","6":"product_cat-puhastusvahendid-autohooldustooted","7":"pa_brand-car5","8":"pa_kasutusotstarve-uldine-kasutus-autode-puhastamisel","9":"pa_moodud-vaiksem-205-x-10-mm-pikkus-x-laius","10":"pa_uhiku-hind-n-a","12":"first","13":"onbackorder","14":"taxable","15":"shipping-taxable","16":"purchasable","17":"product-type-simple"},"_links":{"self":[{"href":"https:\/\/chemicalstore.ee\/ru\/wp-json\/wp\/v2\/product\/2788","targetHints":{"allow":["GET"]}}],"collection":[{"href":"https:\/\/chemicalstore.ee\/ru\/wp-json\/wp\/v2\/product"}],"about":[{"href":"https:\/\/chemicalstore.ee\/ru\/wp-json\/wp\/v2\/types\/product"}],"replies":[{"embeddable":true,"href":"https:\/\/chemicalstore.ee\/ru\/wp-json\/wp\/v2\/comments?post=2788"}],"wp:featuredmedia":[{"embeddable":true,"href":"https:\/\/chemicalstore.ee\/ru\/wp-json\/wp\/v2\/media\/2789"}],"wp:attachment":[{"href":"https:\/\/chemicalstore.ee\/ru\/wp-json\/wp\/v2\/media?parent=2788"}],"wp:term":[{"taxonomy":"product_brand","embeddable":true,"href":"https:\/\/chemicalstore.ee\/ru\/wp-json\/wp\/v2\/product_brand?post=2788"},{"taxonomy":"product_cat","embeddable":true,"href":"https:\/\/chemicalstore.ee\/ru\/wp-json\/wp\/v2\/product_cat?post=2788"},{"taxonomy":"product_tag","embeddable":true,"href":"https:\/\/chemicalstore.ee\/ru\/wp-json\/wp\/v2\/product_tag?post=2788"}],"curies":[{"name":"wp","href":"https:\/\/api.w.org\/{rel}","templated":true}]}}