{"id":2783,"date":"2024-10-02T13:10:08","date_gmt":"2024-10-02T13:10:08","guid":{"rendered":"https:\/\/chemicalstore.ee\/toode\/lapi-komplektallround-towel-car5\/"},"modified":"2024-10-02T13:10:19","modified_gmt":"2024-10-02T13:10:19","slug":"lapi-komplektallround-towel-car5","status":"publish","type":"product","link":"https:\/\/chemicalstore.ee\/ru\/toode\/lapi-komplektallround-towel-car5\/","title":{"rendered":"Lapi komplekt,Allround Towel &#8211; Car5"},"content":{"rendered":"<p>CAR5 Allround Towel sisaldab 6 k\u00e4ep\u00e4rase suurusega (30 x 30 cm) mikrokiudlappi, mida saab kasutada nii s\u00f5iduki v\u00e4lis- kui ka sisepindadel. Allround Towels on valmistatud l\u00fchikese karvaga mikrokiust, mis on struktuurilt pehme ja \u00f5rn. Nii saab lappe kasutada t\u00f5eliselt mitmek\u00fclgselt ning need sobivad praktiliselt k\u00f5ikideks s\u00f5iduki puhastamise ja kaitsmisega seotud t\u00f6\u00f6etappide tegemiseks alates plastpindade ja istmete puhastamisest kuni n\u00e4iteks poleerimispastade eemaldamiseni.<\/p>\n","protected":false},"excerpt":{"rendered":"<p>Car5Kuuest \u00f5mblusteta l\u00fchikese karvaga mikrokiudlappi komplekt auto sise- ja v\u00e4lispindade puhastamiseks, kaitsmiseks ja muuks t\u00f6\u00f6tlemiseks. M\u00f5\u00f5dud 30 x 30 cm.<\/p>\n","protected":false},"featured_media":2784,"comment_status":"closed","ping_status":"open","template":"","meta":{"_monsterinsights_skip_tracking":false,"_monsterinsights_sitenote_active":false,"_monsterinsights_sitenote_note":"","_monsterinsights_sitenote_category":0},"product_brand":[],"product_cat":[35],"product_tag":[],"class_list":{"0":"post-2783","1":"product","2":"type-product","3":"status-publish","4":"has-post-thumbnail","6":"product_cat-puhastusvahendid-autohooldustooted","7":"pa_brand-car5","8":"pa_kasutusotstarve-uldine-kasutus-autode-puhastamisel","9":"pa_moodud-30x30cm","10":"pa_uhiku-hind-1-48e-tk","12":"first","13":"onbackorder","14":"taxable","15":"shipping-taxable","16":"purchasable","17":"product-type-simple"},"_links":{"self":[{"href":"https:\/\/chemicalstore.ee\/ru\/wp-json\/wp\/v2\/product\/2783","targetHints":{"allow":["GET"]}}],"collection":[{"href":"https:\/\/chemicalstore.ee\/ru\/wp-json\/wp\/v2\/product"}],"about":[{"href":"https:\/\/chemicalstore.ee\/ru\/wp-json\/wp\/v2\/types\/product"}],"replies":[{"embeddable":true,"href":"https:\/\/chemicalstore.ee\/ru\/wp-json\/wp\/v2\/comments?post=2783"}],"wp:featuredmedia":[{"embeddable":true,"href":"https:\/\/chemicalstore.ee\/ru\/wp-json\/wp\/v2\/media\/2784"}],"wp:attachment":[{"href":"https:\/\/chemicalstore.ee\/ru\/wp-json\/wp\/v2\/media?parent=2783"}],"wp:term":[{"taxonomy":"product_brand","embeddable":true,"href":"https:\/\/chemicalstore.ee\/ru\/wp-json\/wp\/v2\/product_brand?post=2783"},{"taxonomy":"product_cat","embeddable":true,"href":"https:\/\/chemicalstore.ee\/ru\/wp-json\/wp\/v2\/product_cat?post=2783"},{"taxonomy":"product_tag","embeddable":true,"href":"https:\/\/chemicalstore.ee\/ru\/wp-json\/wp\/v2\/product_tag?post=2783"}],"curies":[{"name":"wp","href":"https:\/\/api.w.org\/{rel}","templated":true}]}}