{"id":2777,"date":"2024-10-02T13:10:08","date_gmt":"2024-10-02T13:10:08","guid":{"rendered":"https:\/\/chemicalstore.ee\/toode\/vaha-aplikaatorwaxing-pad-car5\/"},"modified":"2024-10-02T13:10:18","modified_gmt":"2024-10-02T13:10:18","slug":"vaha-aplikaatorwaxing-pad-car5","status":"publish","type":"product","link":"https:\/\/chemicalstore.ee\/ru\/toode\/vaha-aplikaatorwaxing-pad-car5\/","title":{"rendered":"Vaha aplikaator,Waxing Pad &#8211; Car5"},"content":{"rendered":"<p>CAR5 Waxing Pad on mikrokiust vaha aplikaator, mis on m\u00f5eldud eelk\u00f5ige vahade pealekandmiseks. Muidugi saab seda kasutada ka n\u00e4iteks tuuleklaasi kaitse katmiseks v\u00f5i palsamite pealekandmiseks plast- ja kummidetailidele.Aplikaator on valmistatud l\u00fchikese kiuga mikrofiibrist, mis on \u00fclimalt \u00f5rn ja pehme, seega sobib h\u00e4sti igasuguste pindade t\u00f6\u00f6tlemiseks. T\u00e4nu k\u00f5rgele pol\u00fcamiidisisaldusele libiseb aplikaator h\u00e4sti igal pinnal, mis muudab t\u00f6\u00f6 sujuvamaks. Vahapadi on varustatud kena s\u00f5rmetaskuga, kuhu saab pealekandmise ajal s\u00f5rmi pista. Nii saab tagada, et pealekandmisj\u00e4lg on \u00fchtlane ning aplikaator ei saa kukkuda p\u00f5randale ega maapinnale, mis p\u00f5hjustaks selle m\u00e4\u00e4rdumist.Aplikaator on masinpestav, seega saab seda ikka ja j\u00e4lle pesta ja kasutada.<\/p>\n","protected":false},"excerpt":{"rendered":"<p>Car5L\u00fchikese karvaga mikrokiud aplikaator n\u00e4iteks vahade pealekandmiseks. K\u00e4ep\u00e4rane s\u00f5rmetasku tagak\u00fcljel tagab kindla haarde ja lihtsa k\u00e4sitsemise!<\/p>\n","protected":false},"featured_media":2778,"comment_status":"closed","ping_status":"open","template":"","meta":{"_monsterinsights_skip_tracking":false,"_monsterinsights_sitenote_active":false,"_monsterinsights_sitenote_note":"","_monsterinsights_sitenote_category":0},"product_brand":[],"product_cat":[27],"product_tag":[],"class_list":{"0":"post-2777","1":"product","2":"type-product","3":"status-publish","4":"has-post-thumbnail","6":"product_cat-kaitseained","7":"pa_brand-car5","8":"pa_kasutusotstarve-vaha-voi-keraamilise-kaitse-paigaldus","9":"pa_moodud-100x100mm","10":"pa_uhiku-hind-3-90e-tk","12":"first","13":"onbackorder","14":"taxable","15":"shipping-taxable","16":"purchasable","17":"product-type-simple"},"_links":{"self":[{"href":"https:\/\/chemicalstore.ee\/ru\/wp-json\/wp\/v2\/product\/2777","targetHints":{"allow":["GET"]}}],"collection":[{"href":"https:\/\/chemicalstore.ee\/ru\/wp-json\/wp\/v2\/product"}],"about":[{"href":"https:\/\/chemicalstore.ee\/ru\/wp-json\/wp\/v2\/types\/product"}],"replies":[{"embeddable":true,"href":"https:\/\/chemicalstore.ee\/ru\/wp-json\/wp\/v2\/comments?post=2777"}],"wp:featuredmedia":[{"embeddable":true,"href":"https:\/\/chemicalstore.ee\/ru\/wp-json\/wp\/v2\/media\/2778"}],"wp:attachment":[{"href":"https:\/\/chemicalstore.ee\/ru\/wp-json\/wp\/v2\/media?parent=2777"}],"wp:term":[{"taxonomy":"product_brand","embeddable":true,"href":"https:\/\/chemicalstore.ee\/ru\/wp-json\/wp\/v2\/product_brand?post=2777"},{"taxonomy":"product_cat","embeddable":true,"href":"https:\/\/chemicalstore.ee\/ru\/wp-json\/wp\/v2\/product_cat?post=2777"},{"taxonomy":"product_tag","embeddable":true,"href":"https:\/\/chemicalstore.ee\/ru\/wp-json\/wp\/v2\/product_tag?post=2777"}],"curies":[{"name":"wp","href":"https:\/\/api.w.org\/{rel}","templated":true}]}}