{"id":2771,"date":"2024-10-02T13:10:08","date_gmt":"2024-10-02T13:10:08","guid":{"rendered":"https:\/\/chemicalstore.ee\/toode\/klaasipuhastuslappglass-towel-car5\/"},"modified":"2024-10-02T13:10:18","modified_gmt":"2024-10-02T13:10:18","slug":"klaasipuhastuslappglass-towel-car5","status":"publish","type":"product","link":"https:\/\/chemicalstore.ee\/ru\/toode\/klaasipuhastuslappglass-towel-car5\/","title":{"rendered":"Klaasipuhastuslapp,Glass Towel &#8211; Car5"},"content":{"rendered":"<p>CAR5 Glass Towel on imav mikrokiudlapp, mis on m\u00f5eldud eelk\u00f5ige s\u00f5idukite klaaspindade puhastamiseks ja kuivatamiseks. Vahvlimustriline pind on klaasikuivatuses ainulaadne, kuna ei j\u00e4ta pinnale triipe, selle asemel muutub klaas s\u00e4delevalt puhtaks. Klaasr\u00e4tik on paksem kui tavaline klaasikuivatuslapp (400 g\/m\u00b2) ning lisaks on selle vahvlilaadne kangas t\u00f5eliselt imav. Seega saab \u00fche lapi abil kergesti kuivatada ka suured klaaspinnad, ilma et pind j\u00e4\u00e4ks osaliselt niiskeks. T\u00e4nu suurele pol\u00fcamiidisisaldusele libiseb klaasr\u00e4tik ka pindadel sujuvalt ja lihtsalt, muutes kuivatamise vaevatuks. Lapi \u00f5mblusteta struktuur tagab \u00f5rna puudutuse ning kasutaja ei pea muretsema pindade kriimustuste p\u00e4rast! Mugava suurusega lappi (40 x 40 cm) on lihtne hoida n\u00e4iteks auto kindalaekas v\u00f5i keskkonsoolis, nii et see on alati k\u00e4ep\u00e4rast.<\/p>\n","protected":false},"excerpt":{"rendered":"<p>Car5Vahvlimustriline mikrokiudlapp spetsiaalselt klaaspindade puhastamiseks ja kuivatamiseks. Imav struktuur, ei j\u00e4ta klaasile triipe, kuid j\u00e4tab pinnad ideaalselt puhtaks! M\u00f5\u00f5dud 40 x 40 cm.<\/p>\n","protected":false},"featured_media":2772,"comment_status":"closed","ping_status":"open","template":"","meta":{"_monsterinsights_skip_tracking":false,"_monsterinsights_sitenote_active":false,"_monsterinsights_sitenote_note":"","_monsterinsights_sitenote_category":0},"product_brand":[],"product_cat":[35],"product_tag":[],"class_list":{"0":"post-2771","1":"product","2":"type-product","3":"status-publish","4":"has-post-thumbnail","6":"product_cat-puhastusvahendid-autohooldustooted","7":"pa_brand-car5","8":"pa_kasutusotstarve-klaaspinna-puhastuslapp","9":"pa_moodud-40x40cm","10":"pa_uhiku-hind-7-90e-tk","12":"first","13":"onbackorder","14":"taxable","15":"shipping-taxable","16":"purchasable","17":"product-type-simple"},"_links":{"self":[{"href":"https:\/\/chemicalstore.ee\/ru\/wp-json\/wp\/v2\/product\/2771","targetHints":{"allow":["GET"]}}],"collection":[{"href":"https:\/\/chemicalstore.ee\/ru\/wp-json\/wp\/v2\/product"}],"about":[{"href":"https:\/\/chemicalstore.ee\/ru\/wp-json\/wp\/v2\/types\/product"}],"replies":[{"embeddable":true,"href":"https:\/\/chemicalstore.ee\/ru\/wp-json\/wp\/v2\/comments?post=2771"}],"wp:featuredmedia":[{"embeddable":true,"href":"https:\/\/chemicalstore.ee\/ru\/wp-json\/wp\/v2\/media\/2772"}],"wp:attachment":[{"href":"https:\/\/chemicalstore.ee\/ru\/wp-json\/wp\/v2\/media?parent=2771"}],"wp:term":[{"taxonomy":"product_brand","embeddable":true,"href":"https:\/\/chemicalstore.ee\/ru\/wp-json\/wp\/v2\/product_brand?post=2771"},{"taxonomy":"product_cat","embeddable":true,"href":"https:\/\/chemicalstore.ee\/ru\/wp-json\/wp\/v2\/product_cat?post=2771"},{"taxonomy":"product_tag","embeddable":true,"href":"https:\/\/chemicalstore.ee\/ru\/wp-json\/wp\/v2\/product_tag?post=2771"}],"curies":[{"name":"wp","href":"https:\/\/api.w.org\/{rel}","templated":true}]}}