{"id":2767,"date":"2024-10-02T13:10:08","date_gmt":"2024-10-02T13:10:08","guid":{"rendered":"https:\/\/chemicalstore.ee\/toode\/pesukinnasnoodle-mitt-car5\/"},"modified":"2024-10-02T13:10:17","modified_gmt":"2024-10-02T13:10:17","slug":"pesukinnasnoodle-mitt-car5","status":"publish","type":"product","link":"https:\/\/chemicalstore.ee\/ru\/toode\/pesukinnasnoodle-mitt-car5\/","title":{"rendered":"Pesukinnas,Noodle Mitt &#8211; Car5"},"content":{"rendered":"<p>CAR5 Noodle Mitt on vastupidav ja kergesti hooldatav pesukinnas, mis sobib suurep\u00e4raselt autode ja muude mootors\u00f5idukite pesemiseks. Kinda pikad, mikrokiust harjased ja paks struktuur imavad ohtralt pesuvett ning seda ei pea pidevalt \u0161ampooni\u00e4mbris kastma. Noodle Mitt pehme ja \u00f5rn materjal tagab, et pestav pind ei saaks kriimustada. Pesukindal on eraldi koht p\u00f6idla jaoks, mis tagab nii kindla haarde kindast kui ka parema tunnetuse pestavale esemele ja selle vormidele. Lisaks on suuava varustatud elastsusega, nii et Noodle Mitt ei saa pesemise ajal k\u00e4est kukkuda isegi siis, kui see on end pesuvett t\u00e4is imenud. Noodle Mitt on helde suurusega, nii et see sobib h\u00f5lpsalt suuremale k\u00e4ele ja seda saab kasutada nagu k\u00e4sna, ilma et k\u00e4si oleks kinda sees. T\u00e4nu oma suurusele, imavusele ja suurep\u00e4rastele pesuomadustele sobib Noodle Mitt nii s\u00f5iduautode kui ka suuremate s\u00f5idukite pingutusteta pesemiseks.<\/p>\n","protected":false},"excerpt":{"rendered":"<p>Car5Pikkade ja imavate mikrokiudharjastega varustatud pesukinnas, millega pesed s\u00f5idukit t\u00f5husalt ja vaevata. \u00d5rn ja pehme tekstuur!<\/p>\n","protected":false},"featured_media":2768,"comment_status":"closed","ping_status":"open","template":"","meta":{"_monsterinsights_skip_tracking":false,"_monsterinsights_sitenote_active":false,"_monsterinsights_sitenote_note":"","_monsterinsights_sitenote_category":0},"product_brand":[],"product_cat":[35],"product_tag":[],"class_list":{"0":"post-2767","1":"product","2":"type-product","3":"status-publish","4":"has-post-thumbnail","6":"product_cat-puhastusvahendid-autohooldustooted","7":"pa_brand-car5","8":"pa_kasutusotstarve-autopesu","9":"pa_pesemine-30-trummelkuivatus-lubatud","10":"pa_uhiku-hind-8-90e-tk","12":"first","13":"onbackorder","14":"taxable","15":"shipping-taxable","16":"purchasable","17":"product-type-simple"},"_links":{"self":[{"href":"https:\/\/chemicalstore.ee\/ru\/wp-json\/wp\/v2\/product\/2767","targetHints":{"allow":["GET"]}}],"collection":[{"href":"https:\/\/chemicalstore.ee\/ru\/wp-json\/wp\/v2\/product"}],"about":[{"href":"https:\/\/chemicalstore.ee\/ru\/wp-json\/wp\/v2\/types\/product"}],"replies":[{"embeddable":true,"href":"https:\/\/chemicalstore.ee\/ru\/wp-json\/wp\/v2\/comments?post=2767"}],"wp:featuredmedia":[{"embeddable":true,"href":"https:\/\/chemicalstore.ee\/ru\/wp-json\/wp\/v2\/media\/2768"}],"wp:attachment":[{"href":"https:\/\/chemicalstore.ee\/ru\/wp-json\/wp\/v2\/media?parent=2767"}],"wp:term":[{"taxonomy":"product_brand","embeddable":true,"href":"https:\/\/chemicalstore.ee\/ru\/wp-json\/wp\/v2\/product_brand?post=2767"},{"taxonomy":"product_cat","embeddable":true,"href":"https:\/\/chemicalstore.ee\/ru\/wp-json\/wp\/v2\/product_cat?post=2767"},{"taxonomy":"product_tag","embeddable":true,"href":"https:\/\/chemicalstore.ee\/ru\/wp-json\/wp\/v2\/product_tag?post=2767"}],"curies":[{"name":"wp","href":"https:\/\/api.w.org\/{rel}","templated":true}]}}