{"id":2760,"date":"2024-10-02T13:10:08","date_gmt":"2024-10-02T13:10:08","guid":{"rendered":"https:\/\/chemicalstore.ee\/toode\/pesukinnas5finger-car5\/"},"modified":"2024-10-02T13:10:16","modified_gmt":"2024-10-02T13:10:16","slug":"pesukinnas5finger-car5","status":"publish","type":"product","link":"https:\/\/chemicalstore.ee\/ru\/toode\/pesukinnas5finger-car5\/","title":{"rendered":"Pesukinnas,5Finger &#8211; Car5"},"content":{"rendered":"<p>CAR5 5Finger on kahepoolne pesukinnas, mis sobib eriti h\u00e4sti m\u00e4\u00e4rdunud osade ja kitsaste ruumide pesemiseks. 5S\u00f5rm on kujundatud j\u00e4rgima k\u00e4e kuju ja nagu s\u00f5rmk\u00fcbaral, on sellel iga s\u00f5rme jaoks oma auk. See tagab nii kindla haarde kindast kui ka hea tunde erinevate kujuga s\u00f5idukite puhastamisel. Lisaks on t\u00e4nu s\u00f5rmekohtadele kinnas lihtsam mahtuda ka k\u00f5ige v\u00e4iksematesse pragudesse, kuhu tavalise pesukindaga ligi ei p\u00e4\u00e4se. Mikrokiust pesukinda hall pool on l\u00fchikese karvaga, kuid pehme ning selle tekstuur annab s\u00f5iduki kujudele ja detailidele hea tunde. L\u00fchikesed karvad sobivad suurep\u00e4raselt s\u00f5iduki t\u00f5eliselt m\u00e4\u00e4rdunud osade, n\u00e4iteks velgede puhastamiseks. T\u00e4nu kindalaadsele disainile saab velgi detailselt ja lihtsalt puhastada.<\/p>\n","protected":false},"excerpt":{"rendered":"<p>Car5Unikaalne pesukinnas, mis t\u00e4nu s\u00f5rmekujulisele disainile sobib suurep\u00e4raselt kitsaste pragude puhastamiseks. T\u00e4nu kahepoolsele struktuurile t\u00f6\u00f6tab kinnas nii velgede kui ka v\u00e4rvipinna pesuks!<\/p>\n","protected":false},"featured_media":2761,"comment_status":"closed","ping_status":"open","template":"","meta":{"_monsterinsights_skip_tracking":false,"_monsterinsights_sitenote_active":false,"_monsterinsights_sitenote_note":"","_monsterinsights_sitenote_category":0},"product_brand":[],"product_cat":[35],"product_tag":[],"class_list":{"0":"post-2760","1":"product","2":"type-product","3":"status-publish","4":"has-post-thumbnail","6":"product_cat-puhastusvahendid-autohooldustooted","7":"pa_brand-car5","8":"pa_kasutusotstarve-soiduki-velgede-pesu","9":"pa_pesemine-30-trummelkuivatus-lubatud","10":"pa_uhiku-hind-11-90e-tk","12":"first","13":"onbackorder","14":"taxable","15":"shipping-taxable","16":"purchasable","17":"product-type-simple"},"_links":{"self":[{"href":"https:\/\/chemicalstore.ee\/ru\/wp-json\/wp\/v2\/product\/2760","targetHints":{"allow":["GET"]}}],"collection":[{"href":"https:\/\/chemicalstore.ee\/ru\/wp-json\/wp\/v2\/product"}],"about":[{"href":"https:\/\/chemicalstore.ee\/ru\/wp-json\/wp\/v2\/types\/product"}],"replies":[{"embeddable":true,"href":"https:\/\/chemicalstore.ee\/ru\/wp-json\/wp\/v2\/comments?post=2760"}],"wp:featuredmedia":[{"embeddable":true,"href":"https:\/\/chemicalstore.ee\/ru\/wp-json\/wp\/v2\/media\/2761"}],"wp:attachment":[{"href":"https:\/\/chemicalstore.ee\/ru\/wp-json\/wp\/v2\/media?parent=2760"}],"wp:term":[{"taxonomy":"product_brand","embeddable":true,"href":"https:\/\/chemicalstore.ee\/ru\/wp-json\/wp\/v2\/product_brand?post=2760"},{"taxonomy":"product_cat","embeddable":true,"href":"https:\/\/chemicalstore.ee\/ru\/wp-json\/wp\/v2\/product_cat?post=2760"},{"taxonomy":"product_tag","embeddable":true,"href":"https:\/\/chemicalstore.ee\/ru\/wp-json\/wp\/v2\/product_tag?post=2760"}],"curies":[{"name":"wp","href":"https:\/\/api.w.org\/{rel}","templated":true}]}}