{"id":2754,"date":"2024-10-02T13:10:08","date_gmt":"2024-10-02T13:10:08","guid":{"rendered":"https:\/\/chemicalstore.ee\/toode\/mikrokiudlappall-purpose-towel-car5\/"},"modified":"2024-10-02T13:10:16","modified_gmt":"2024-10-02T13:10:16","slug":"mikrokiudlappall-purpose-towel-car5","status":"publish","type":"product","link":"https:\/\/chemicalstore.ee\/ru\/toode\/mikrokiudlappall-purpose-towel-car5\/","title":{"rendered":"Mikrokiudlapp,All-purpose Towel &#8211; Car5"},"content":{"rendered":"<p>CAR5 t\u00f5eliselt mitmeotstarbeline r\u00e4tik peaaegu k\u00f5igi \u00fclesannete jaoks autos ja kodus. Lapi struktuur on kahepoolne, st \u00fchel k\u00fcljel on \u00fclipehme ja pikk kuid ning teisel pool l\u00fchike, kuid sama pehme kuiga pind. Pika kiuga pool on optimaalne nt vahade \u00e4rap\u00fchkimiseks, tolmu p\u00fchkimiseks, ustevaheliseks kuivatamiseks ja muudeks suurt imemisv\u00f5imsust n\u00f5udvateks t\u00f6\u00f6deks. L\u00fchikese otsaga pool t\u00f6\u00f6tab vastavalt suurep\u00e4raselt erinevatel puhastust\u00f6\u00f6del, klaasikatte ja k\u00f5vastunud vaha mahap\u00fchkimisel ning muudel suuremat puhastusv\u00f5imsust n\u00f5udvatel t\u00f6\u00f6del. Ebemevaba ja t\u00e4iesti \u00f5mblusteta konstruktsioon tagab, et lapp on \u00f5rn ka k\u00f5ige tundlikumatele pindadele, kuna lapil lihtsalt ei j\u00e4\u00e4 kriimustavaid kohti. Lapi suurus on 40 x 40 cm ja paksus 320 gsm.<\/p>\n","protected":false},"excerpt":{"rendered":"<p>Car5Kahepoolse struktuuriga universaalne lapp peaaegu k\u00f5ikideks t\u00f6\u00f6deks autos ja kodus. \u00dcks pool pikkadest v\u00e4ga \u00f5rnadest harjastest ja teine \u200b\u200bpool t\u00f5husamalt puhastavatest l\u00fchikestest harjastest. 320 gsm.<\/p>\n","protected":false},"featured_media":2755,"comment_status":"closed","ping_status":"open","template":"","meta":{"_monsterinsights_skip_tracking":false,"_monsterinsights_sitenote_active":false,"_monsterinsights_sitenote_note":"","_monsterinsights_sitenote_category":0},"product_brand":[],"product_cat":[35],"product_tag":[],"class_list":{"0":"post-2754","1":"product","2":"type-product","3":"status-publish","4":"has-post-thumbnail","6":"product_cat-puhastusvahendid-autohooldustooted","7":"pa_brand-car5","8":"pa_kasutusotstarve-mitmekulgsed-detailingtood-alates-sisepuhastusest-kuni-vahapoleerimise-ja-ustevahelise-kuivatamiseni","9":"pa_materjal-80-poluester-20-poluamiid","10":"pa_uhiku-hind-4-90e-tk","12":"first","13":"onbackorder","14":"taxable","15":"shipping-taxable","16":"purchasable","17":"product-type-simple"},"_links":{"self":[{"href":"https:\/\/chemicalstore.ee\/ru\/wp-json\/wp\/v2\/product\/2754","targetHints":{"allow":["GET"]}}],"collection":[{"href":"https:\/\/chemicalstore.ee\/ru\/wp-json\/wp\/v2\/product"}],"about":[{"href":"https:\/\/chemicalstore.ee\/ru\/wp-json\/wp\/v2\/types\/product"}],"replies":[{"embeddable":true,"href":"https:\/\/chemicalstore.ee\/ru\/wp-json\/wp\/v2\/comments?post=2754"}],"wp:featuredmedia":[{"embeddable":true,"href":"https:\/\/chemicalstore.ee\/ru\/wp-json\/wp\/v2\/media\/2755"}],"wp:attachment":[{"href":"https:\/\/chemicalstore.ee\/ru\/wp-json\/wp\/v2\/media?parent=2754"}],"wp:term":[{"taxonomy":"product_brand","embeddable":true,"href":"https:\/\/chemicalstore.ee\/ru\/wp-json\/wp\/v2\/product_brand?post=2754"},{"taxonomy":"product_cat","embeddable":true,"href":"https:\/\/chemicalstore.ee\/ru\/wp-json\/wp\/v2\/product_cat?post=2754"},{"taxonomy":"product_tag","embeddable":true,"href":"https:\/\/chemicalstore.ee\/ru\/wp-json\/wp\/v2\/product_tag?post=2754"}],"curies":[{"name":"wp","href":"https:\/\/api.w.org\/{rel}","templated":true}]}}