{"id":2750,"date":"2024-10-02T13:10:08","date_gmt":"2024-10-02T13:10:08","guid":{"rendered":"https:\/\/chemicalstore.ee\/toode\/pesusvamm-noodle-car5\/"},"modified":"2024-10-02T13:10:15","modified_gmt":"2024-10-02T13:10:15","slug":"pesusvamm-noodle-car5","status":"publish","type":"product","link":"https:\/\/chemicalstore.ee\/ru\/toode\/pesusvamm-noodle-car5\/","title":{"rendered":"Pesusvamm Noodle &#8211; Car5"},"content":{"rendered":"<p>CAR5 Noodle Sponge on \u0161vamm, mis sobib eriti h\u00e4sti s\u00f5idukite pesemiseks. K\u00e4sna pikad mikrokiust harjased imavad endasse palju pesuainet, nii et svamm ei pea pidevalt pesu\u00e4mbris ligunema. Svammi harjased on struktuurilt pehmed ja painduvad, mist\u00f5ttu see ei kriibi pesu ajal pindu. Nuudlisvamm on suure suurusega, seega sobib see suurep\u00e4raselt ka suuremate s\u00f5idukite pesemiseks. K\u00e4sna tagak\u00fclg on toimsest veidi karedam, seega p\u00fcsib see kindlalt k\u00e4es. Lisaks on svammi keskel tagak\u00fcljel risti pingutav kummipael, mille alla saab k\u00e4e kergesti keermestada ja nii saab svammil olla kindla haarde nii pesemisel kui ka hullamise ajal \u00e4mbris<\/p>\n","protected":false},"excerpt":{"rendered":"<p>Car5Pikkade ja pehmete mikrokiudharjastega varustatud autopesu svamm. Suurep\u00e4rane imamisv\u00f5ime tagab t\u00f5husa pesemise!<\/p>\n","protected":false},"featured_media":2751,"comment_status":"closed","ping_status":"open","template":"","meta":{"_monsterinsights_skip_tracking":false,"_monsterinsights_sitenote_active":false,"_monsterinsights_sitenote_note":"","_monsterinsights_sitenote_category":0},"product_brand":[],"product_cat":[35],"product_tag":[],"class_list":{"0":"post-2750","1":"product","2":"type-product","3":"status-publish","4":"has-post-thumbnail","6":"product_cat-puhastusvahendid-autohooldustooted","7":"pa_brand-car5","8":"pa_kasutusotstarve-autopesu","9":"pa_materjal-mikrokiud","10":"pa_uhiku-hind-9-90e-tk","12":"first","13":"onbackorder","14":"taxable","15":"shipping-taxable","16":"purchasable","17":"product-type-simple"},"_links":{"self":[{"href":"https:\/\/chemicalstore.ee\/ru\/wp-json\/wp\/v2\/product\/2750","targetHints":{"allow":["GET"]}}],"collection":[{"href":"https:\/\/chemicalstore.ee\/ru\/wp-json\/wp\/v2\/product"}],"about":[{"href":"https:\/\/chemicalstore.ee\/ru\/wp-json\/wp\/v2\/types\/product"}],"replies":[{"embeddable":true,"href":"https:\/\/chemicalstore.ee\/ru\/wp-json\/wp\/v2\/comments?post=2750"}],"wp:featuredmedia":[{"embeddable":true,"href":"https:\/\/chemicalstore.ee\/ru\/wp-json\/wp\/v2\/media\/2751"}],"wp:attachment":[{"href":"https:\/\/chemicalstore.ee\/ru\/wp-json\/wp\/v2\/media?parent=2750"}],"wp:term":[{"taxonomy":"product_brand","embeddable":true,"href":"https:\/\/chemicalstore.ee\/ru\/wp-json\/wp\/v2\/product_brand?post=2750"},{"taxonomy":"product_cat","embeddable":true,"href":"https:\/\/chemicalstore.ee\/ru\/wp-json\/wp\/v2\/product_cat?post=2750"},{"taxonomy":"product_tag","embeddable":true,"href":"https:\/\/chemicalstore.ee\/ru\/wp-json\/wp\/v2\/product_tag?post=2750"}],"curies":[{"name":"wp","href":"https:\/\/api.w.org\/{rel}","templated":true}]}}