{"id":2742,"date":"2024-10-02T13:10:08","date_gmt":"2024-10-02T13:10:08","guid":{"rendered":"https:\/\/chemicalstore.ee\/toode\/poleerimislapppolishing-towel-car5\/"},"modified":"2024-10-02T13:10:14","modified_gmt":"2024-10-02T13:10:14","slug":"poleerimislapppolishing-towel-car5","status":"publish","type":"product","link":"https:\/\/chemicalstore.ee\/ru\/toode\/poleerimislapppolishing-towel-car5\/","title":{"rendered":"Poleerimislapp,Polishing Towel &#8211; Car5"},"content":{"rendered":"<p>CAR5 Polishing Towel on pehme ja kohev poleerimislapp, mille pikad kuid muudavad selle \u00fclimalt \u00f5rnaks igale pinnale. Lapi struktuur on optimeeritud \u00f5rna pinnat\u00f6\u00f6tluse jaoks ning see on parim, kui seda kasutatakse n\u00e4iteks vahatamise, katmise v\u00f5i poleerimisega seoses. Lapi \u00f5mblusteta struktuur v\u00f5imaldab lappi muretult kasutada ka tundlikel pindadel, kuna sellel puuduvad omadused, mis v\u00f5iksid t\u00f6\u00f6deldavat pinda t\u00f5en\u00e4oliselt kriimustada. Poleerimislapi suurus on 40 x 40 cm.<\/p>\n","protected":false},"excerpt":{"rendered":"<p>Car5\u00c4\u00e4rmiselt \u00f5rn, pehme ja kohev poleerimislapp! \u00d5mblusteta ja riidevaba konstruktsioon v\u00f5imaldab saada kriimuvaba l\u00f5pptulemust.<\/p>\n","protected":false},"featured_media":2743,"comment_status":"closed","ping_status":"open","template":"","meta":{"_monsterinsights_skip_tracking":false,"_monsterinsights_sitenote_active":false,"_monsterinsights_sitenote_note":"","_monsterinsights_sitenote_category":0},"product_brand":[],"product_cat":[35],"product_tag":[],"class_list":{"0":"post-2742","1":"product","2":"type-product","3":"status-publish","4":"has-post-thumbnail","6":"product_cat-puhastusvahendid-autohooldustooted","7":"pa_brand-car5","8":"pa_kasutusotstarve-vahade-ja-katete-mahapuhkimine","9":"pa_moodud-40-x-40-cm","10":"pa_uhiku-hind-7-90e-tk","12":"first","13":"onbackorder","14":"taxable","15":"shipping-taxable","16":"purchasable","17":"product-type-simple"},"_links":{"self":[{"href":"https:\/\/chemicalstore.ee\/ru\/wp-json\/wp\/v2\/product\/2742","targetHints":{"allow":["GET"]}}],"collection":[{"href":"https:\/\/chemicalstore.ee\/ru\/wp-json\/wp\/v2\/product"}],"about":[{"href":"https:\/\/chemicalstore.ee\/ru\/wp-json\/wp\/v2\/types\/product"}],"replies":[{"embeddable":true,"href":"https:\/\/chemicalstore.ee\/ru\/wp-json\/wp\/v2\/comments?post=2742"}],"wp:featuredmedia":[{"embeddable":true,"href":"https:\/\/chemicalstore.ee\/ru\/wp-json\/wp\/v2\/media\/2743"}],"wp:attachment":[{"href":"https:\/\/chemicalstore.ee\/ru\/wp-json\/wp\/v2\/media?parent=2742"}],"wp:term":[{"taxonomy":"product_brand","embeddable":true,"href":"https:\/\/chemicalstore.ee\/ru\/wp-json\/wp\/v2\/product_brand?post=2742"},{"taxonomy":"product_cat","embeddable":true,"href":"https:\/\/chemicalstore.ee\/ru\/wp-json\/wp\/v2\/product_cat?post=2742"},{"taxonomy":"product_tag","embeddable":true,"href":"https:\/\/chemicalstore.ee\/ru\/wp-json\/wp\/v2\/product_tag?post=2742"}],"curies":[{"name":"wp","href":"https:\/\/api.w.org\/{rel}","templated":true}]}}