{"id":2740,"date":"2024-10-02T13:10:08","date_gmt":"2024-10-02T13:10:08","guid":{"rendered":"https:\/\/chemicalstore.ee\/toode\/leotusainecold-degreaser-5000ml\/"},"modified":"2024-10-02T13:10:13","modified_gmt":"2024-10-02T13:10:13","slug":"leotusainecold-degreaser-5000ml","status":"publish","type":"product","link":"https:\/\/chemicalstore.ee\/ru\/toode\/leotusainecold-degreaser-5000ml\/","title":{"rendered":"Leotusaine,Cold Degreaser &#8211; 5000ml"},"content":{"rendered":"<p>CAR5 Cold Degreaser on k\u00fclm rasvaeemaldusvahend, mis toimib suurep\u00e4raselt eelpuhastajana v\u00f5i seoses eelpuhastusega, eriti pigi- ja t\u00f5rvaplekkide puhul. Aine abil saab aga eemaldada k\u00f5ikv\u00f5imaliku raskema ja kergema mustuse nii auto v\u00e4rvipindadelt kui ka n\u00e4iteks mootoriruumist. Emulgeeriv toime seob omavahel keemilised koostisained, muutes aine \u00fclimalt efektiivseks nt. pigiplekkide, bituumeni, asfaldi, soola, t\u00f5rva ja k\u00f5igi liimi-, \u00f5li- ja rasvap\u00f5histe mustuseosakeste eemaldamiseks. T\u00e4nu oma emulgeerivale koostisele parandab oluliselt ka veega loputamise efektiivsust.<\/p>\n","protected":false},"excerpt":{"rendered":"<p>Car5K\u00fclm rasvaeemaldusvahend, mis on spetsiaalselt ette n\u00e4htud pigi-, t\u00f5rva-, \u00f5li-, liimi- ja rasvap\u00f5histe plekkide t\u00f5husaks eemaldamiseks. V\u00f5ib kasutada nii kuivadel kui m\u00e4rjal pinnal, t\u00f5eliselt t\u00f5hus eelpesuvahend t\u00f5rksa mustuse eemaldamiseks!<\/p>\n","protected":false},"featured_media":2733,"comment_status":"closed","ping_status":"open","template":"","meta":{"_monsterinsights_skip_tracking":false,"_monsterinsights_sitenote_active":false,"_monsterinsights_sitenote_note":"","_monsterinsights_sitenote_category":0},"product_brand":[],"product_cat":[35],"product_tag":[],"class_list":{"0":"post-2740","1":"product","2":"type-product","3":"status-publish","4":"has-post-thumbnail","6":"product_cat-puhastusvahendid-autohooldustooted","7":"pa_brand-car5","8":"pa_kasutus-kasutusvalmis","9":"pa_kasutusotstarve-pigi-torva-liimi-oli-ja-rasvapohiste-plekkide-eemaldamine","10":"pa_uhiku-hind-9-38e-l","12":"first","13":"onbackorder","14":"taxable","15":"shipping-taxable","16":"purchasable","17":"product-type-simple"},"_links":{"self":[{"href":"https:\/\/chemicalstore.ee\/ru\/wp-json\/wp\/v2\/product\/2740","targetHints":{"allow":["GET"]}}],"collection":[{"href":"https:\/\/chemicalstore.ee\/ru\/wp-json\/wp\/v2\/product"}],"about":[{"href":"https:\/\/chemicalstore.ee\/ru\/wp-json\/wp\/v2\/types\/product"}],"replies":[{"embeddable":true,"href":"https:\/\/chemicalstore.ee\/ru\/wp-json\/wp\/v2\/comments?post=2740"}],"wp:featuredmedia":[{"embeddable":true,"href":"https:\/\/chemicalstore.ee\/ru\/wp-json\/wp\/v2\/media\/2733"}],"wp:attachment":[{"href":"https:\/\/chemicalstore.ee\/ru\/wp-json\/wp\/v2\/media?parent=2740"}],"wp:term":[{"taxonomy":"product_brand","embeddable":true,"href":"https:\/\/chemicalstore.ee\/ru\/wp-json\/wp\/v2\/product_brand?post=2740"},{"taxonomy":"product_cat","embeddable":true,"href":"https:\/\/chemicalstore.ee\/ru\/wp-json\/wp\/v2\/product_cat?post=2740"},{"taxonomy":"product_tag","embeddable":true,"href":"https:\/\/chemicalstore.ee\/ru\/wp-json\/wp\/v2\/product_tag?post=2740"}],"curies":[{"name":"wp","href":"https:\/\/api.w.org\/{rel}","templated":true}]}}