{"id":2725,"date":"2024-10-02T13:10:08","date_gmt":"2024-10-02T13:10:08","guid":{"rendered":"https:\/\/chemicalstore.ee\/toode\/lehtersilicone-funnel-car5\/"},"modified":"2024-10-02T13:10:11","modified_gmt":"2024-10-02T13:10:11","slug":"lehtersilicone-funnel-car5","status":"publish","type":"product","link":"https:\/\/chemicalstore.ee\/ru\/toode\/lehtersilicone-funnel-car5\/","title":{"rendered":"Lehter,Silicone Funnel &#8211; Car5"},"content":{"rendered":"<p>CAR5 Lehter teeb palju lihtsamaks pesuaine v\u00f5i muu vedeliku doseerimise n\u00e4iteks vahustajasse v\u00f5i muusse kitsa suuavaga pudelisse. K\u00fcna ehk lehtrit kasutades ei satu pesuvahend maapinnale, seega ei l\u00e4he see ka raisku.Lehter on valmistatud painduvast, kuid samas tugevast silikoonist, nii et see p\u00fcsib kindlalt p\u00fcsti, kui vedelikku sellest l\u00e4bi lasta. Lisaks on seda lehtrit v\u00e4ga lihtne p\u00e4rast kasutamist sooja veega puhastada.Lehter on vastupidav v\u00e4ga erinevatele kemikaalidele, seega saab sellega v\u00e4lja manustada ka lahustip\u00f5hiseid pesuvahendeid. Lehter on j\u00e4rk-j\u00e4rgult kokkupandav, mis t\u00e4hendab, et saate nii valida soovitud doseerimispinna suuruse kui ka k\u00f5ik kokku suruda ladustamiseks. Nii ei v\u00f5ta lehter praktiliselt ruumi ja seda saab hoiustada k\u00f5ikjal.<\/p>\n","protected":false},"excerpt":{"rendered":"<p>Car5Silikoonist kokkupandav lehter, mis h\u00f5lbustab pesuaine v\u00f5i muu vedeliku doseerimist suuremast kanistrist nt pihustuspudelisse v\u00f5i vahustaja paaki. V\u00e4ga lihtne puhastada ja hoiustada!<\/p>\n","protected":false},"featured_media":2726,"comment_status":"closed","ping_status":"open","template":"","meta":{"_monsterinsights_skip_tracking":false,"_monsterinsights_sitenote_active":false,"_monsterinsights_sitenote_note":"","_monsterinsights_sitenote_category":0},"product_brand":[],"product_cat":[46],"product_tag":[],"class_list":{"0":"post-2725","1":"product","2":"type-product","3":"status-publish","4":"has-post-thumbnail","6":"product_cat-autohooldus-muu","7":"pa_brand-car5","8":"pa_kasutusotstarve-pesuainete-doseerimine","9":"pa_materjal-silikon","10":"pa_uhiku-hind-3-90e-tk","12":"first","13":"onbackorder","14":"taxable","15":"shipping-taxable","16":"purchasable","17":"product-type-simple"},"_links":{"self":[{"href":"https:\/\/chemicalstore.ee\/ru\/wp-json\/wp\/v2\/product\/2725","targetHints":{"allow":["GET"]}}],"collection":[{"href":"https:\/\/chemicalstore.ee\/ru\/wp-json\/wp\/v2\/product"}],"about":[{"href":"https:\/\/chemicalstore.ee\/ru\/wp-json\/wp\/v2\/types\/product"}],"replies":[{"embeddable":true,"href":"https:\/\/chemicalstore.ee\/ru\/wp-json\/wp\/v2\/comments?post=2725"}],"wp:featuredmedia":[{"embeddable":true,"href":"https:\/\/chemicalstore.ee\/ru\/wp-json\/wp\/v2\/media\/2726"}],"wp:attachment":[{"href":"https:\/\/chemicalstore.ee\/ru\/wp-json\/wp\/v2\/media?parent=2725"}],"wp:term":[{"taxonomy":"product_brand","embeddable":true,"href":"https:\/\/chemicalstore.ee\/ru\/wp-json\/wp\/v2\/product_brand?post=2725"},{"taxonomy":"product_cat","embeddable":true,"href":"https:\/\/chemicalstore.ee\/ru\/wp-json\/wp\/v2\/product_cat?post=2725"},{"taxonomy":"product_tag","embeddable":true,"href":"https:\/\/chemicalstore.ee\/ru\/wp-json\/wp\/v2\/product_tag?post=2725"}],"curies":[{"name":"wp","href":"https:\/\/api.w.org\/{rel}","templated":true}]}}