{"id":2716,"date":"2024-10-02T13:10:08","date_gmt":"2024-10-02T13:10:08","guid":{"rendered":"https:\/\/chemicalstore.ee\/toode\/klaasipuhastus-kinnasglass-mitt-car5\/"},"modified":"2024-10-02T13:10:10","modified_gmt":"2024-10-02T13:10:10","slug":"klaasipuhastus-kinnasglass-mitt-car5","status":"publish","type":"product","link":"https:\/\/chemicalstore.ee\/ru\/toode\/klaasipuhastus-kinnasglass-mitt-car5\/","title":{"rendered":"Klaasipuhastus kinnas,Glass Mitt &#8211; Car5"},"content":{"rendered":"<p>CAR5 Glass Mitt on klaaspindadele m\u00f5eldud pesukinnas, mille kahepoolne struktuur v\u00f5imaldab nii puhastamist kui ka kristallselget viimistlust. Kinda hall pool on v\u00e4ga l\u00fchikese kiuga mikrokiud, mille abil saab kergesti eemaldada klaasipinnalt ka k\u00f5ige raskema mustuse nagu nikotiinikile ja k\u00fclgekleepunud putukad. Valge pool on seevastu m\u00f5eldud l\u00f5ppviimistluseks ning selle eriti peen vahvlimustriga mikrokiudstruktuur tagab kristallselge triipudeta l\u00f5pptulemuse. Kinda idee seisneb selles, et klaaspindade puhastamine toimub kahes etapis: esmalt puhastatakse pind kinda hallilt k\u00fcljelt, seej\u00e4rel keeratakse kinnas \u00fcmber ja viimistletakse pind triibuvabalt. kinda valge pool. Kindamudel v\u00f5imaldab puhastada ka raskesti ligip\u00e4\u00e4setavaid kohti, n\u00e4iteks tuuleklaasi alumist serva, kuhu tavalise lapiga v\u00f5ib olla raske ligi p\u00e4\u00e4seda. M\u00f5eldud kasutamiseks koos klaasipuhastusvahendiga!<\/p>\n","protected":false},"excerpt":{"rendered":"<p>Car5Kahepoolne kinnas, mis on m\u00f5eldud klaaspindadele. L\u00fchikese mikrokiust karva pool hoolitseb puhastusetapi eest ning vahvlimustriga pool tagab triipudevaba l\u00f5pptulemuse.<\/p>\n","protected":false},"featured_media":2717,"comment_status":"closed","ping_status":"open","template":"","meta":{"_monsterinsights_skip_tracking":false,"_monsterinsights_sitenote_active":false,"_monsterinsights_sitenote_note":"","_monsterinsights_sitenote_category":0},"product_brand":[],"product_cat":[35],"product_tag":[],"class_list":{"0":"post-2716","1":"product","2":"type-product","3":"status-publish","4":"has-post-thumbnail","6":"product_cat-puhastusvahendid-autohooldustooted","7":"pa_brand-car5","8":"pa_kasutusotstarve-autoklaaspindade-puhastus-ja-viimistlus","9":"pa_materjal-mikrokiud","10":"pa_uhiku-hind-10-90e-tk","12":"first","13":"onbackorder","14":"taxable","15":"shipping-taxable","16":"purchasable","17":"product-type-simple"},"_links":{"self":[{"href":"https:\/\/chemicalstore.ee\/ru\/wp-json\/wp\/v2\/product\/2716","targetHints":{"allow":["GET"]}}],"collection":[{"href":"https:\/\/chemicalstore.ee\/ru\/wp-json\/wp\/v2\/product"}],"about":[{"href":"https:\/\/chemicalstore.ee\/ru\/wp-json\/wp\/v2\/types\/product"}],"replies":[{"embeddable":true,"href":"https:\/\/chemicalstore.ee\/ru\/wp-json\/wp\/v2\/comments?post=2716"}],"wp:featuredmedia":[{"embeddable":true,"href":"https:\/\/chemicalstore.ee\/ru\/wp-json\/wp\/v2\/media\/2717"}],"wp:attachment":[{"href":"https:\/\/chemicalstore.ee\/ru\/wp-json\/wp\/v2\/media?parent=2716"}],"wp:term":[{"taxonomy":"product_brand","embeddable":true,"href":"https:\/\/chemicalstore.ee\/ru\/wp-json\/wp\/v2\/product_brand?post=2716"},{"taxonomy":"product_cat","embeddable":true,"href":"https:\/\/chemicalstore.ee\/ru\/wp-json\/wp\/v2\/product_cat?post=2716"},{"taxonomy":"product_tag","embeddable":true,"href":"https:\/\/chemicalstore.ee\/ru\/wp-json\/wp\/v2\/product_tag?post=2716"}],"curies":[{"name":"wp","href":"https:\/\/api.w.org\/{rel}","templated":true}]}}