{"id":2708,"date":"2024-10-02T13:10:08","date_gmt":"2024-10-02T13:10:08","guid":{"rendered":"https:\/\/chemicalstore.ee\/toode\/auto-sampoonbubble-shampoo-500ml\/"},"modified":"2024-10-02T13:10:09","modified_gmt":"2024-10-02T13:10:09","slug":"auto-sampoonbubble-shampoo-500ml","status":"publish","type":"product","link":"https:\/\/chemicalstore.ee\/ru\/toode\/auto-sampoonbubble-shampoo-500ml\/","title":{"rendered":"Auto \u0161ampoon,Bubble Shampoo &#8211; 500ml"},"content":{"rendered":"<p>CAR5 Bubble Shampoo on t\u00f5hus, \u00e4\u00e4rmiselt vahutav ja rohke.PH-ga neutraalne auto\u0161ampoon, mis sobib nii hoolduspesuks kui ka p\u00f5hjalikuks pesuks.Puhastab t\u00f5husalt pestavad pinnad ning moodustab pesuaine ja pestava pinna vahele \u00fclilibeda kihi. See hoiab \u00e4ra mustuse h\u00f5\u00f5rdumise vastu pinda, mis nii h\u00f5lbustab pesemist kui ka ennetab t\u00f5husalt pesukriimustusi. T\u00e4nu tugevale vahutavale omadusele ei kuiva \u0161ampoon ka pinnal nii kiiresti kui paljud teised \u0161ampoonid, mist\u00f5ttu pole autot pestes vaja kiirustada! Vahulisus v\u00f5imaldab ka \u0161ampooni vahustajaga pinnale kanda. Bubble Shampoo on t\u00e4iesti vahakindel, seega ei kuluta \u00e4ra allolevat vahakihti ega katet. Samuti ei j\u00e4ta \u0161ampoon endast maha vaha ega muid kaitseaineid, vaid t\u00e4iesti puhta pinna. Lisaks suurep\u00e4rasele vahutamisele ja t\u00f5eliselt libisevale tekstuurile kroonib pesuhetke h\u00f5rk magus n\u00e4tsul\u00f5hn.<\/p>\n","protected":false},"excerpt":{"rendered":"<p>Car5Tugevalt vahutav ja v\u00e4ga h\u00e4sti mustust eemaldav neutraalne auto\u0161ampoon. Ohutu k\u00f5ikidele pindadele. L\u00f5hnab magusa n\u00e4rimiskummi j\u00e4rele!<\/p>\n","protected":false},"featured_media":2709,"comment_status":"closed","ping_status":"open","template":"","meta":{"_monsterinsights_skip_tracking":false,"_monsterinsights_sitenote_active":false,"_monsterinsights_sitenote_note":"","_monsterinsights_sitenote_category":0},"product_brand":[],"product_cat":[35],"product_tag":[],"class_list":{"0":"post-2708","1":"product","2":"type-product","3":"status-publish","4":"has-post-thumbnail","6":"product_cat-puhastusvahendid-autohooldustooted","7":"pa_brand-car5","8":"pa_kasutusotstarve-auto-kasipesu-peale-eelpesu","9":"pa_lahjendussuhe-lahjendussuhe-1400-1200-500-ml-pudelist-piisab-ca-20-pesukorraks","10":"pa_uhiku-hind-21-80e-l","12":"first","13":"onbackorder","14":"taxable","15":"shipping-taxable","16":"purchasable","17":"product-type-simple"},"_links":{"self":[{"href":"https:\/\/chemicalstore.ee\/ru\/wp-json\/wp\/v2\/product\/2708","targetHints":{"allow":["GET"]}}],"collection":[{"href":"https:\/\/chemicalstore.ee\/ru\/wp-json\/wp\/v2\/product"}],"about":[{"href":"https:\/\/chemicalstore.ee\/ru\/wp-json\/wp\/v2\/types\/product"}],"replies":[{"embeddable":true,"href":"https:\/\/chemicalstore.ee\/ru\/wp-json\/wp\/v2\/comments?post=2708"}],"wp:featuredmedia":[{"embeddable":true,"href":"https:\/\/chemicalstore.ee\/ru\/wp-json\/wp\/v2\/media\/2709"}],"wp:attachment":[{"href":"https:\/\/chemicalstore.ee\/ru\/wp-json\/wp\/v2\/media?parent=2708"}],"wp:term":[{"taxonomy":"product_brand","embeddable":true,"href":"https:\/\/chemicalstore.ee\/ru\/wp-json\/wp\/v2\/product_brand?post=2708"},{"taxonomy":"product_cat","embeddable":true,"href":"https:\/\/chemicalstore.ee\/ru\/wp-json\/wp\/v2\/product_cat?post=2708"},{"taxonomy":"product_tag","embeddable":true,"href":"https:\/\/chemicalstore.ee\/ru\/wp-json\/wp\/v2\/product_tag?post=2708"}],"curies":[{"name":"wp","href":"https:\/\/api.w.org\/{rel}","templated":true}]}}