{"id":2696,"date":"2024-10-02T13:09:51","date_gmt":"2024-10-02T13:09:51","guid":{"rendered":"https:\/\/chemicalstore.ee\/toode\/pesuambercollapsible-15-l-car5\/"},"modified":"2024-10-02T13:10:05","modified_gmt":"2024-10-02T13:10:05","slug":"pesuambercollapsible-15-l-car5","status":"publish","type":"product","link":"https:\/\/chemicalstore.ee\/ru\/toode\/pesuambercollapsible-15-l-car5\/","title":{"rendered":"Pesu\u00e4mber,Collapsible, 15 l &#8211; Car5"},"content":{"rendered":"<p>CAR5 Collapsible Bucket on v\u00e4ga stiilne CAR5 logoga kokkupandav \u00e4mber. T\u00e4nu oma unikaalsele kokkupandavale struktuurile sobib \u00e4mber suurep\u00e4raselt k\u00f5ikidesse autodesse, kuid eelk\u00f5ige on see mugav olukordades, kus \u00e4mbrit tuleb transportida n\u00e4iteks autopesulasse, sest kokkupanduna v\u00f5tab \u00e4mber minimaalselt ruumi. Konstruktsioon on v\u00e4ga nutikalt teostatud nii, et kokkupandavast materjalist on ainult seinad ning \u00e4mbri p\u00f5hi ja \u00fclemise serva \u00fcmber k\u00e4iv karkass on k\u00f5vemast plastikust. Lahendus tagab \u00e4mbri tugevuse ja vastupidavuse pideval kasutamisel. Tugev metallist k\u00e4epide ja polsterdatud kandesang tagavad h\u00f5lpsa kaasaskandmise.\u00e4mbri mahutavus on 15 liitrit, seega piisab mugavalt ka suurematele s\u00f5iduautodele.<\/p>\n","protected":false},"excerpt":{"rendered":"<p>Car5V\u00e4ga stiilne kokkupandav pesu\u00e4mber mahuga 15 liitrit. Kokkupanduna on suurus vaid 5 x 28 cm, saab h\u00f5lpsasti kaasas kanda isegi autos. ME SOOVITAME!<\/p>\n","protected":false},"featured_media":2697,"comment_status":"closed","ping_status":"open","template":"","meta":{"_monsterinsights_skip_tracking":false,"_monsterinsights_sitenote_active":false,"_monsterinsights_sitenote_note":"","_monsterinsights_sitenote_category":0},"product_brand":[],"product_cat":[46],"product_tag":[],"class_list":{"0":"post-2696","1":"product","2":"type-product","3":"status-publish","4":"has-post-thumbnail","6":"product_cat-autohooldus-muu","7":"pa_brand-car5","8":"pa_kasutusotstarve-auto-kasipesu","9":"pa_moodud-avatuna-28-x-28-cm-l-x-k","10":"pa_uhiku-hind-13-90e-tk","12":"first","13":"onbackorder","14":"taxable","15":"shipping-taxable","16":"purchasable","17":"product-type-simple"},"_links":{"self":[{"href":"https:\/\/chemicalstore.ee\/ru\/wp-json\/wp\/v2\/product\/2696","targetHints":{"allow":["GET"]}}],"collection":[{"href":"https:\/\/chemicalstore.ee\/ru\/wp-json\/wp\/v2\/product"}],"about":[{"href":"https:\/\/chemicalstore.ee\/ru\/wp-json\/wp\/v2\/types\/product"}],"replies":[{"embeddable":true,"href":"https:\/\/chemicalstore.ee\/ru\/wp-json\/wp\/v2\/comments?post=2696"}],"wp:featuredmedia":[{"embeddable":true,"href":"https:\/\/chemicalstore.ee\/ru\/wp-json\/wp\/v2\/media\/2697"}],"wp:attachment":[{"href":"https:\/\/chemicalstore.ee\/ru\/wp-json\/wp\/v2\/media?parent=2696"}],"wp:term":[{"taxonomy":"product_brand","embeddable":true,"href":"https:\/\/chemicalstore.ee\/ru\/wp-json\/wp\/v2\/product_brand?post=2696"},{"taxonomy":"product_cat","embeddable":true,"href":"https:\/\/chemicalstore.ee\/ru\/wp-json\/wp\/v2\/product_cat?post=2696"},{"taxonomy":"product_tag","embeddable":true,"href":"https:\/\/chemicalstore.ee\/ru\/wp-json\/wp\/v2\/product_tag?post=2696"}],"curies":[{"name":"wp","href":"https:\/\/api.w.org\/{rel}","templated":true}]}}